{"id":756293,"date":"2025-08-28T07:03:50","date_gmt":"2025-08-28T04:03:50","guid":{"rendered":"https:\/\/roveyayinevi.com.tr\/index.php\/urun\/gece-ucusu-6\/"},"modified":"2026-04-16T03:09:32","modified_gmt":"2026-04-16T00:09:32","slug":"gece-ucusu-6","status":"publish","type":"product","link":"https:\/\/roveyayinevi.com.tr\/index.php\/urun\/gece-ucusu-6\/","title":{"rendered":"Gece U\u00e7u\u015fu"},"content":{"rendered":"<p>Frans\u0131z yazar ve havac\u0131 Antoine de Saint-Exup\u00e9ry taraf\u0131ndan yaz\u0131lm\u0131\u015f olan \u201cGece U\u00e7u\u015fu\u201d, 1931 y\u0131l\u0131nda Femina \u00d6d\u00fcl\u00fc&#8217;n\u00fc kazand\u0131ktan sonra, 1939 y\u0131l\u0131nda sinemaya uyarlanarak geni\u015f kitlelere ula\u015fm\u0131\u015ft\u0131r. Saint-Exup\u00e9ry kitab\u0131 yazarken, \u00f6nde gelen Frans\u0131z hava posta \u015firketlerinden biri olan A\u00e9ropostale i\u00e7in \u00e7al\u0131\u015fan bir pilot olarak kendi deneyimlerinden esinlenmi\u015ftir. Sivil havac\u0131l\u0131\u011f\u0131n ilk d\u00f6nemlerinde ge\u00e7en bu hik\u00e2ye, G\u00fcney Amerika&#8217;n\u0131n tehlikelerle dolu And Da\u011flar\u0131 \u00fczerinde geceleri posta u\u00e7a\u011f\u0131 u\u00e7uran pilotlar\u0131n kar\u015f\u0131la\u015ft\u0131\u011f\u0131 zorluklar\u0131 konu almaktad\u0131r. &#8220;Gece U\u00e7u\u015fu&#8221; hem havac\u0131l\u0131\u011f\u0131n tarihini hem de insan\u0131n i\u00e7sel yolculu\u011funu i\u015fleyerek okuyucular\u0131 derin d\u00fc\u015f\u00fcncelere s\u00fcr\u00fcklerken, yazar\u0131n benzersiz bak\u0131\u015f a\u00e7\u0131s\u0131yla hayat\u0131n anlam\u0131na dair d\u00fc\u015f\u00fcnceleri zenginle\u015ftirmektedir.<\/p>\n","protected":false},"excerpt":{"rendered":"<p>Frans\u0131z yazar ve havac\u0131 Antoine de Saint-Exup\u00e9ry taraf\u0131ndan yaz\u0131lm\u0131\u015f olan \u201cGece U\u00e7u\u015fu\u201d, 1931 y\u0131l\u0131nda Femina \u00d6d\u00fcl\u00fc&#8217;n\u00fc kazand\u0131ktan sonra, 1939 y\u0131l\u0131nda sinemaya uyarlanarak geni\u015f kitlelere ula\u015fm\u0131\u015ft\u0131r. Saint-Exup\u00e9ry<span class=\"excerpt-hellip\"> [\u2026]<\/span><\/p>\n","protected":false},"featured_media":0,"template":"","meta":{"_monsterinsights_skip_tracking":false,"_monsterinsights_sitenote_active":false,"_monsterinsights_sitenote_note":"","_monsterinsights_sitenote_category":0},"product_brand":[],"product_cat":[12291,12711],"product_tag":[],"class_list":{"0":"post-756293","1":"product","2":"type-product","3":"status-publish","5":"product_cat-edebiyat","6":"product_cat-roman-oyku","7":"pa_cilt-ciltsiz","8":"pa_tur-kitap","9":"pa_yayinevi-fark-yayinlari","10":"pa_yazar-antonie-de-saint-exupery","12":"first","13":"instock","14":"sale","15":"shipping-taxable","16":"purchasable","17":"product-type-simple"},"_links":{"self":[{"href":"https:\/\/roveyayinevi.com.tr\/index.php\/wp-json\/wp\/v2\/product\/756293","targetHints":{"allow":["GET"]}}],"collection":[{"href":"https:\/\/roveyayinevi.com.tr\/index.php\/wp-json\/wp\/v2\/product"}],"about":[{"href":"https:\/\/roveyayinevi.com.tr\/index.php\/wp-json\/wp\/v2\/types\/product"}],"wp:attachment":[{"href":"https:\/\/roveyayinevi.com.tr\/index.php\/wp-json\/wp\/v2\/media?parent=756293"}],"wp:term":[{"taxonomy":"product_brand","embeddable":true,"href":"https:\/\/roveyayinevi.com.tr\/index.php\/wp-json\/wp\/v2\/product_brand?post=756293"},{"taxonomy":"product_cat","embeddable":true,"href":"https:\/\/roveyayinevi.com.tr\/index.php\/wp-json\/wp\/v2\/product_cat?post=756293"},{"taxonomy":"product_tag","embeddable":true,"href":"https:\/\/roveyayinevi.com.tr\/index.php\/wp-json\/wp\/v2\/product_tag?post=756293"}],"curies":[{"name":"wp","href":"https:\/\/api.w.org\/{rel}","templated":true}]}}