{"id":756292,"date":"2025-08-28T07:03:49","date_gmt":"2025-08-28T04:03:49","guid":{"rendered":"https:\/\/roveyayinevi.com.tr\/index.php\/urun\/senin-olan-seni-bulur\/"},"modified":"2026-04-16T03:09:32","modified_gmt":"2026-04-16T00:09:32","slug":"senin-olan-seni-bulur","status":"publish","type":"product","link":"https:\/\/roveyayinevi.com.tr\/index.php\/urun\/senin-olan-seni-bulur\/","title":{"rendered":"Senin Olan Seni Bulur"},"content":{"rendered":"<p>A\u015eK B\u00dcY\u00dcK B\u0130R \u015eEY DE\u011e\u0130LD\u0130R, Y\u00dcZLERCE K\u00dc\u00c7\u00dcK \u015eEYD\u0130R. A\u015fk\u0131n karma\u015fas\u0131nda bazen kaybolabilirsin, dikenli yollar\u0131nda yara bere i\u00e7inde kalabilirsin ve bazen kendini t\u00fckenmi\u015f hissedebilirsin. Ama unutma ki sana ait olan hi\u00e7bir \u015feyi kaybetmezsin. Bazen de irili ufakl\u0131 kay\u0131plar verdi\u011fini d\u00fc\u015f\u00fcnebilirsin ancak kaybetti\u011fini sand\u0131\u011f\u0131n hi\u00e7 kimse, hi\u00e7bir \u015fey kay\u0131p de\u011fildir. Ne siyaht\u0131r ne de beyaz, bir renk c\u00fcmb\u00fc\u015f\u00fcd\u00fcr ger\u00e7ek a\u015fk. F\u0131r\u00e7a kullanmadan ya\u015fam\u0131 reng\u00e2renk bir g\u00f6kku\u015fa\u011f\u0131na \u00e7evirebilme sanat\u0131d\u0131r. Notalar\u0131n olmadan kendi m\u00fczi\u011fini besteleyebilmektir, ya\u015fam\u0131 dansa kald\u0131rmakt\u0131r. Zorlamak de\u011fil bulu\u015fmakt\u0131r. Ula\u015fmak de\u011fil yolda olmakt\u0131r. Sana ayna olacak \u015feyi bulmakt\u0131r.Senin olan seni zaten bulacakt\u0131r. Nas\u0131l m\u0131? Kinsun\u2019un kaleme ald\u0131\u011f\u0131 Senin Olan Seni Bulur i\u015fte bu can al\u0131c\u0131 sorunun cevab\u0131n\u0131 veriyor. <\/p>\n","protected":false},"excerpt":{"rendered":"<p>A\u015eK B\u00dcY\u00dcK B\u0130R \u015eEY DE\u011e\u0130LD\u0130R, Y\u00dcZLERCE K\u00dc\u00c7\u00dcK \u015eEYD\u0130R. A\u015fk\u0131n karma\u015fas\u0131nda bazen kaybolabilirsin, dikenli yollar\u0131nda yara bere i\u00e7inde kalabilirsin ve bazen kendini t\u00fckenmi\u015f hissedebilirsin. Ama unutma ki<span class=\"excerpt-hellip\"> [\u2026]<\/span><\/p>\n","protected":false},"featured_media":0,"template":"","meta":{"_monsterinsights_skip_tracking":false,"_monsterinsights_sitenote_active":false,"_monsterinsights_sitenote_note":"","_monsterinsights_sitenote_category":0},"product_brand":[],"product_cat":[12364,12376],"product_tag":[],"class_list":{"0":"post-756292","1":"product","2":"type-product","3":"status-publish","5":"product_cat-genel-konular","6":"product_cat-kisisel-gelisim","7":"pa_cilt-ciltsiz","8":"pa_tur-kitap","9":"pa_yayinevi-destek-yayinlari","10":"pa_yazar-kinsun","12":"first","13":"instock","14":"sale","15":"shipping-taxable","16":"purchasable","17":"product-type-simple"},"_links":{"self":[{"href":"https:\/\/roveyayinevi.com.tr\/index.php\/wp-json\/wp\/v2\/product\/756292","targetHints":{"allow":["GET"]}}],"collection":[{"href":"https:\/\/roveyayinevi.com.tr\/index.php\/wp-json\/wp\/v2\/product"}],"about":[{"href":"https:\/\/roveyayinevi.com.tr\/index.php\/wp-json\/wp\/v2\/types\/product"}],"wp:attachment":[{"href":"https:\/\/roveyayinevi.com.tr\/index.php\/wp-json\/wp\/v2\/media?parent=756292"}],"wp:term":[{"taxonomy":"product_brand","embeddable":true,"href":"https:\/\/roveyayinevi.com.tr\/index.php\/wp-json\/wp\/v2\/product_brand?post=756292"},{"taxonomy":"product_cat","embeddable":true,"href":"https:\/\/roveyayinevi.com.tr\/index.php\/wp-json\/wp\/v2\/product_cat?post=756292"},{"taxonomy":"product_tag","embeddable":true,"href":"https:\/\/roveyayinevi.com.tr\/index.php\/wp-json\/wp\/v2\/product_tag?post=756292"}],"curies":[{"name":"wp","href":"https:\/\/api.w.org\/{rel}","templated":true}]}}