{"id":756290,"date":"2025-08-28T07:03:45","date_gmt":"2025-08-28T04:03:45","guid":{"rendered":"https:\/\/roveyayinevi.com.tr\/index.php\/urun\/yuksek-frekansli-sifa\/"},"modified":"2026-04-16T03:09:32","modified_gmt":"2026-04-16T00:09:32","slug":"yuksek-frekansli-sifa","status":"publish","type":"product","link":"https:\/\/roveyayinevi.com.tr\/index.php\/urun\/yuksek-frekansli-sifa\/","title":{"rendered":"Y\u00fcksek Frekansl\u0131 \u015eifa"},"content":{"rendered":"<p>YA\u015eAMIN MUC\u0130ZELER\u0130 Z\u0130HN\u0130N SINIRLARINDAN \u00c7OK DAHA GEN\u0130\u015eT\u0130R \u201cGer\u00e7ek d\u00f6n\u00fc\u015f\u00fcm i\u00e7in i\u00e7sel enerjinizle ve evrenin sonsuz mucizeleriyle bulu\u015fmaya davetlisiniz\u2026 Elinizde tuttu\u011funuz kitap, ya\u015fam\u0131n her alan\u0131nda mucizeyi deneyimlemeniz i\u00e7in \u00e7akralar\u0131n rehberli\u011finde sizi \u00e7ok \u00f6zel bir yolculu\u011fa \u00e7\u0131kar\u0131yor. Her \u00e7akraya ve aura sistemine \u00f6zel onaylamalar\u0131, meditasyonlar\u0131 ve rit\u00fcelleri uygulad\u0131\u011f\u0131n\u0131zda, hayat\u0131n\u0131za, benli\u011finize, duygu d\u00fcnyan\u0131za, uzak ve yak\u0131n ili\u015fkilerinize dair her \u015fey yerli yerine oturacak\u2026 Hayalini kurdu\u011funuz d\u00f6n\u00fc\u015f\u00fcm, \u00e7akralar\u0131n b\u00fcy\u00fcl\u00fc d\u00fcnyas\u0131nda sizi bekliyor. Bu \u00f6zel yolculukta kendinizle ve \u00e7evrenizle taptaze bir ba\u011f kurmaya, hayata yerle\u015fmeye, bollu\u011fa, sevgiye, hayallerinizi ger\u00e7ekle\u015ftirmeye, y\u00fcksek benli\u011finizle bulu\u015fmaya haz\u0131r olun.\u201d Servet Enerjini Aktive Et kitab\u0131n\u0131n yazar\u0131 G\u00fclis \u00d6zhan Bolat, \u00e7akralar\u0131 en anla\u015f\u0131l\u0131r haliyle anlat\u0131yor ve her bir \u00e7akran\u0131n dengelenmesi i\u00e7in \u00e7ok etkili uygulamalarla bizi, kendimiz \u00fczerinde \u015fefkatle \u00e7al\u0131\u015fmaya motive ediyor. <\/p>\n","protected":false},"excerpt":{"rendered":"<p>YA\u015eAMIN MUC\u0130ZELER\u0130 Z\u0130HN\u0130N SINIRLARINDAN \u00c7OK DAHA GEN\u0130\u015eT\u0130R \u201cGer\u00e7ek d\u00f6n\u00fc\u015f\u00fcm i\u00e7in i\u00e7sel enerjinizle ve evrenin sonsuz mucizeleriyle bulu\u015fmaya davetlisiniz\u2026 Elinizde tuttu\u011funuz kitap, ya\u015fam\u0131n her alan\u0131nda mucizeyi deneyimlemeniz<span class=\"excerpt-hellip\"> [\u2026]<\/span><\/p>\n","protected":false},"featured_media":0,"template":"","meta":{"_monsterinsights_skip_tracking":false,"_monsterinsights_sitenote_active":false,"_monsterinsights_sitenote_note":"","_monsterinsights_sitenote_category":0},"product_brand":[],"product_cat":[12364,12376],"product_tag":[],"class_list":{"0":"post-756290","1":"product","2":"type-product","3":"status-publish","5":"product_cat-genel-konular","6":"product_cat-kisisel-gelisim","7":"pa_cilt-ciltsiz","8":"pa_tur-kitap","9":"pa_yayinevi-destek-yayinlari","10":"pa_yazar-gulis-ozhan-bolat","12":"first","13":"instock","14":"sale","15":"shipping-taxable","16":"purchasable","17":"product-type-simple"},"_links":{"self":[{"href":"https:\/\/roveyayinevi.com.tr\/index.php\/wp-json\/wp\/v2\/product\/756290","targetHints":{"allow":["GET"]}}],"collection":[{"href":"https:\/\/roveyayinevi.com.tr\/index.php\/wp-json\/wp\/v2\/product"}],"about":[{"href":"https:\/\/roveyayinevi.com.tr\/index.php\/wp-json\/wp\/v2\/types\/product"}],"wp:attachment":[{"href":"https:\/\/roveyayinevi.com.tr\/index.php\/wp-json\/wp\/v2\/media?parent=756290"}],"wp:term":[{"taxonomy":"product_brand","embeddable":true,"href":"https:\/\/roveyayinevi.com.tr\/index.php\/wp-json\/wp\/v2\/product_brand?post=756290"},{"taxonomy":"product_cat","embeddable":true,"href":"https:\/\/roveyayinevi.com.tr\/index.php\/wp-json\/wp\/v2\/product_cat?post=756290"},{"taxonomy":"product_tag","embeddable":true,"href":"https:\/\/roveyayinevi.com.tr\/index.php\/wp-json\/wp\/v2\/product_tag?post=756290"}],"curies":[{"name":"wp","href":"https:\/\/api.w.org\/{rel}","templated":true}]}}