{"id":756289,"date":"2025-08-28T07:03:44","date_gmt":"2025-08-28T04:03:44","guid":{"rendered":"https:\/\/roveyayinevi.com.tr\/index.php\/urun\/psikoloji-karikaturleri\/"},"modified":"2026-04-16T03:09:32","modified_gmt":"2026-04-16T00:09:32","slug":"psikoloji-karikaturleri","status":"publish","type":"product","link":"https:\/\/roveyayinevi.com.tr\/index.php\/urun\/psikoloji-karikaturleri\/","title":{"rendered":"Psikoloji Karikat\u00fcrleri"},"content":{"rendered":"<p>Arka kapak olumlamas\u0131:   T\u00fcrkiye\u2019de karikat\u00fcrc\u00fc olmak zordur ama kad\u0131n karikat\u00fcrc\u00fc olmak i\u00e7in bir de ormanda 40 kaplan g\u00fcc\u00fcnde olman\u0131z gerekmektedir.   \u00dclkemizde nadir g\u00f6r\u00fclen bu t\u00fcr\u00fcn son y\u0131llardaki en \u00f6nemli temsilcilerinden Zehra \u00d6mero\u011flu bu kez Psikoloji Karikat\u00fcrleri\u2019yle huzurlar\u0131n\u0131zda.<\/p>\n","protected":false},"excerpt":{"rendered":"<p>Arka kapak olumlamas\u0131: T\u00fcrkiye\u2019de karikat\u00fcrc\u00fc olmak zordur ama kad\u0131n karikat\u00fcrc\u00fc olmak i\u00e7in bir de ormanda 40 kaplan g\u00fcc\u00fcnde olman\u0131z gerekmektedir. \u00dclkemizde nadir g\u00f6r\u00fclen bu t\u00fcr\u00fcn son<span class=\"excerpt-hellip\"> [\u2026]<\/span><\/p>\n","protected":false},"featured_media":0,"template":"","meta":{"_monsterinsights_skip_tracking":false,"_monsterinsights_sitenote_active":false,"_monsterinsights_sitenote_note":"","_monsterinsights_sitenote_category":0},"product_brand":[],"product_cat":[12291,49405],"product_tag":[],"class_list":{"0":"post-756289","1":"product","2":"type-product","3":"status-publish","5":"product_cat-edebiyat","6":"product_cat-karikatur","7":"pa_cilt-ciltsiz","8":"pa_tur-kitap","9":"pa_yayinevi-kara-karga-yayinlari","10":"pa_yazar-zehra-omeroglu","12":"first","13":"instock","14":"sale","15":"shipping-taxable","16":"purchasable","17":"product-type-simple"},"_links":{"self":[{"href":"https:\/\/roveyayinevi.com.tr\/index.php\/wp-json\/wp\/v2\/product\/756289","targetHints":{"allow":["GET"]}}],"collection":[{"href":"https:\/\/roveyayinevi.com.tr\/index.php\/wp-json\/wp\/v2\/product"}],"about":[{"href":"https:\/\/roveyayinevi.com.tr\/index.php\/wp-json\/wp\/v2\/types\/product"}],"wp:attachment":[{"href":"https:\/\/roveyayinevi.com.tr\/index.php\/wp-json\/wp\/v2\/media?parent=756289"}],"wp:term":[{"taxonomy":"product_brand","embeddable":true,"href":"https:\/\/roveyayinevi.com.tr\/index.php\/wp-json\/wp\/v2\/product_brand?post=756289"},{"taxonomy":"product_cat","embeddable":true,"href":"https:\/\/roveyayinevi.com.tr\/index.php\/wp-json\/wp\/v2\/product_cat?post=756289"},{"taxonomy":"product_tag","embeddable":true,"href":"https:\/\/roveyayinevi.com.tr\/index.php\/wp-json\/wp\/v2\/product_tag?post=756289"}],"curies":[{"name":"wp","href":"https:\/\/api.w.org\/{rel}","templated":true}]}}