{"id":756288,"date":"2025-08-28T07:03:42","date_gmt":"2025-08-28T04:03:42","guid":{"rendered":"https:\/\/roveyayinevi.com.tr\/index.php\/urun\/cig-damlalari\/"},"modified":"2026-04-16T03:09:32","modified_gmt":"2026-04-16T00:09:32","slug":"cig-damlalari","status":"publish","type":"product","link":"https:\/\/roveyayinevi.com.tr\/index.php\/urun\/cig-damlalari\/","title":{"rendered":"\u00c7i\u011f Damlalar\u0131"},"content":{"rendered":"<p>HATAY&#8217;DAAlaca karanl\u0131k sabah\u0131n d\u00f6rd\u00fc Her taraf sis boran duman kard\u0131 Etraf\u0131 toz duman bir \u00e7a\u011fk sard\u0131 Sanki mah\u015fer yeri tozdu Hatay&#8217;da Afet oklu fay haar kink Sanki Hatay d\u00f6rde bese yar G\u00fcn \u00e7\u0131plak g\u00f6zle g\u00f6r\u00fcld\u00fc G\u00f6r\u00fclmedik \u00e7a\u011fa yazda Hatay&#8217;daD\u00f6rt bir yandan feryat figan y\u00fckseldi G\u00f6derden s\u00fcz\u00fclen \u00e7a\u011flayan seldi Her haneden \u00fc\u00e7\u00fc d\u00f6rd\u00fc eksidi Yanm\u0131\u015ft\u0131 y\u00fcrekler k\u00f6zd\u00fc Hatay&#8217;da ko\u015ftularUmke afat enkazlara Bir can i\u00e7in molozlan destiler Kirk g\u00fcnl\u00fck bebe\u011fi g\u00f6r\u00fcp \u015fa\u015ft\u0131lar  G\u00f6zden kank ya\u015f\u0131 s\u00fczd\u00fc Hatay&#8217;da Anlad\u0131m ki \u00e7ok \u00f6zlemi\u015fim kendi ortam\u0131m\u0131. Kavu\u015ftum \u00f6zlediklerime\u2026 Peki siz? Hi\u00e7 d\u00fc\u015f\u00fcnd\u00fcn\u00fcz m\u00fc? \u00d6zledikleriniz nerede? Kavu\u015fmak i\u00e7in \u00e7aba sarf ettiniz mi? <\/p>\n","protected":false},"excerpt":{"rendered":"<p>HATAY&#8217;DAAlaca karanl\u0131k sabah\u0131n d\u00f6rd\u00fc Her taraf sis boran duman kard\u0131 Etraf\u0131 toz duman bir \u00e7a\u011fk sard\u0131 Sanki mah\u015fer yeri tozdu Hatay&#8217;da Afet oklu fay haar kink<span class=\"excerpt-hellip\"> [\u2026]<\/span><\/p>\n","protected":false},"featured_media":0,"template":"","meta":{"_monsterinsights_skip_tracking":false,"_monsterinsights_sitenote_active":false,"_monsterinsights_sitenote_note":"","_monsterinsights_sitenote_category":0},"product_brand":[],"product_cat":[12291,12509],"product_tag":[],"class_list":{"0":"post-756288","1":"product","2":"type-product","3":"status-publish","5":"product_cat-edebiyat","6":"product_cat-siir","7":"pa_cilt-ciltsiz","8":"pa_tur-kitap","9":"pa_yayinevi-vaveyla-yayincilik","10":"pa_yazar-narin-altan-menekse","12":"first","13":"instock","14":"sale","15":"shipping-taxable","16":"purchasable","17":"product-type-simple"},"_links":{"self":[{"href":"https:\/\/roveyayinevi.com.tr\/index.php\/wp-json\/wp\/v2\/product\/756288","targetHints":{"allow":["GET"]}}],"collection":[{"href":"https:\/\/roveyayinevi.com.tr\/index.php\/wp-json\/wp\/v2\/product"}],"about":[{"href":"https:\/\/roveyayinevi.com.tr\/index.php\/wp-json\/wp\/v2\/types\/product"}],"wp:attachment":[{"href":"https:\/\/roveyayinevi.com.tr\/index.php\/wp-json\/wp\/v2\/media?parent=756288"}],"wp:term":[{"taxonomy":"product_brand","embeddable":true,"href":"https:\/\/roveyayinevi.com.tr\/index.php\/wp-json\/wp\/v2\/product_brand?post=756288"},{"taxonomy":"product_cat","embeddable":true,"href":"https:\/\/roveyayinevi.com.tr\/index.php\/wp-json\/wp\/v2\/product_cat?post=756288"},{"taxonomy":"product_tag","embeddable":true,"href":"https:\/\/roveyayinevi.com.tr\/index.php\/wp-json\/wp\/v2\/product_tag?post=756288"}],"curies":[{"name":"wp","href":"https:\/\/api.w.org\/{rel}","templated":true}]}}