{"id":756287,"date":"2025-08-28T07:03:40","date_gmt":"2025-08-28T04:03:40","guid":{"rendered":"https:\/\/roveyayinevi.com.tr\/index.php\/urun\/kerpic-receli\/"},"modified":"2026-04-16T03:09:32","modified_gmt":"2026-04-16T00:09:32","slug":"kerpic-receli","status":"publish","type":"product","link":"https:\/\/roveyayinevi.com.tr\/index.php\/urun\/kerpic-receli\/","title":{"rendered":"Kerpi\u00e7 Re\u00e7eli"},"content":{"rendered":"<p>RE\u00c7EL TADINDA B\u0130R DRAM G\u00dcZELLEMES\u0130\u2026 \u201cKar\u015f\u0131mda duran k\u00fc\u00e7\u00fcmseyerek bakt\u0131\u011f\u0131m bu kerpi\u00e7 ev benimdi. Ona yana\u015fan sevgiye muhta\u00e7 incir a\u011fac\u0131 da. Sahip oldu\u011fumuz, elimizde kalan t\u00fcm varl\u0131\u011f\u0131m\u0131zla sat\u0131n alm\u0131\u015ft\u0131k hepsini. Sanki bu minik bah\u00e7e b\u00fcy\u00fck bir kazand\u0131. Kaynat\u0131yordum \u015feker tad\u0131nda avuntular\u0131mla t\u00fcm dertlerimi. Bir yandan kavanozlara hapsetmi\u015f, karak\u0131\u015fa sakl\u0131yordum. En \u00e7aresiz g\u00fcnlerimde yiyecektim kerpi\u00e7 re\u00e7elini.\u201d Nagehan Kru\u00e7 \u015eeremet, \u00f6zg\u00fcnl\u00fc\u011f\u00fc ilk roman\u0131n \u00e7ok \u00f6tesinde olan bu eserinde, okuru etkili \u00fcslubuyla \u00dcsk\u00fcp\u2019ten \u0130stanbul\u2019a uzanan bir zaman yolculu\u011funa \u00e7\u0131kar\u0131yor. Kerpi\u00e7 Re\u00e7eli, ge\u00e7mi\u015f-\u015fimdi-gelecek \u00fc\u00e7geninde re\u00e7el kavanozlar\u0131ndan ortak haf\u0131zam\u0131z\u0131n derinliklerine s\u00fcz\u00fclen ger\u00e7ek bir hayat hik\u00e2yesi. \u201cDosyay\u0131 tamamlad\u0131\u011f\u0131mda art\u0131k bilgisayar\u0131m\u0131n kapa\u011f\u0131n\u0131 her a\u00e7t\u0131\u011f\u0131mda selamla\u015ft\u0131\u011f\u0131m s\u0131radan bir Word dosyas\u0131 olmad\u0131\u011f\u0131n\u0131n fark\u0131na varm\u0131\u015ft\u0131m. Kerpi\u00e7 Re\u00e7eli art\u0131k herkesin okumas\u0131, tad\u0131na varmas\u0131 gereken re\u00e7el tad\u0131nda bir dramd\u0131. Hepimizin her g\u00fcn umutla hayata tutunup ya\u015famaktan b\u0131kmad\u0131\u011f\u0131&#8230;\u201d Nagehan Kru\u00e7 \u015eeremet <\/p>\n","protected":false},"excerpt":{"rendered":"<p>RE\u00c7EL TADINDA B\u0130R DRAM G\u00dcZELLEMES\u0130\u2026 \u201cKar\u015f\u0131mda duran k\u00fc\u00e7\u00fcmseyerek bakt\u0131\u011f\u0131m bu kerpi\u00e7 ev benimdi. Ona yana\u015fan sevgiye muhta\u00e7 incir a\u011fac\u0131 da. Sahip oldu\u011fumuz, elimizde kalan t\u00fcm varl\u0131\u011f\u0131m\u0131zla<span class=\"excerpt-hellip\"> [\u2026]<\/span><\/p>\n","protected":false},"featured_media":0,"template":"","meta":{"_monsterinsights_skip_tracking":false,"_monsterinsights_sitenote_active":false,"_monsterinsights_sitenote_note":"","_monsterinsights_sitenote_category":0},"product_brand":[],"product_cat":[12291,12711],"product_tag":[],"class_list":{"0":"post-756287","1":"product","2":"type-product","3":"status-publish","5":"product_cat-edebiyat","6":"product_cat-roman-oyku","7":"pa_cilt-ciltsiz","8":"pa_tur-kitap","9":"pa_yayinevi-destek-yayinlari","10":"pa_yazar-nagehan-kruc-seremet","12":"first","13":"instock","14":"sale","15":"shipping-taxable","16":"purchasable","17":"product-type-simple"},"_links":{"self":[{"href":"https:\/\/roveyayinevi.com.tr\/index.php\/wp-json\/wp\/v2\/product\/756287","targetHints":{"allow":["GET"]}}],"collection":[{"href":"https:\/\/roveyayinevi.com.tr\/index.php\/wp-json\/wp\/v2\/product"}],"about":[{"href":"https:\/\/roveyayinevi.com.tr\/index.php\/wp-json\/wp\/v2\/types\/product"}],"wp:attachment":[{"href":"https:\/\/roveyayinevi.com.tr\/index.php\/wp-json\/wp\/v2\/media?parent=756287"}],"wp:term":[{"taxonomy":"product_brand","embeddable":true,"href":"https:\/\/roveyayinevi.com.tr\/index.php\/wp-json\/wp\/v2\/product_brand?post=756287"},{"taxonomy":"product_cat","embeddable":true,"href":"https:\/\/roveyayinevi.com.tr\/index.php\/wp-json\/wp\/v2\/product_cat?post=756287"},{"taxonomy":"product_tag","embeddable":true,"href":"https:\/\/roveyayinevi.com.tr\/index.php\/wp-json\/wp\/v2\/product_tag?post=756287"}],"curies":[{"name":"wp","href":"https:\/\/api.w.org\/{rel}","templated":true}]}}