{"id":756285,"date":"2025-08-28T07:03:37","date_gmt":"2025-08-28T04:03:37","guid":{"rendered":"https:\/\/roveyayinevi.com.tr\/index.php\/urun\/medeniyet-tartismalari-ii\/"},"modified":"2026-04-16T03:09:32","modified_gmt":"2026-04-16T00:09:32","slug":"medeniyet-tartismalari-ii","status":"publish","type":"product","link":"https:\/\/roveyayinevi.com.tr\/index.php\/urun\/medeniyet-tartismalari-ii\/","title":{"rendered":"Medeniyet Tart\u0131\u015fmalar\u0131 II"},"content":{"rendered":"<p>\u00b7         G\u00d6N\u00dcL MEDEN\u0130YET\u0130 VE D\u0130L   \u00b7         MEDENIYYET or HADARAH? A Conceptual Study and Contemporary Responses   \u00b7         MEDEN\u0130YET M\u0130 HADARE M\u0130? Kavramsal Bir \u00c7al\u0131\u015fma ve G\u00fcncel Yan\u0131tlar   \u00b7         MEDEN\u0130YET \u0130DD\u0130ASIYLA KAYIP Y\u00dcZ\u00dc\u011e\u00dc ARARKEN Hegel\u2019in \u201cFanatik\u201d \u0130slam\u2019\u0131   \u00b7         T\u00dcRK MEDEN\u0130YET\u0130N\u0130N YEN\u0130DEN \u0130N\u015eASINDA ERDEMLER S\u0130YASET\u0130   \u00b7         GOETHE\u2019N\u0130N WELTLITERATUR KAVRAMI I\u015eI\u011eINDA MEDEN\u0130YETLER KAR\u015eILA\u015eMASI   \u00b7         MEDEN\u0130YET: \u201cKEND\u0130 OLMA\u201d YOLUNUN \u0130STEN\u00c7L\u0130 VE CO\u015eKULU Y\u00dcR\u00dcY\u00dc\u015e\u00dcN\u00dcN Z\u0130RVES\u0130   \u00b7         D\u00dcNYA UYGARLIKLARI \u0130\u00c7\u0130NDE AFR\u0130KA MEDEN\u0130YETLER\u0130   \u00b7         THE LANGUAGE VOYAGE \u2013 A BOSNIAN CASE STUDY   \u00b7         D\u0130L YOLCULU\u011eU \u2013 BOSNALI B\u0130R VAKA \u00c7ALI\u015eMASI   \u00b7         TARIM MEDEN\u0130YET\u0130 VE \u0130NSANLIK TAR\u0130H\u0130NE ETK\u0130S\u0130   \u00b7         RUMEL\u0130\u2019DEK\u0130 T\u00dcRK \u015eEH\u0130R MEDEN\u0130YET\u0130N\u0130N YERLE\u015eME ESASLARI   \u00b7         T\u00dcRK MEDEN\u0130YET\u0130N\u0130N GELECE\u011e\u0130: YABANCILA\u015eMADAN ARINMI\u015e B\u0130R MEDEN\u0130YET \u0130DEAL\u0130   \u00b7         BOZBAY T\u00dcRK MEDEN\u0130YET\u0130NDE KOZMOLOJ\u0130K YAKLA\u015eIM TANRI-DEVLET TASAVVURLARI   \u00b7         T\u00dcRKLER\u0130N \u0130LK MEDEN\u0130 S\u00d6ZC\u00dc\u011e\u00dc \u201cUS\u201d <\/p>\n","protected":false},"excerpt":{"rendered":"<p>\u00b7 G\u00d6N\u00dcL MEDEN\u0130YET\u0130 VE D\u0130L \u00b7 MEDENIYYET or HADARAH? A Conceptual Study and Contemporary Responses \u00b7 MEDEN\u0130YET M\u0130 HADARE M\u0130? Kavramsal Bir \u00c7al\u0131\u015fma ve G\u00fcncel Yan\u0131tlar<span class=\"excerpt-hellip\"> [\u2026]<\/span><\/p>\n","protected":false},"featured_media":0,"template":"","meta":{"_monsterinsights_skip_tracking":false,"_monsterinsights_sitenote_active":false,"_monsterinsights_sitenote_note":"","_monsterinsights_sitenote_category":0},"product_brand":[],"product_cat":[12573,12566],"product_tag":[],"class_list":{"0":"post-756285","1":"product","2":"type-product","3":"status-publish","5":"product_cat-akademik-kitaplar","6":"product_cat-egitim","7":"pa_cilt-ciltsiz","8":"pa_tur-kitap","9":"pa_yayinevi-gazi-kitabevi","10":"pa_yazar-aysegul-dogrucan","12":"first","13":"instock","14":"sale","15":"shipping-taxable","16":"purchasable","17":"product-type-simple"},"_links":{"self":[{"href":"https:\/\/roveyayinevi.com.tr\/index.php\/wp-json\/wp\/v2\/product\/756285","targetHints":{"allow":["GET"]}}],"collection":[{"href":"https:\/\/roveyayinevi.com.tr\/index.php\/wp-json\/wp\/v2\/product"}],"about":[{"href":"https:\/\/roveyayinevi.com.tr\/index.php\/wp-json\/wp\/v2\/types\/product"}],"wp:attachment":[{"href":"https:\/\/roveyayinevi.com.tr\/index.php\/wp-json\/wp\/v2\/media?parent=756285"}],"wp:term":[{"taxonomy":"product_brand","embeddable":true,"href":"https:\/\/roveyayinevi.com.tr\/index.php\/wp-json\/wp\/v2\/product_brand?post=756285"},{"taxonomy":"product_cat","embeddable":true,"href":"https:\/\/roveyayinevi.com.tr\/index.php\/wp-json\/wp\/v2\/product_cat?post=756285"},{"taxonomy":"product_tag","embeddable":true,"href":"https:\/\/roveyayinevi.com.tr\/index.php\/wp-json\/wp\/v2\/product_tag?post=756285"}],"curies":[{"name":"wp","href":"https:\/\/api.w.org\/{rel}","templated":true}]}}