{"id":756280,"date":"2025-08-28T07:03:31","date_gmt":"2025-08-28T04:03:31","guid":{"rendered":"https:\/\/roveyayinevi.com.tr\/index.php\/urun\/kadin-ve-devlet-sorun-ve-cozum-temelinde-bir-suret\/"},"modified":"2026-04-16T03:09:32","modified_gmt":"2026-04-16T00:09:32","slug":"kadin-ve-devlet-sorun-ve-cozum-temelinde-bir-suret","status":"publish","type":"product","link":"https:\/\/roveyayinevi.com.tr\/index.php\/urun\/kadin-ve-devlet-sorun-ve-cozum-temelinde-bir-suret\/","title":{"rendered":"Kadin Ve Devlet -Sorun Ve \u00c7\u00f6z\u00fcm Temelinde Bir Suret"},"content":{"rendered":"<p>T\u00dcRK\u0130YE\u2019DE YAPILAN 14 MAYIS 2023 SE\u00c7\u0130MLER\u0130NDE \u0130TT\u0130FAK PART\u0130LER\u0130   CUMHURBA\u015eKANI ADAYLARININ KADIN SE\u00c7MENE Y\u00d6NEL\u0130K POL\u0130T\u0130KALARININ YORUMLANMASI   KADIN YOKSULLU\u011eU   YEREL KAMU POL\u0130T\u0130KALARINDA TOPLUMSAL C\u0130NS\u0130YET UYGULAMALARI: YEREL E\u015e\u0130TL\u0130K EYLEM PLANLARI   DI\u015e POL\u0130T\u0130KADA KADININ DE\u011e\u0130\u015eEN ROL\u00dc: EL\u0130N\u0130N HAMURUYLA DI\u015e POL\u0130T\u0130KA \u0130N\u015eA ETMEK   KADIN G\u0130R\u0130\u015e\u0130MC\u0130L\u0130\u011e\u0130 VE DEVLET\u0130N E\u015e\u0130TL\u0130K POL\u0130T\u0130KALARI: FIRSAT E\u015e\u0130TL\u0130\u011e\u0130 \u0130\u00c7\u0130N SA\u011eLANAN DESTEKLER   T\u00dcRK\u0130YE\u2019DE S\u0130YAS\u0130 PART\u0130LER\u0130N KADINLARA Y\u00d6NEL\u0130K POL\u0130T\u0130KALARI: 27. D\u00d6NEM TBMM KANUN TEKL\u0130FLER\u0130 \u00dcZER\u0130NDEN B\u0130R \u0130NCELEME     T\u00dcRK\u0130YE\u2019DE 1980 SONRASI A\u0130LE POL\u0130T\u0130KALARINDA KADININ KONUMU TARIMDA KADIN YOKSULLU\u011eU <\/p>\n","protected":false},"excerpt":{"rendered":"<p>T\u00dcRK\u0130YE\u2019DE YAPILAN 14 MAYIS 2023 SE\u00c7\u0130MLER\u0130NDE \u0130TT\u0130FAK PART\u0130LER\u0130 CUMHURBA\u015eKANI ADAYLARININ KADIN SE\u00c7MENE Y\u00d6NEL\u0130K POL\u0130T\u0130KALARININ YORUMLANMASI KADIN YOKSULLU\u011eU YEREL KAMU POL\u0130T\u0130KALARINDA TOPLUMSAL C\u0130NS\u0130YET UYGULAMALARI: YEREL E\u015e\u0130TL\u0130K EYLEM<span class=\"excerpt-hellip\"> [\u2026]<\/span><\/p>\n","protected":false},"featured_media":0,"template":"","meta":{"_monsterinsights_skip_tracking":false,"_monsterinsights_sitenote_active":false,"_monsterinsights_sitenote_note":"","_monsterinsights_sitenote_category":0},"product_brand":[],"product_cat":[12573,12566],"product_tag":[],"class_list":{"0":"post-756280","1":"product","2":"type-product","3":"status-publish","5":"product_cat-akademik-kitaplar","6":"product_cat-egitim","7":"pa_cilt-ciltsiz","8":"pa_tur-kitap","9":"pa_yayinevi-gazi-kitabevi","10":"pa_yazar-kolektif","12":"first","13":"instock","14":"sale","15":"shipping-taxable","16":"purchasable","17":"product-type-simple"},"_links":{"self":[{"href":"https:\/\/roveyayinevi.com.tr\/index.php\/wp-json\/wp\/v2\/product\/756280","targetHints":{"allow":["GET"]}}],"collection":[{"href":"https:\/\/roveyayinevi.com.tr\/index.php\/wp-json\/wp\/v2\/product"}],"about":[{"href":"https:\/\/roveyayinevi.com.tr\/index.php\/wp-json\/wp\/v2\/types\/product"}],"wp:attachment":[{"href":"https:\/\/roveyayinevi.com.tr\/index.php\/wp-json\/wp\/v2\/media?parent=756280"}],"wp:term":[{"taxonomy":"product_brand","embeddable":true,"href":"https:\/\/roveyayinevi.com.tr\/index.php\/wp-json\/wp\/v2\/product_brand?post=756280"},{"taxonomy":"product_cat","embeddable":true,"href":"https:\/\/roveyayinevi.com.tr\/index.php\/wp-json\/wp\/v2\/product_cat?post=756280"},{"taxonomy":"product_tag","embeddable":true,"href":"https:\/\/roveyayinevi.com.tr\/index.php\/wp-json\/wp\/v2\/product_tag?post=756280"}],"curies":[{"name":"wp","href":"https:\/\/api.w.org\/{rel}","templated":true}]}}