{"id":756279,"date":"2025-08-28T07:03:30","date_gmt":"2025-08-28T04:03:30","guid":{"rendered":"https:\/\/roveyayinevi.com.tr\/index.php\/urun\/disiplinlerarasi-perspektiften-iklim-degisikligi\/"},"modified":"2026-04-16T03:09:32","modified_gmt":"2026-04-16T00:09:32","slug":"disiplinlerarasi-perspektiften-iklim-degisikligi","status":"publish","type":"product","link":"https:\/\/roveyayinevi.com.tr\/index.php\/urun\/disiplinlerarasi-perspektiften-iklim-degisikligi\/","title":{"rendered":"Disiplinleraras\u0131 Perspektiften \u201c\u0130klim De\u011fi\u015fikli\u011fi\u201d"},"content":{"rendered":"<p>\u0130\u00e7indekiler   B\u0130R\u0130NC\u0130 B\u00d6L\u00dcM \u0130klim De\u011fi\u015fikli\u011finin Ekonomik Etkileri: T\u00fcrkiye \u0130\u00e7in Bir De\u011ferlendirme   \u0130K\u0130NC\u0130 B\u00d6L\u00dcM S\u00fcrd\u00fcr\u00fclebilirlik ve Ekoturizm: TaTuTa Projesi   \u00dc\u00c7\u00dcNC\u00dc B\u00d6L\u00dcM At\u0131k Y\u00f6netimi Hiyerar\u015fisi ve S\u0131f\u0131r At\u0131k Uygulamas\u0131   D\u00d6RD\u00dcNC\u00dc B\u00d6L\u00dcM Yeni End\u00fcstrile\u015fen \u00dclkelerde Do\u011frudan Yabanc\u0131 Yat\u0131r\u0131m, Sa\u011fl\u0131k Harcamalar\u0131 ve \u00c7evre Kirlili\u011fi \u0130li\u015fkisi   BE\u015e\u0130NC\u0130 B\u00d6L\u00dcM G-10 \u00dclkelerinde Geleceksiz B\u00fcy\u00fcmenin \u0130klim De\u011fi\u015fikli\u011fine Etkisi   ALTINCI B\u00d6L\u00dcM \u0130klim De\u011fi\u015fikli\u011fi Problemi ve Pazarlama Alan\u0131nda \u00c7\u00f6z\u00fcm \u00d6nerileri   YED\u0130NC\u0130 B\u00d6L\u00dcM \u0130klim De\u011fi\u015fikli\u011fi ve \u00c7evre Muhasebesi   SEK\u0130Z\u0130NC\u0130 B\u00d6L\u00dcM \u0130klim De\u011fi\u015fikli\u011fiyle M\u00fccadelede Karbon Emisyon Sertifikalar\u0131 ve Muhasebe Uygulamalar\u0131   DOKUZUNCU B\u00d6L\u00dcM Afet Y\u00f6netimi Kapsam\u0131nda Yenilenebilir Enerjinin S\u00fcrd\u00fcr\u00fclebilir Kalk\u0131nmaya Etkisi ve Uluslararas\u0131 Politikalar   ONUNCU B\u00d6L\u00dcM \u0130klim De\u011fi\u015fikli\u011finin \u00c7ocuk Sa\u011fl\u0131\u011f\u0131 \u00dczerine Etkileri   ONB\u0130R\u0130NC\u0130 B\u00d6L\u00dcM \u0130klim De\u011fi\u015fikli\u011finin \u00c7ocuklar\u0131n Ruh Sa\u011fl\u0131\u011f\u0131 \u00dczerine Etkileri   ON\u0130K\u0130NC\u0130 B\u00d6L\u00dcM Sosyal Bilgiler \u00d6\u011fretiminde 5E Modeline G\u00f6re Haz\u0131rlanan Disiplinleraras\u0131 \u00d6\u011fretim Yakla\u015f\u0131m\u0131na Dayal\u0131 \u00d6rnek Bir Mod\u00fcl: \u201cSuyun Pe\u015finde\u201d <\/p>\n","protected":false},"excerpt":{"rendered":"<p>\u0130\u00e7indekiler B\u0130R\u0130NC\u0130 B\u00d6L\u00dcM \u0130klim De\u011fi\u015fikli\u011finin Ekonomik Etkileri: T\u00fcrkiye \u0130\u00e7in Bir De\u011ferlendirme \u0130K\u0130NC\u0130 B\u00d6L\u00dcM S\u00fcrd\u00fcr\u00fclebilirlik ve Ekoturizm: TaTuTa Projesi \u00dc\u00c7\u00dcNC\u00dc B\u00d6L\u00dcM At\u0131k Y\u00f6netimi Hiyerar\u015fisi ve S\u0131f\u0131r At\u0131k<span class=\"excerpt-hellip\"> [\u2026]<\/span><\/p>\n","protected":false},"featured_media":0,"template":"","meta":{"_monsterinsights_skip_tracking":false,"_monsterinsights_sitenote_active":false,"_monsterinsights_sitenote_note":"","_monsterinsights_sitenote_category":0},"product_brand":[],"product_cat":[12573,12566],"product_tag":[],"class_list":{"0":"post-756279","1":"product","2":"type-product","3":"status-publish","5":"product_cat-akademik-kitaplar","6":"product_cat-egitim","7":"pa_cilt-ciltsiz","8":"pa_tur-kitap","9":"pa_yayinevi-gazi-kitabevi","10":"pa_yazar-kolektif","12":"first","13":"instock","14":"sale","15":"shipping-taxable","16":"purchasable","17":"product-type-simple"},"_links":{"self":[{"href":"https:\/\/roveyayinevi.com.tr\/index.php\/wp-json\/wp\/v2\/product\/756279","targetHints":{"allow":["GET"]}}],"collection":[{"href":"https:\/\/roveyayinevi.com.tr\/index.php\/wp-json\/wp\/v2\/product"}],"about":[{"href":"https:\/\/roveyayinevi.com.tr\/index.php\/wp-json\/wp\/v2\/types\/product"}],"wp:attachment":[{"href":"https:\/\/roveyayinevi.com.tr\/index.php\/wp-json\/wp\/v2\/media?parent=756279"}],"wp:term":[{"taxonomy":"product_brand","embeddable":true,"href":"https:\/\/roveyayinevi.com.tr\/index.php\/wp-json\/wp\/v2\/product_brand?post=756279"},{"taxonomy":"product_cat","embeddable":true,"href":"https:\/\/roveyayinevi.com.tr\/index.php\/wp-json\/wp\/v2\/product_cat?post=756279"},{"taxonomy":"product_tag","embeddable":true,"href":"https:\/\/roveyayinevi.com.tr\/index.php\/wp-json\/wp\/v2\/product_tag?post=756279"}],"curies":[{"name":"wp","href":"https:\/\/api.w.org\/{rel}","templated":true}]}}