{"id":756278,"date":"2025-08-28T07:03:29","date_gmt":"2025-08-28T04:03:29","guid":{"rendered":"https:\/\/roveyayinevi.com.tr\/index.php\/urun\/fiziksel-aktivite-ve-obezite-farkindalik-arasindaki-iliskinin-incelenmesi\/"},"modified":"2026-04-16T03:09:31","modified_gmt":"2026-04-16T00:09:31","slug":"fiziksel-aktivite-ve-obezite-farkindalik-arasindaki-iliskinin-incelenmesi","status":"publish","type":"product","link":"https:\/\/roveyayinevi.com.tr\/index.php\/urun\/fiziksel-aktivite-ve-obezite-farkindalik-arasindaki-iliskinin-incelenmesi\/","title":{"rendered":"Fiziksel Aktivite Ve Obezite Fark\u0131ndal\u0131k Aras\u0131ndaki \u0130li\u015fkinin \u0130ncelenmesi"},"content":{"rendered":"<p>1. G\u0130R\u0130\u015e             2. GENEL B\u0130LG\u0130LER             3. MATERYAL ve METOT             4. BULGULAR             5. TARTI\u015eMA SONU\u00c7 ve \u00d6NER\u0130LER <\/p>\n","protected":false},"excerpt":{"rendered":"<p>1. G\u0130R\u0130\u015e 2. GENEL B\u0130LG\u0130LER 3. MATERYAL ve METOT 4. BULGULAR 5. TARTI\u015eMA SONU\u00c7 ve \u00d6NER\u0130LER<\/p>\n","protected":false},"featured_media":0,"template":"","meta":{"_monsterinsights_skip_tracking":false,"_monsterinsights_sitenote_active":false,"_monsterinsights_sitenote_note":"","_monsterinsights_sitenote_category":0},"product_brand":[],"product_cat":[12573,12566],"product_tag":[],"class_list":{"0":"post-756278","1":"product","2":"type-product","3":"status-publish","5":"product_cat-akademik-kitaplar","6":"product_cat-egitim","7":"pa_cilt-ciltsiz","8":"pa_tur-kitap","9":"pa_yayinevi-gazi-kitabevi","10":"pa_yazar-gulsah-sedef-mehmet-yildirim","12":"first","13":"instock","14":"sale","15":"shipping-taxable","16":"purchasable","17":"product-type-simple"},"_links":{"self":[{"href":"https:\/\/roveyayinevi.com.tr\/index.php\/wp-json\/wp\/v2\/product\/756278","targetHints":{"allow":["GET"]}}],"collection":[{"href":"https:\/\/roveyayinevi.com.tr\/index.php\/wp-json\/wp\/v2\/product"}],"about":[{"href":"https:\/\/roveyayinevi.com.tr\/index.php\/wp-json\/wp\/v2\/types\/product"}],"wp:attachment":[{"href":"https:\/\/roveyayinevi.com.tr\/index.php\/wp-json\/wp\/v2\/media?parent=756278"}],"wp:term":[{"taxonomy":"product_brand","embeddable":true,"href":"https:\/\/roveyayinevi.com.tr\/index.php\/wp-json\/wp\/v2\/product_brand?post=756278"},{"taxonomy":"product_cat","embeddable":true,"href":"https:\/\/roveyayinevi.com.tr\/index.php\/wp-json\/wp\/v2\/product_cat?post=756278"},{"taxonomy":"product_tag","embeddable":true,"href":"https:\/\/roveyayinevi.com.tr\/index.php\/wp-json\/wp\/v2\/product_tag?post=756278"}],"curies":[{"name":"wp","href":"https:\/\/api.w.org\/{rel}","templated":true}]}}