{"id":756276,"date":"2025-08-28T07:03:26","date_gmt":"2025-08-28T04:03:26","guid":{"rendered":"https:\/\/roveyayinevi.com.tr\/index.php\/urun\/enflasyon-muhasebesi-ve-isletmelerin-finansal-tablolarina-etkisinin-analizi\/"},"modified":"2026-04-16T03:09:31","modified_gmt":"2026-04-16T00:09:31","slug":"enflasyon-muhasebesi-ve-isletmelerin-finansal-tablolarina-etkisinin-analizi","status":"publish","type":"product","link":"https:\/\/roveyayinevi.com.tr\/index.php\/urun\/enflasyon-muhasebesi-ve-isletmelerin-finansal-tablolarina-etkisinin-analizi\/","title":{"rendered":"Enflasyon Muhasebesi Ve \u0130\u015fletmelerin Finansal Tablolarina Etkisinin Analizi"},"content":{"rendered":"<p>B\u0130R\u0130NC\u0130 B\u00d6L\u00dcM ENFLASYON KAVRAMI VE ENFLASYONUN F\u0130NANSAL TABLOLAR \u00dcZER\u0130NDEK\u0130 ETK\u0130S\u0130   \u0130K\u0130NC\u0130 B\u00d6L\u00dcM TMS 29 VE UMS 29 STANDARTLARININ \u0130NCELENMES\u0130 VE \u00d6RNEK UYGULAMALAR   \u00dc\u00c7\u00dcNC\u00dc B\u00d6L\u00dcM ENFLASYON MUHASEBES\u0130N\u0130N F\u0130NANSAL TABLOLARA ETK\u0130S\u0130NE \u0130L\u0130\u015eK\u0130N B\u0130R ARA\u015eTIRMA: ZORLU ENERJ\u0130 ELEKTR\u0130K A.\u015e    <\/p>\n","protected":false},"excerpt":{"rendered":"<p>B\u0130R\u0130NC\u0130 B\u00d6L\u00dcM ENFLASYON KAVRAMI VE ENFLASYONUN F\u0130NANSAL TABLOLAR \u00dcZER\u0130NDEK\u0130 ETK\u0130S\u0130 \u0130K\u0130NC\u0130 B\u00d6L\u00dcM TMS 29 VE UMS 29 STANDARTLARININ \u0130NCELENMES\u0130 VE \u00d6RNEK UYGULAMALAR \u00dc\u00c7\u00dcNC\u00dc B\u00d6L\u00dcM ENFLASYON MUHASEBES\u0130N\u0130N<span class=\"excerpt-hellip\"> [\u2026]<\/span><\/p>\n","protected":false},"featured_media":0,"template":"","meta":{"_monsterinsights_skip_tracking":false,"_monsterinsights_sitenote_active":false,"_monsterinsights_sitenote_note":"","_monsterinsights_sitenote_category":0},"product_brand":[],"product_cat":[13043,14381],"product_tag":[],"class_list":{"0":"post-756276","1":"product","2":"type-product","3":"status-publish","5":"product_cat-ekonomi","6":"product_cat-isletme-muhasebe-maliye","7":"pa_cilt-ciltsiz","8":"pa_tur-kitap","9":"pa_yayinevi-gazi-kitabevi","10":"pa_yazar-nabi-kucukgergerli","12":"first","13":"instock","14":"sale","15":"shipping-taxable","16":"purchasable","17":"product-type-simple"},"_links":{"self":[{"href":"https:\/\/roveyayinevi.com.tr\/index.php\/wp-json\/wp\/v2\/product\/756276","targetHints":{"allow":["GET"]}}],"collection":[{"href":"https:\/\/roveyayinevi.com.tr\/index.php\/wp-json\/wp\/v2\/product"}],"about":[{"href":"https:\/\/roveyayinevi.com.tr\/index.php\/wp-json\/wp\/v2\/types\/product"}],"wp:attachment":[{"href":"https:\/\/roveyayinevi.com.tr\/index.php\/wp-json\/wp\/v2\/media?parent=756276"}],"wp:term":[{"taxonomy":"product_brand","embeddable":true,"href":"https:\/\/roveyayinevi.com.tr\/index.php\/wp-json\/wp\/v2\/product_brand?post=756276"},{"taxonomy":"product_cat","embeddable":true,"href":"https:\/\/roveyayinevi.com.tr\/index.php\/wp-json\/wp\/v2\/product_cat?post=756276"},{"taxonomy":"product_tag","embeddable":true,"href":"https:\/\/roveyayinevi.com.tr\/index.php\/wp-json\/wp\/v2\/product_tag?post=756276"}],"curies":[{"name":"wp","href":"https:\/\/api.w.org\/{rel}","templated":true}]}}