{"id":756275,"date":"2025-08-28T07:03:25","date_gmt":"2025-08-28T04:03:25","guid":{"rendered":"https:\/\/roveyayinevi.com.tr\/index.php\/urun\/sardunya-bir-deste-berceste\/"},"modified":"2026-04-16T03:09:31","modified_gmt":"2026-04-16T00:09:31","slug":"sardunya-bir-deste-berceste","status":"publish","type":"product","link":"https:\/\/roveyayinevi.com.tr\/index.php\/urun\/sardunya-bir-deste-berceste\/","title":{"rendered":"Sardunya Bir Deste Berceste"},"content":{"rendered":"<p>\u0130Y\u0130 K\u0130 \u0130HL\u00c2L ETM\u0130\u015eS\u0130N   Yaln\u0131zl\u0131\u011fa kucak a\u00e7t\u0131m   \u00d6z\u00fcmden seni d\u00fc\u015f\u00fcrd\u00fcm   Ya\u011fmurla son kez yar\u0131\u015ft\u0131m   G\u00f6z\u00fcmden seni d\u00fc\u015f\u00fcrd\u00fcm   Tane tane ak\u0131p gittin   Ac\u0131 ac\u0131 yak\u0131p gittin   Bak sonunda bende bittin ! G\u00f6z\u00fcmden seni d\u00fc\u015f\u00fcrd\u00fcm<\/p>\n","protected":false},"excerpt":{"rendered":"<p>\u0130Y\u0130 K\u0130 \u0130HL\u00c2L ETM\u0130\u015eS\u0130N Yaln\u0131zl\u0131\u011fa kucak a\u00e7t\u0131m \u00d6z\u00fcmden seni d\u00fc\u015f\u00fcrd\u00fcm Ya\u011fmurla son kez yar\u0131\u015ft\u0131m G\u00f6z\u00fcmden seni d\u00fc\u015f\u00fcrd\u00fcm Tane tane ak\u0131p gittin Ac\u0131 ac\u0131 yak\u0131p gittin Bak<span class=\"excerpt-hellip\"> [\u2026]<\/span><\/p>\n","protected":false},"featured_media":0,"template":"","meta":{"_monsterinsights_skip_tracking":false,"_monsterinsights_sitenote_active":false,"_monsterinsights_sitenote_note":"","_monsterinsights_sitenote_category":0},"product_brand":[],"product_cat":[12291,12509],"product_tag":[],"class_list":{"0":"post-756275","1":"product","2":"type-product","3":"status-publish","5":"product_cat-edebiyat","6":"product_cat-siir","7":"pa_cilt-ciltsiz","8":"pa_tur-kitap","9":"pa_yayinevi-kitap-muptelasi-yayinlari","10":"pa_yazar-nurhan-uslu-huma-sultan","12":"first","13":"instock","14":"sale","15":"shipping-taxable","16":"purchasable","17":"product-type-simple"},"_links":{"self":[{"href":"https:\/\/roveyayinevi.com.tr\/index.php\/wp-json\/wp\/v2\/product\/756275","targetHints":{"allow":["GET"]}}],"collection":[{"href":"https:\/\/roveyayinevi.com.tr\/index.php\/wp-json\/wp\/v2\/product"}],"about":[{"href":"https:\/\/roveyayinevi.com.tr\/index.php\/wp-json\/wp\/v2\/types\/product"}],"wp:attachment":[{"href":"https:\/\/roveyayinevi.com.tr\/index.php\/wp-json\/wp\/v2\/media?parent=756275"}],"wp:term":[{"taxonomy":"product_brand","embeddable":true,"href":"https:\/\/roveyayinevi.com.tr\/index.php\/wp-json\/wp\/v2\/product_brand?post=756275"},{"taxonomy":"product_cat","embeddable":true,"href":"https:\/\/roveyayinevi.com.tr\/index.php\/wp-json\/wp\/v2\/product_cat?post=756275"},{"taxonomy":"product_tag","embeddable":true,"href":"https:\/\/roveyayinevi.com.tr\/index.php\/wp-json\/wp\/v2\/product_tag?post=756275"}],"curies":[{"name":"wp","href":"https:\/\/api.w.org\/{rel}","templated":true}]}}