{"id":756274,"date":"2025-08-28T07:03:23","date_gmt":"2025-08-28T04:03:23","guid":{"rendered":"https:\/\/roveyayinevi.com.tr\/index.php\/urun\/kanat\/"},"modified":"2026-04-16T03:09:31","modified_gmt":"2026-04-16T00:09:31","slug":"kanat","status":"publish","type":"product","link":"https:\/\/roveyayinevi.com.tr\/index.php\/urun\/kanat\/","title":{"rendered":"Kanat"},"content":{"rendered":"<p>Kad\u0131n defteri al\u0131p ilk sayfas\u0131n\u0131 a\u00e7t\u0131 ve sesli bir \u015fekilde okumaya ba\u015flad\u0131: &#8220;A\u00e7 bir \u015fehrin di\u015flerinin aras\u0131na s\u0131k\u0131\u015fm\u0131\u015f \u00e7ocuklanz. Ne yutabiliyor ne de t\u00fck\u00fcrebiliyor bizi. Sokakta gezen insanlan\u0131 izliyorum hep yapt\u0131\u011f\u0131m gibi, sadece izliyorum. Bir annenin elinden tutmu\u015f bir \u00e7ocuk, annemin \u00f6ld\u00fc\u011f\u00fc g\u00fcn benim de \u00f6ld\u00fc\u011f\u00fcme dair bir masal anlat\u0131yor g\u00f6zleriyle. Annesinin y\u00fcz\u00fc babam gibi, karanl\u0131k&#8230;&#8221; \u0130ki sokak \u00e7ocu\u011fu, yapt\u0131klar\u0131 adi su\u00e7 kapsam\u0131na al\u0131nacak \u015feyin ba\u015flar\u0131na a\u00e7aca\u011f\u0131 belay\u0131 bilselerdi muhtemelen islahevine d\u00f6nmeyi tercih ederlerdi. \u015eimdi pe\u015flerinde t\u00fcm emniyet ve ad\u0131 Salih olan bir seri katil var. Bu kitapta okuyacaklar\u0131n\u0131z; maceray\u0131 ya\u015fayan Kanat&#8217;\u0131n kendi sesinden, Nevzat, Hikmet Ba\u015fkomiser, Ayars\u0131z ve Merva&#8217;n\u0131n hikayesi. <\/p>\n","protected":false},"excerpt":{"rendered":"<p>Kad\u0131n defteri al\u0131p ilk sayfas\u0131n\u0131 a\u00e7t\u0131 ve sesli bir \u015fekilde okumaya ba\u015flad\u0131: &#8220;A\u00e7 bir \u015fehrin di\u015flerinin aras\u0131na s\u0131k\u0131\u015fm\u0131\u015f \u00e7ocuklanz. Ne yutabiliyor ne de t\u00fck\u00fcrebiliyor bizi. Sokakta<span class=\"excerpt-hellip\"> [\u2026]<\/span><\/p>\n","protected":false},"featured_media":0,"template":"","meta":{"_monsterinsights_skip_tracking":false,"_monsterinsights_sitenote_active":false,"_monsterinsights_sitenote_note":"","_monsterinsights_sitenote_category":0},"product_brand":[],"product_cat":[12291,12711],"product_tag":[],"class_list":{"0":"post-756274","1":"product","2":"type-product","3":"status-publish","5":"product_cat-edebiyat","6":"product_cat-roman-oyku","7":"pa_cilt-ciltsiz","8":"pa_tur-kitap","9":"pa_yayinevi-kitap-muptelasi-yayinlari","10":"pa_yazar-selcuk-karadag","12":"first","13":"instock","14":"sale","15":"shipping-taxable","16":"purchasable","17":"product-type-simple"},"_links":{"self":[{"href":"https:\/\/roveyayinevi.com.tr\/index.php\/wp-json\/wp\/v2\/product\/756274","targetHints":{"allow":["GET"]}}],"collection":[{"href":"https:\/\/roveyayinevi.com.tr\/index.php\/wp-json\/wp\/v2\/product"}],"about":[{"href":"https:\/\/roveyayinevi.com.tr\/index.php\/wp-json\/wp\/v2\/types\/product"}],"wp:attachment":[{"href":"https:\/\/roveyayinevi.com.tr\/index.php\/wp-json\/wp\/v2\/media?parent=756274"}],"wp:term":[{"taxonomy":"product_brand","embeddable":true,"href":"https:\/\/roveyayinevi.com.tr\/index.php\/wp-json\/wp\/v2\/product_brand?post=756274"},{"taxonomy":"product_cat","embeddable":true,"href":"https:\/\/roveyayinevi.com.tr\/index.php\/wp-json\/wp\/v2\/product_cat?post=756274"},{"taxonomy":"product_tag","embeddable":true,"href":"https:\/\/roveyayinevi.com.tr\/index.php\/wp-json\/wp\/v2\/product_tag?post=756274"}],"curies":[{"name":"wp","href":"https:\/\/api.w.org\/{rel}","templated":true}]}}