{"id":756273,"date":"2025-08-28T07:03:21","date_gmt":"2025-08-28T04:03:21","guid":{"rendered":"https:\/\/roveyayinevi.com.tr\/index.php\/urun\/vartali-efsanesi-gidenlerin-ardindan\/"},"modified":"2026-04-16T03:09:31","modified_gmt":"2026-04-16T00:09:31","slug":"vartali-efsanesi-gidenlerin-ardindan","status":"publish","type":"product","link":"https:\/\/roveyayinevi.com.tr\/index.php\/urun\/vartali-efsanesi-gidenlerin-ardindan\/","title":{"rendered":"Vartali Efsanesi Gidenlerin Ard\u0131ndan"},"content":{"rendered":"<p>D\u00fcn\u00fc ya\u015fad\u0131k, bitti, D\u00fcn an\u0131 oldu, Ya\u015f\u0131yor bizden uzaklarda, Uzaklarda bir yerde ya\u015f\u0131yor, Ve biz an\u0131lar\u0131 \u00f6zleriz bazen, En \u00e7ok da yaln\u0131z kald\u0131\u011f\u0131m\u0131zda, An\u0131lar dolan\u0131r ba\u015fucumuzda, Ac\u0131 tatl\u0131 an\u0131lar, Sorar\u0131z sorgular\u0131z, Sorgular\u0131z ne varsa, D\u00fcne, bug\u00fcne, yar\u0131na dair, S\u0131\u011f\u0131n\u0131r\u0131z bazen g\u00f6zya\u015flar\u0131na, Yeni ba\u015ftan a\u00e7ar\u0131z, A\u00e7ar\u0131z an\u0131 da\u011farc\u0131\u011f\u0131n\u0131, \u00d6periz g\u00f6zlerinden. <\/p>\n","protected":false},"excerpt":{"rendered":"<p>D\u00fcn\u00fc ya\u015fad\u0131k, bitti, D\u00fcn an\u0131 oldu, Ya\u015f\u0131yor bizden uzaklarda, Uzaklarda bir yerde ya\u015f\u0131yor, Ve biz an\u0131lar\u0131 \u00f6zleriz bazen, En \u00e7ok da yaln\u0131z kald\u0131\u011f\u0131m\u0131zda, An\u0131lar dolan\u0131r ba\u015fucumuzda,<span class=\"excerpt-hellip\"> [\u2026]<\/span><\/p>\n","protected":false},"featured_media":0,"template":"","meta":{"_monsterinsights_skip_tracking":false,"_monsterinsights_sitenote_active":false,"_monsterinsights_sitenote_note":"","_monsterinsights_sitenote_category":0},"product_brand":[],"product_cat":[12291,12509],"product_tag":[],"class_list":{"0":"post-756273","1":"product","2":"type-product","3":"status-publish","5":"product_cat-edebiyat","6":"product_cat-siir","7":"pa_cilt-ciltsiz","8":"pa_tur-kitap","9":"pa_yayinevi-kitap-muptelasi-yayinlari","10":"pa_yazar-avni-yegin","12":"first","13":"instock","14":"sale","15":"shipping-taxable","16":"purchasable","17":"product-type-simple"},"_links":{"self":[{"href":"https:\/\/roveyayinevi.com.tr\/index.php\/wp-json\/wp\/v2\/product\/756273","targetHints":{"allow":["GET"]}}],"collection":[{"href":"https:\/\/roveyayinevi.com.tr\/index.php\/wp-json\/wp\/v2\/product"}],"about":[{"href":"https:\/\/roveyayinevi.com.tr\/index.php\/wp-json\/wp\/v2\/types\/product"}],"wp:attachment":[{"href":"https:\/\/roveyayinevi.com.tr\/index.php\/wp-json\/wp\/v2\/media?parent=756273"}],"wp:term":[{"taxonomy":"product_brand","embeddable":true,"href":"https:\/\/roveyayinevi.com.tr\/index.php\/wp-json\/wp\/v2\/product_brand?post=756273"},{"taxonomy":"product_cat","embeddable":true,"href":"https:\/\/roveyayinevi.com.tr\/index.php\/wp-json\/wp\/v2\/product_cat?post=756273"},{"taxonomy":"product_tag","embeddable":true,"href":"https:\/\/roveyayinevi.com.tr\/index.php\/wp-json\/wp\/v2\/product_tag?post=756273"}],"curies":[{"name":"wp","href":"https:\/\/api.w.org\/{rel}","templated":true}]}}