{"id":756272,"date":"2025-08-28T07:03:18","date_gmt":"2025-08-28T04:03:18","guid":{"rendered":"https:\/\/roveyayinevi.com.tr\/index.php\/urun\/ortaya-karisik-icsel-dusunceler\/"},"modified":"2026-04-16T03:09:31","modified_gmt":"2026-04-16T00:09:31","slug":"ortaya-karisik-icsel-dusunceler","status":"publish","type":"product","link":"https:\/\/roveyayinevi.com.tr\/index.php\/urun\/ortaya-karisik-icsel-dusunceler\/","title":{"rendered":"Ortaya Kar\u0131\u015f\u0131k \u0130\u00e7sel D\u00fc\u015f\u00fcnceler"},"content":{"rendered":"<p>D\u00fc\u015f\u00fcnsellikte sadelik, duygusall\u0131kta nezaket, ruhsal dinginlik ve vaziyette bilgelik laz\u0131m. Evet, d\u00fc\u015f\u00fcncelerimiz farkl\u0131 farkl\u0131.  Herkes az da olsa d\u00fc\u015f\u00fcn\u00fcyor ama derinli\u011fi, sadeli\u011fi yakalayam\u0131yor. \u0130yi bir okur iyi bir yazar olmak, kolay de\u011fil. Belki beni be\u011feneceksiniz. Takdir sizin. Anla\u015f\u0131lmak i\u00e7in elimden geleni yap\u0131yorum. Anla\u015f\u0131lmamak h\u00fcner de\u011fildir.Duygusal olmak k\u00f6t\u00fc bir \u015fey de\u011fildir, tabii mant\u0131\u011f\u0131 yok saymadan. Nezaket bir erdemdir. Duygu ile nezaket bir arada olursa m\u00fcthi\u015f olur. Ruh yorgun olsa da kalsa da din\u00e7, dinlenmi\u015f olmas\u0131 iyidir.Bilgelik herkesin ula\u015fabilece\u011fi bir vaziyet de\u011fildir. Bilge; bilmekten gelen, derinlemesine d\u00fc\u015f\u00fcnen, okuyan, kendini ve Tanr\u0131&#8217;y\u0131 bilendir. Evet, bunlar\u0131n bir insanda ve o insan\u0131n kaleminde olmas\u0131 \u00f6nemli. Sadeli\u011fi, nezaketi, bilgeli\u011fi hayat\u0131n\u0131z\u0131n merkezine al\u0131rsak, daha iyi erdemli olur. <\/p>\n","protected":false},"excerpt":{"rendered":"<p>D\u00fc\u015f\u00fcnsellikte sadelik, duygusall\u0131kta nezaket, ruhsal dinginlik ve vaziyette bilgelik laz\u0131m. Evet, d\u00fc\u015f\u00fcncelerimiz farkl\u0131 farkl\u0131. Herkes az da olsa d\u00fc\u015f\u00fcn\u00fcyor ama derinli\u011fi, sadeli\u011fi yakalayam\u0131yor. \u0130yi bir okur<span class=\"excerpt-hellip\"> [\u2026]<\/span><\/p>\n","protected":false},"featured_media":0,"template":"","meta":{"_monsterinsights_skip_tracking":false,"_monsterinsights_sitenote_active":false,"_monsterinsights_sitenote_note":"","_monsterinsights_sitenote_category":0},"product_brand":[],"product_cat":[12777,12291],"product_tag":[],"class_list":{"0":"post-756272","1":"product","2":"type-product","3":"status-publish","5":"product_cat-deneme","6":"product_cat-edebiyat","7":"pa_cilt-ciltsiz","8":"pa_tur-kitap","9":"pa_yayinevi-kitap-muptelasi-yayinlari","10":"pa_yazar-omer-faruk-solmaz","12":"first","13":"instock","14":"sale","15":"shipping-taxable","16":"purchasable","17":"product-type-simple"},"_links":{"self":[{"href":"https:\/\/roveyayinevi.com.tr\/index.php\/wp-json\/wp\/v2\/product\/756272","targetHints":{"allow":["GET"]}}],"collection":[{"href":"https:\/\/roveyayinevi.com.tr\/index.php\/wp-json\/wp\/v2\/product"}],"about":[{"href":"https:\/\/roveyayinevi.com.tr\/index.php\/wp-json\/wp\/v2\/types\/product"}],"wp:attachment":[{"href":"https:\/\/roveyayinevi.com.tr\/index.php\/wp-json\/wp\/v2\/media?parent=756272"}],"wp:term":[{"taxonomy":"product_brand","embeddable":true,"href":"https:\/\/roveyayinevi.com.tr\/index.php\/wp-json\/wp\/v2\/product_brand?post=756272"},{"taxonomy":"product_cat","embeddable":true,"href":"https:\/\/roveyayinevi.com.tr\/index.php\/wp-json\/wp\/v2\/product_cat?post=756272"},{"taxonomy":"product_tag","embeddable":true,"href":"https:\/\/roveyayinevi.com.tr\/index.php\/wp-json\/wp\/v2\/product_tag?post=756272"}],"curies":[{"name":"wp","href":"https:\/\/api.w.org\/{rel}","templated":true}]}}