{"id":756271,"date":"2025-08-28T07:03:16","date_gmt":"2025-08-28T04:03:16","guid":{"rendered":"https:\/\/roveyayinevi.com.tr\/index.php\/urun\/her-sey-hicbir-sey\/"},"modified":"2026-04-16T03:09:31","modified_gmt":"2026-04-16T00:09:31","slug":"her-sey-hicbir-sey","status":"publish","type":"product","link":"https:\/\/roveyayinevi.com.tr\/index.php\/urun\/her-sey-hicbir-sey\/","title":{"rendered":"Her \u015eey Hi\u00e7bir \u015eey"},"content":{"rendered":"<p>Bir araya gelmi\u015fken K\u0131yamet yani K\u00e2inat\u0131n depremi Oldu\u011funda Ne yapaca\u011f\u0131z? Ayaklar birbirine doland\u0131\u011f\u0131nda Haz\u0131r m\u0131y\u0131z? \u201cRahat ol\u201dda m\u0131y\u0131z? Y\u00fczle\u015fmeye haz\u0131r m\u0131y\u0131z? G\u00fcnahlar\u0131m\u0131zla, Ruh ve beden sevaplar\u0131m\u0131zla Cehennem k\u0131z\u0131\u015ft\u0131r\u0131ld\u0131\u011f\u0131nda Cennet yak\u0131nla\u015ft\u0131r\u0131ld\u0131\u011f\u0131nda Sahi bunlar\u0131 hi\u00e7 Merak etmiyor musunuz? <\/p>\n","protected":false},"excerpt":{"rendered":"<p>Bir araya gelmi\u015fken K\u0131yamet yani K\u00e2inat\u0131n depremi Oldu\u011funda Ne yapaca\u011f\u0131z? Ayaklar birbirine doland\u0131\u011f\u0131nda Haz\u0131r m\u0131y\u0131z? \u201cRahat ol\u201dda m\u0131y\u0131z? Y\u00fczle\u015fmeye haz\u0131r m\u0131y\u0131z? G\u00fcnahlar\u0131m\u0131zla, Ruh ve beden sevaplar\u0131m\u0131zla<span class=\"excerpt-hellip\"> [\u2026]<\/span><\/p>\n","protected":false},"featured_media":0,"template":"","meta":{"_monsterinsights_skip_tracking":false,"_monsterinsights_sitenote_active":false,"_monsterinsights_sitenote_note":"","_monsterinsights_sitenote_category":0},"product_brand":[],"product_cat":[12291,12509],"product_tag":[],"class_list":{"0":"post-756271","1":"product","2":"type-product","3":"status-publish","5":"product_cat-edebiyat","6":"product_cat-siir","7":"pa_cilt-ciltsiz","8":"pa_tur-kitap","9":"pa_yayinevi-kitap-muptelasi-yayinlari","10":"pa_yazar-omer-faruk-solmaz","12":"first","13":"instock","14":"sale","15":"shipping-taxable","16":"purchasable","17":"product-type-simple"},"_links":{"self":[{"href":"https:\/\/roveyayinevi.com.tr\/index.php\/wp-json\/wp\/v2\/product\/756271","targetHints":{"allow":["GET"]}}],"collection":[{"href":"https:\/\/roveyayinevi.com.tr\/index.php\/wp-json\/wp\/v2\/product"}],"about":[{"href":"https:\/\/roveyayinevi.com.tr\/index.php\/wp-json\/wp\/v2\/types\/product"}],"wp:attachment":[{"href":"https:\/\/roveyayinevi.com.tr\/index.php\/wp-json\/wp\/v2\/media?parent=756271"}],"wp:term":[{"taxonomy":"product_brand","embeddable":true,"href":"https:\/\/roveyayinevi.com.tr\/index.php\/wp-json\/wp\/v2\/product_brand?post=756271"},{"taxonomy":"product_cat","embeddable":true,"href":"https:\/\/roveyayinevi.com.tr\/index.php\/wp-json\/wp\/v2\/product_cat?post=756271"},{"taxonomy":"product_tag","embeddable":true,"href":"https:\/\/roveyayinevi.com.tr\/index.php\/wp-json\/wp\/v2\/product_tag?post=756271"}],"curies":[{"name":"wp","href":"https:\/\/api.w.org\/{rel}","templated":true}]}}