{"id":756270,"date":"2025-08-28T07:03:15","date_gmt":"2025-08-28T04:03:15","guid":{"rendered":"https:\/\/roveyayinevi.com.tr\/index.php\/urun\/yapay-zeka-2\/"},"modified":"2026-04-16T03:09:31","modified_gmt":"2026-04-16T00:09:31","slug":"yapay-zeka-2","status":"publish","type":"product","link":"https:\/\/roveyayinevi.com.tr\/index.php\/urun\/yapay-zeka-2\/","title":{"rendered":"Yapay Zeka"},"content":{"rendered":"<p>* Yapay Zek\u00e2 ve Gelecek: \u0130nsan ve Teknoloji Aras\u0131ndaki \u0130li\u015fki * Yapay Zek\u00e2 ile Liderli\u011fin D\u00f6n\u00fc\u015f\u00fcm\u00fc * Yapay Zek\u00e2 Temelli Pazarlama: Geleneksel Pazarlaman\u0131n Sonu mu? * Yapay Zek\u00e2 ile Veriye Dayal\u0131 Pazarlama * Yapay Zek\u00e2 ve \u0130nsan Etkile\u015fimi \u0130nsan Kaynaklar\u0131 ve Pazarlama Uygulamalar\u0131 * Yapay Zek\u00e2 Model Tasar\u0131m\u0131 * Yapay Zek\u00e2n\u0131n Bir Par\u00e7as\u0131 Olarak Do\u011fadan Esinlenen Optimizasyon Algoritmalar\u0131 * \u0130nsan Kaynaklar\u0131 Y\u00f6netiminde Yapay Zek\u00e2 Uygulamalar\u0131 * Narsisist Zek\u00e2: Narsisizm ve Yapay Zek\u00e2 Etkile\u015fiminin \u00d6rg\u00fctsel Ba\u011flamda \u0130ncelenmesi * E\u011fitimde Yapay Zek\u00e2 Uygulamalar\u0131 ve Gelece\u011fe \u0130li\u015fkin Y\u00f6nelimler * \u0130nsan Merkezli Yapay Zek\u00e2 ve Gelece\u011fin \u0130\u015fletmelerinde \u0130nsan Kaynaklar\u0131 Y\u00f6netimi * Yapay Zek\u00e2n\u0131n Akademik ve Ticari Alanda Geli\u015fimi: T\u00fcrkiye i\u00e7in Bir Literat\u00fcr Taramas\u0131 * \u00dcniversitelerde Dijital D\u00f6n\u00fc\u015f\u00fcm, Yapay Zek\u00e2 ve Gelece\u011fin Meslekleri * Yapay Zek\u00e2 ve Jeopolitik 4.0: Yapay Zek\u00e2n\u0131n 21. Y\u00fczy\u0131l G\u00fcvenlik Anlay\u0131\u015f\u0131na Etkisi * Uluslararas\u0131 \u0130li\u015fkilerde Siber G\u00fc\u00e7 ve Yapay Zek\u00e2 * Makineler \u00c2\u015f\u0131k olabilir mi? * Yapay Zek\u00e2 ve Ruh Sa\u011fl\u0131\u011f\u0131 * Fiyat Algoritmalar\u0131 ve Rekabet Hukuku * Yapay Zek\u00e2 Y\u00f6neticilerin Oldu\u011fu \u00d6rg\u00fctler A\u00e7\u0131s\u0131ndan Vek\u00e2let Kuram\u0131n\u0131 \u0130ncelemek<\/p>\n","protected":false},"excerpt":{"rendered":"<p>* Yapay Zek\u00e2 ve Gelecek: \u0130nsan ve Teknoloji Aras\u0131ndaki \u0130li\u015fki * Yapay Zek\u00e2 ile Liderli\u011fin D\u00f6n\u00fc\u015f\u00fcm\u00fc * Yapay Zek\u00e2 Temelli Pazarlama: Geleneksel Pazarlaman\u0131n Sonu mu? *<span class=\"excerpt-hellip\"> [\u2026]<\/span><\/p>\n","protected":false},"featured_media":0,"template":"","meta":{"_monsterinsights_skip_tracking":false,"_monsterinsights_sitenote_active":false,"_monsterinsights_sitenote_note":"","_monsterinsights_sitenote_category":0},"product_brand":[],"product_cat":[13005],"product_tag":[],"class_list":{"0":"post-756270","1":"product","2":"type-product","3":"status-publish","5":"product_cat-bilim-muhendislik","6":"pa_cilt-ciltsiz","7":"pa_tur-kitap","8":"pa_yayinevi-beta-kitap","9":"pa_yazar-mustafa-k-yilmaz-n-oyku-iyigun","11":"first","12":"instock","13":"sale","14":"shipping-taxable","15":"purchasable","16":"product-type-simple"},"_links":{"self":[{"href":"https:\/\/roveyayinevi.com.tr\/index.php\/wp-json\/wp\/v2\/product\/756270","targetHints":{"allow":["GET"]}}],"collection":[{"href":"https:\/\/roveyayinevi.com.tr\/index.php\/wp-json\/wp\/v2\/product"}],"about":[{"href":"https:\/\/roveyayinevi.com.tr\/index.php\/wp-json\/wp\/v2\/types\/product"}],"wp:attachment":[{"href":"https:\/\/roveyayinevi.com.tr\/index.php\/wp-json\/wp\/v2\/media?parent=756270"}],"wp:term":[{"taxonomy":"product_brand","embeddable":true,"href":"https:\/\/roveyayinevi.com.tr\/index.php\/wp-json\/wp\/v2\/product_brand?post=756270"},{"taxonomy":"product_cat","embeddable":true,"href":"https:\/\/roveyayinevi.com.tr\/index.php\/wp-json\/wp\/v2\/product_cat?post=756270"},{"taxonomy":"product_tag","embeddable":true,"href":"https:\/\/roveyayinevi.com.tr\/index.php\/wp-json\/wp\/v2\/product_tag?post=756270"}],"curies":[{"name":"wp","href":"https:\/\/api.w.org\/{rel}","templated":true}]}}