{"id":756269,"date":"2025-08-28T07:03:13","date_gmt":"2025-08-28T04:03:13","guid":{"rendered":"https:\/\/roveyayinevi.com.tr\/index.php\/urun\/dc-super-evciller-takimi-havali-oyun-ve-boyama-kitabi\/"},"modified":"2026-04-16T03:09:31","modified_gmt":"2026-04-16T00:09:31","slug":"dc-super-evciller-takimi-havali-oyun-ve-boyama-kitabi","status":"publish","type":"product","link":"https:\/\/roveyayinevi.com.tr\/index.php\/urun\/dc-super-evciller-takimi-havali-oyun-ve-boyama-kitabi\/","title":{"rendered":"DC S\u00fcper Evciller Tak\u0131m\u0131 &#8211; Haval\u0131 Oyun ve Boyama Kitab\u0131"},"content":{"rendered":"<p>29 Temmuz\u2019da g\u00f6sterime girecek olan DC S\u00fcper Evciller Tak\u0131m\u0131 \u015fimdi birbirinden e\u011flenceli etkinlik ve boyama kitab\u0131yla kar\u015f\u0131nda! Bu mu\u0308thi\u015f aktivite kitab\u0131yla DC Su\u0308per Evciller Tak\u0131m\u0131\u2019yla birlikte du\u0308nyay\u0131 kurtarmaya haz\u0131r ol! Ba\u015frollerinde Adalet Birli\u011fi kahramanlar\u0131 ile DC Su\u0308per Evciller Tak\u0131m\u0131\u2019n\u0131n yer ald\u0131\u011f\u0131 bulmacalar\u0131 \u00e7\u00f6z, aksiyon sahnelerini renklendir ve Metropolis \u015fehrini ke\u015ffe \u00e7\u0131k!<\/p>\n","protected":false},"excerpt":{"rendered":"<p>29 Temmuz\u2019da g\u00f6sterime girecek olan DC S\u00fcper Evciller Tak\u0131m\u0131 \u015fimdi birbirinden e\u011flenceli etkinlik ve boyama kitab\u0131yla kar\u015f\u0131nda! Bu mu\u0308thi\u015f aktivite kitab\u0131yla DC Su\u0308per Evciller Tak\u0131m\u0131\u2019yla birlikte<span class=\"excerpt-hellip\"> [\u2026]<\/span><\/p>\n","protected":false},"featured_media":0,"template":"","meta":{"_monsterinsights_skip_tracking":false,"_monsterinsights_sitenote_active":false,"_monsterinsights_sitenote_note":"","_monsterinsights_sitenote_category":0},"product_brand":[],"product_cat":[12274,15842],"product_tag":[],"class_list":{"0":"post-756269","1":"product","2":"type-product","3":"status-publish","5":"product_cat-cocuk-ve-genclik-kitaplari","6":"product_cat-egitici-kitaplar","7":"pa_cilt-ciltsiz","8":"pa_tur-kitap","9":"pa_yayinevi-beta-kids","10":"pa_yazar-rachel-chlebowski","12":"first","13":"instock","14":"sale","15":"shipping-taxable","16":"purchasable","17":"product-type-simple"},"_links":{"self":[{"href":"https:\/\/roveyayinevi.com.tr\/index.php\/wp-json\/wp\/v2\/product\/756269","targetHints":{"allow":["GET"]}}],"collection":[{"href":"https:\/\/roveyayinevi.com.tr\/index.php\/wp-json\/wp\/v2\/product"}],"about":[{"href":"https:\/\/roveyayinevi.com.tr\/index.php\/wp-json\/wp\/v2\/types\/product"}],"wp:attachment":[{"href":"https:\/\/roveyayinevi.com.tr\/index.php\/wp-json\/wp\/v2\/media?parent=756269"}],"wp:term":[{"taxonomy":"product_brand","embeddable":true,"href":"https:\/\/roveyayinevi.com.tr\/index.php\/wp-json\/wp\/v2\/product_brand?post=756269"},{"taxonomy":"product_cat","embeddable":true,"href":"https:\/\/roveyayinevi.com.tr\/index.php\/wp-json\/wp\/v2\/product_cat?post=756269"},{"taxonomy":"product_tag","embeddable":true,"href":"https:\/\/roveyayinevi.com.tr\/index.php\/wp-json\/wp\/v2\/product_tag?post=756269"}],"curies":[{"name":"wp","href":"https:\/\/api.w.org\/{rel}","templated":true}]}}