{"id":756267,"date":"2025-08-28T07:03:11","date_gmt":"2025-08-28T04:03:11","guid":{"rendered":"https:\/\/roveyayinevi.com.tr\/index.php\/urun\/national-geographic-kozmos-insanligin-olgunluk-cagi\/"},"modified":"2026-04-16T03:09:31","modified_gmt":"2026-04-16T00:09:31","slug":"national-geographic-kozmos-insanligin-olgunluk-cagi","status":"publish","type":"product","link":"https:\/\/roveyayinevi.com.tr\/index.php\/urun\/national-geographic-kozmos-insanligin-olgunluk-cagi\/","title":{"rendered":"National Geographic Kozmos \u0130nsanl\u0131\u011f\u0131n Olgunluk \u00c7a\u011f\u0131"},"content":{"rendered":"<p>Kozmos Bizim \u0130\u00e7imizdedir. Biz Y\u0131ld\u0131z Tozundan Yap\u0131lmay\u0131z. Biz Evrenin Kendisini Bilmesinin Bir Yoluyuz.Kozmos: Ki\u015fisel Bir YolculukKozmos: Yeni Du\u0308nyalar, Carl Sagan ve Ann Druyan\u2019\u0131n birlikte ba\u015flad\u0131klar\u0131 destan\u0131n heyecan verici yeni halkas\u0131d\u0131r. Druyan\u2019\u0131n Emmy ve Peabody \u00f6du\u0308llu\u0308 Kozmos: Bir Uzay Seru\u0308veni adl\u0131 belgeseli, 181 u\u0308lkede g\u00f6sterilmi\u015f ku\u0308resel bir fenomendir. Druyan \u015fimdi de Yeni Du\u0308nyalar\u2019la sizi, 14 milyar y\u0131ll\u0131k kozmik evrimin ve do\u011fan\u0131n en mahrem girintilerine su\u0308ru\u0308klenece\u011finiz bu \u00e7arp\u0131c\u0131 maceraya davet ediyor.Bu kitapta, bize yeni yeni anlamaya ba\u015flad\u0131\u011f\u0131m\u0131z devasa evreni korkusuzca sorular sorarak ve bu\u0308yu\u0308k bedeller \u00f6deyerek sunan ara\u015ft\u0131rmac\u0131lar\u0131n daha \u00f6nce anlat\u0131lmam\u0131\u015f hik\u00e2yelerini bulacaks\u0131n\u0131z. Druyan bu bu\u0308yu\u0308leyici eserinde, zaman\u0131nda uyanabilirsek h\u00e2l\u00e2 eri\u015febilece\u011fimiz, bilimi ve yu\u0308ksek teknolojiyi erdemli bir \u015fekilde kullanaca\u011f\u0131m\u0131z o muhte\u015fem gelece\u011fin vizyonunu bizimle payla\u015f\u0131yor.Y\u0131ld\u0131zlara yelken a\u00e7maya haz\u0131rlan\u0131n!<\/p>\n","protected":false},"excerpt":{"rendered":"<p>Kozmos Bizim \u0130\u00e7imizdedir. Biz Y\u0131ld\u0131z Tozundan Yap\u0131lmay\u0131z. Biz Evrenin Kendisini Bilmesinin Bir Yoluyuz.Kozmos: Ki\u015fisel Bir YolculukKozmos: Yeni Du\u0308nyalar, Carl Sagan ve Ann Druyan\u2019\u0131n birlikte ba\u015flad\u0131klar\u0131 destan\u0131n<span class=\"excerpt-hellip\"> [\u2026]<\/span><\/p>\n","protected":false},"featured_media":0,"template":"","meta":{"_monsterinsights_skip_tracking":false,"_monsterinsights_sitenote_active":false,"_monsterinsights_sitenote_note":"","_monsterinsights_sitenote_category":0},"product_brand":[],"product_cat":[43754,13005],"product_tag":[],"class_list":{"0":"post-756267","1":"product","2":"type-product","3":"status-publish","5":"product_cat-astronomi","6":"product_cat-bilim-muhendislik","7":"pa_cilt-ciltsiz","8":"pa_tur-kitap","9":"pa_yayinevi-beta-kitap","10":"pa_yazar-ann-druyan","12":"first","13":"instock","14":"sale","15":"shipping-taxable","16":"purchasable","17":"product-type-simple"},"_links":{"self":[{"href":"https:\/\/roveyayinevi.com.tr\/index.php\/wp-json\/wp\/v2\/product\/756267","targetHints":{"allow":["GET"]}}],"collection":[{"href":"https:\/\/roveyayinevi.com.tr\/index.php\/wp-json\/wp\/v2\/product"}],"about":[{"href":"https:\/\/roveyayinevi.com.tr\/index.php\/wp-json\/wp\/v2\/types\/product"}],"wp:attachment":[{"href":"https:\/\/roveyayinevi.com.tr\/index.php\/wp-json\/wp\/v2\/media?parent=756267"}],"wp:term":[{"taxonomy":"product_brand","embeddable":true,"href":"https:\/\/roveyayinevi.com.tr\/index.php\/wp-json\/wp\/v2\/product_brand?post=756267"},{"taxonomy":"product_cat","embeddable":true,"href":"https:\/\/roveyayinevi.com.tr\/index.php\/wp-json\/wp\/v2\/product_cat?post=756267"},{"taxonomy":"product_tag","embeddable":true,"href":"https:\/\/roveyayinevi.com.tr\/index.php\/wp-json\/wp\/v2\/product_tag?post=756267"}],"curies":[{"name":"wp","href":"https:\/\/api.w.org\/{rel}","templated":true}]}}