{"id":756262,"date":"2025-08-28T07:03:05","date_gmt":"2025-08-28T04:03:05","guid":{"rendered":"https:\/\/roveyayinevi.com.tr\/index.php\/urun\/yasini-sev\/"},"modified":"2026-04-16T03:09:31","modified_gmt":"2026-04-16T00:09:31","slug":"yasini-sev","status":"publish","type":"product","link":"https:\/\/roveyayinevi.com.tr\/index.php\/urun\/yasini-sev\/","title":{"rendered":"Ya\u015f\u0131n\u0131 Sev"},"content":{"rendered":"<p>Bir Al\u0131\u015fkanl\u0131k De\u011fi\u015ftirerek Hayat\u0131n\u0131z\u0131 De\u011fi\u015ftirin!Enerji, bilgi ve g\u00fcven ile hayat\u0131n\u0131z\u0131n sorumlulu\u011funu almaya hemen ba\u015flay\u0131n!Ya\u015f\u0131n\u0131 Sev, ister 45 ister 65 ya\u015f\u0131nda ol, g\u00f6r\u00fcn\u00fcm\u00fcn\u00fc ve hissettiklerini iyile\u015ftirmene yard\u0131mc\u0131 olacak harika bir rehber. Ya\u015fam tarz\u0131 uzman\u0131 Barbara Hannah Grufferman, bu canl\u0131 ve dopdolu sayfalarda, 100\u2019den fazla benimsemesi kolay sa\u011fl\u0131kl\u0131 al\u0131\u015fkanl\u0131\u011f\u0131 anlatarak olumlu se\u00e7imler yapman konusunda seni y\u00fcreklendiriyor ve ad\u0131m ad\u0131m daha uzun, daha mutlu bir ya\u015fam i\u00e7in yol g\u00f6steriyor. Sa\u011fl\u0131ktan giyime, i\u015ften ili\u015fkilere kadar her ad\u0131m, seni daha iyi beslenmen, menopozu rahat atlatman, zihnini canl\u0131 tutman veya cinsel hayat\u0131n\u0131 iyile\u015ftirmen gibi ki\u015fisel bir hedefe y\u00f6nlendirecektir. Bu e\u011flenceli, yenilik\u00e7i ve pratik kaynak \u015fimdiye kadar ya\u015fad\u0131\u011f\u0131n hayat\u0131ndan \u00e7ok daha iyisini ya\u015faman\u0131n senin elinde oldu\u011funa dair ilham veriyor.<\/p>\n","protected":false},"excerpt":{"rendered":"<p>Bir Al\u0131\u015fkanl\u0131k De\u011fi\u015ftirerek Hayat\u0131n\u0131z\u0131 De\u011fi\u015ftirin!Enerji, bilgi ve g\u00fcven ile hayat\u0131n\u0131z\u0131n sorumlulu\u011funu almaya hemen ba\u015flay\u0131n!Ya\u015f\u0131n\u0131 Sev, ister 45 ister 65 ya\u015f\u0131nda ol, g\u00f6r\u00fcn\u00fcm\u00fcn\u00fc ve hissettiklerini iyile\u015ftirmene yard\u0131mc\u0131<span class=\"excerpt-hellip\"> [\u2026]<\/span><\/p>\n","protected":false},"featured_media":0,"template":"","meta":{"_monsterinsights_skip_tracking":false,"_monsterinsights_sitenote_active":false,"_monsterinsights_sitenote_note":"","_monsterinsights_sitenote_category":0},"product_brand":[],"product_cat":[12364,12376],"product_tag":[],"class_list":{"0":"post-756262","1":"product","2":"type-product","3":"status-publish","5":"product_cat-genel-konular","6":"product_cat-kisisel-gelisim","7":"pa_cilt-ciltsiz","8":"pa_tur-kitap","9":"pa_yayinevi-beta-kitap","10":"pa_yazar-barbara-hannah-grufferman","12":"first","13":"instock","14":"sale","15":"shipping-taxable","16":"purchasable","17":"product-type-simple"},"_links":{"self":[{"href":"https:\/\/roveyayinevi.com.tr\/index.php\/wp-json\/wp\/v2\/product\/756262","targetHints":{"allow":["GET"]}}],"collection":[{"href":"https:\/\/roveyayinevi.com.tr\/index.php\/wp-json\/wp\/v2\/product"}],"about":[{"href":"https:\/\/roveyayinevi.com.tr\/index.php\/wp-json\/wp\/v2\/types\/product"}],"wp:attachment":[{"href":"https:\/\/roveyayinevi.com.tr\/index.php\/wp-json\/wp\/v2\/media?parent=756262"}],"wp:term":[{"taxonomy":"product_brand","embeddable":true,"href":"https:\/\/roveyayinevi.com.tr\/index.php\/wp-json\/wp\/v2\/product_brand?post=756262"},{"taxonomy":"product_cat","embeddable":true,"href":"https:\/\/roveyayinevi.com.tr\/index.php\/wp-json\/wp\/v2\/product_cat?post=756262"},{"taxonomy":"product_tag","embeddable":true,"href":"https:\/\/roveyayinevi.com.tr\/index.php\/wp-json\/wp\/v2\/product_tag?post=756262"}],"curies":[{"name":"wp","href":"https:\/\/api.w.org\/{rel}","templated":true}]}}