{"id":756261,"date":"2025-08-28T07:03:03","date_gmt":"2025-08-28T04:03:03","guid":{"rendered":"https:\/\/roveyayinevi.com.tr\/index.php\/urun\/1984-27\/"},"modified":"2026-04-16T03:09:31","modified_gmt":"2026-04-16T00:09:31","slug":"1984-27","status":"publish","type":"product","link":"https:\/\/roveyayinevi.com.tr\/index.php\/urun\/1984-27\/","title":{"rendered":"1984"},"content":{"rendered":"<p>Yeni Bir Okuma Deneyimine Haz\u0131r M\u0131s\u0131n\u0131z? Bitmeyen bir sava\u015f\u0131n, cehalete \u00f6vg\u00fcn\u00fcn ve itaatin en yu\u0308ksek erdem oldug\u0306u o\u0308g\u0306retisinin ic\u0327inde, yas\u0327ayan herkesin go\u0308zetlendig\u0306i ve toplumun tu\u0308m fertlerinin birbirini denetledig\u0306i bir toplumda, bir adam\u0131n akl\u0131na c\u0327ok tehlikeli bir soru gelir: Daha gu\u0308zel bir du\u0308nya kurabilir miydik? Winston bu sorunun yan\u0131t\u0131n\u0131 o\u0308nce proleterlerin du\u0308nyas\u0131nda, sonra gec\u0327mis\u0327te, sonra da Julia ile girdig\u0306i yasak ilis\u0327kide arar. Ama fark etmedig\u0306i bir s\u0327ey vard\u0131r: Teknoloji, korkunc\u0327 bir rejimin tu\u0308m bu masum duygular\u0131 yok edebileceg\u0306i kadar ilerlemis\u0327tir. George Orwell\u2019\u0131n karanl\u0131k du\u0308nyas\u0131na hos\u0327 geldiniz. Beta Kitap, Orwell\u2019\u0131n gu\u0308venlik kameralar\u0131yla c\u0327evrelenmis\u0327, izleyen ve izlenenin birbirine kar\u0131s\u0327t\u0131g\u0306\u0131 distopyas\u0131n\u0131 c\u0327izgi roman olarak yay\u0131ml\u0131yor. I\u0307nsan\u0131n ve iktidar\u0131n kirli dog\u0306as\u0131na dair yaz\u0131lm\u0131s\u0327 en sert eserlerden biri, Ata O\u0308zdemirci\u2019nin kurgusu ve Ece Zeber\u2019in c\u0327izimiyle okurla bulus\u0327uyor. Bu c\u0327izgi roman, 1984\u2019u\u0308 okumam\u0131s\u0327 olanlar ic\u0327in Orwell\u2019\u0131n du\u0308nyas\u0131na giris\u0327, eserin hayranlar\u0131 ic\u0327inse o\u0308nemli bir koleksiyon parc\u0327as\u0131 nitelig\u0306inde. I\u0307nsan\u0131 bekleyen geleceg\u0306e dair, gec\u0327mis\u0327ten gu\u0308nu\u0308mu\u0308ze ciddi bir uyar\u0131.<\/p>\n","protected":false},"excerpt":{"rendered":"<p>Yeni Bir Okuma Deneyimine Haz\u0131r M\u0131s\u0131n\u0131z? Bitmeyen bir sava\u015f\u0131n, cehalete \u00f6vg\u00fcn\u00fcn ve itaatin en yu\u0308ksek erdem oldug\u0306u o\u0308g\u0306retisinin ic\u0327inde, yas\u0327ayan herkesin go\u0308zetlendig\u0306i ve toplumun tu\u0308m fertlerinin<span class=\"excerpt-hellip\"> [\u2026]<\/span><\/p>\n","protected":false},"featured_media":0,"template":"","meta":{"_monsterinsights_skip_tracking":false,"_monsterinsights_sitenote_active":false,"_monsterinsights_sitenote_note":"","_monsterinsights_sitenote_category":0},"product_brand":[],"product_cat":[12416,12291],"product_tag":[],"class_list":{"0":"post-756261","1":"product","2":"type-product","3":"status-publish","5":"product_cat-cizgi-roman","6":"product_cat-edebiyat","7":"pa_cilt-ciltsiz","8":"pa_tur-kitap","9":"pa_yayinevi-beta-kitap","10":"pa_yazar-george-orwell","12":"first","13":"instock","14":"sale","15":"shipping-taxable","16":"purchasable","17":"product-type-simple"},"_links":{"self":[{"href":"https:\/\/roveyayinevi.com.tr\/index.php\/wp-json\/wp\/v2\/product\/756261","targetHints":{"allow":["GET"]}}],"collection":[{"href":"https:\/\/roveyayinevi.com.tr\/index.php\/wp-json\/wp\/v2\/product"}],"about":[{"href":"https:\/\/roveyayinevi.com.tr\/index.php\/wp-json\/wp\/v2\/types\/product"}],"wp:attachment":[{"href":"https:\/\/roveyayinevi.com.tr\/index.php\/wp-json\/wp\/v2\/media?parent=756261"}],"wp:term":[{"taxonomy":"product_brand","embeddable":true,"href":"https:\/\/roveyayinevi.com.tr\/index.php\/wp-json\/wp\/v2\/product_brand?post=756261"},{"taxonomy":"product_cat","embeddable":true,"href":"https:\/\/roveyayinevi.com.tr\/index.php\/wp-json\/wp\/v2\/product_cat?post=756261"},{"taxonomy":"product_tag","embeddable":true,"href":"https:\/\/roveyayinevi.com.tr\/index.php\/wp-json\/wp\/v2\/product_tag?post=756261"}],"curies":[{"name":"wp","href":"https:\/\/api.w.org\/{rel}","templated":true}]}}