{"id":756260,"date":"2025-08-28T07:03:00","date_gmt":"2025-08-28T04:03:00","guid":{"rendered":"https:\/\/roveyayinevi.com.tr\/index.php\/urun\/hayvan-ciftligi-cizgi-roman\/"},"modified":"2026-04-16T03:09:31","modified_gmt":"2026-04-16T00:09:31","slug":"hayvan-ciftligi-cizgi-roman","status":"publish","type":"product","link":"https:\/\/roveyayinevi.com.tr\/index.php\/urun\/hayvan-ciftligi-cizgi-roman\/","title":{"rendered":"Hayvan \u00c7iftli\u011fi (\u00c7izgi Roman)"},"content":{"rendered":"<p>Beta Kitap gururla sunar!Yeni bir okuma deneyimine haz\u0131r m\u0131s\u0131n\u0131z?Ba\u015flang\u0131\u00e7ta hayvanlar ve insanlar ayn\u0131 kaynaklar\u0131 payla\u015f\u0131yordu.Sonra insanlar \u00f6rg\u00fctlendiler, \u00e7it \u00e7ekmeyi ve\u201cbu benim\u201d demeyi \u00f6\u011frendiler.Hayvanlar\u0131 \u00e7al\u0131\u015ft\u0131rd\u0131lar, onlar\u0131n s\u0131rt\u0131ndan refaha erdiler. Kar\u015f\u0131l\u0131\u011f\u0131nda hayvanlara kar\u0131nlar\u0131n\u0131 doyuracak kadar yiyecek verdiler.Bir g\u00fcn hayvanlar uyand\u0131, silkindi ve insanlar\u0131 tepesinden atmay\u0131 ba\u015fard\u0131.Art\u0131k \u00e7iftlik, hayvanlar\u0131nd\u0131, ad\u0131 da \u201cHayvan \u00c7iftli\u011fi\u201dydi.Ne var ki bu \u00e7iftli\u011fi birilerinin y\u00f6netmesi gerekiyordu, y\u00f6netime domuzlar talip oldu, kabul ettiler.Hep birlikte \u00e7iftli\u011fin kurallar\u0131n\u0131 yazd\u0131lar ve el birli\u011fiyle \u00e7al\u0131\u015fmaya ba\u015flad\u0131lar.Domuzlar da onlar\u0131 \u00e7al\u0131\u015ft\u0131rmaya\u2026B\u00fct\u00fcn hayvanlar e\u015fitti ama baz\u0131lar\u0131 daha e\u015fitti. Bir s\u00fcre sonra i\u015fler de\u011fi\u015fti ve hayvanlar eskisinden daha \u00e7ok \u00e7al\u0131\u015fmaya ve daha az dinlenmeye ba\u015flad\u0131lar.\u00c7\u00fcnk\u00fc i\u00e7 d\u00fc\u015fmanlar ve d\u0131\u015f d\u00fc\u015fmanlar vard\u0131. Onlara kar\u015f\u0131 en ufak bir zaaf g\u00f6sterirlerse eski g\u00fcnler geri gelirdi.Bu \u00e7izgi roman, Hayvan \u00c7iftli\u011fi\u2019ni okumam\u0131\u015f olanlar i\u00e7in Orwell\u2019\u0131n d\u00fcnyas\u0131na giri\u015f, eserin hayranlar\u0131 i\u00e7inse \u00f6zel bir koleksiyon par\u00e7as\u0131 niteli\u011finde.\u0130ktidar\u0131n do\u011fas\u0131yla birlikte domuzlar\u0131n h\u0131zl\u0131 bir \u015fekilde insana d\u00f6n\u00fc\u015fme hik\u00e2yesi\u2026<\/p>\n","protected":false},"excerpt":{"rendered":"<p>Beta Kitap gururla sunar!Yeni bir okuma deneyimine haz\u0131r m\u0131s\u0131n\u0131z?Ba\u015flang\u0131\u00e7ta hayvanlar ve insanlar ayn\u0131 kaynaklar\u0131 payla\u015f\u0131yordu.Sonra insanlar \u00f6rg\u00fctlendiler, \u00e7it \u00e7ekmeyi ve\u201cbu benim\u201d demeyi \u00f6\u011frendiler.Hayvanlar\u0131 \u00e7al\u0131\u015ft\u0131rd\u0131lar, onlar\u0131n s\u0131rt\u0131ndan<span class=\"excerpt-hellip\"> [\u2026]<\/span><\/p>\n","protected":false},"featured_media":0,"template":"","meta":{"_monsterinsights_skip_tracking":false,"_monsterinsights_sitenote_active":false,"_monsterinsights_sitenote_note":"","_monsterinsights_sitenote_category":0},"product_brand":[],"product_cat":[12416,12291],"product_tag":[],"class_list":{"0":"post-756260","1":"product","2":"type-product","3":"status-publish","5":"product_cat-cizgi-roman","6":"product_cat-edebiyat","7":"pa_cilt-ciltsiz","8":"pa_tur-kitap","9":"pa_yayinevi-beta-kitap","10":"pa_yazar-george-orwell","12":"first","13":"instock","14":"sale","15":"shipping-taxable","16":"purchasable","17":"product-type-simple"},"_links":{"self":[{"href":"https:\/\/roveyayinevi.com.tr\/index.php\/wp-json\/wp\/v2\/product\/756260","targetHints":{"allow":["GET"]}}],"collection":[{"href":"https:\/\/roveyayinevi.com.tr\/index.php\/wp-json\/wp\/v2\/product"}],"about":[{"href":"https:\/\/roveyayinevi.com.tr\/index.php\/wp-json\/wp\/v2\/types\/product"}],"wp:attachment":[{"href":"https:\/\/roveyayinevi.com.tr\/index.php\/wp-json\/wp\/v2\/media?parent=756260"}],"wp:term":[{"taxonomy":"product_brand","embeddable":true,"href":"https:\/\/roveyayinevi.com.tr\/index.php\/wp-json\/wp\/v2\/product_brand?post=756260"},{"taxonomy":"product_cat","embeddable":true,"href":"https:\/\/roveyayinevi.com.tr\/index.php\/wp-json\/wp\/v2\/product_cat?post=756260"},{"taxonomy":"product_tag","embeddable":true,"href":"https:\/\/roveyayinevi.com.tr\/index.php\/wp-json\/wp\/v2\/product_tag?post=756260"}],"curies":[{"name":"wp","href":"https:\/\/api.w.org\/{rel}","templated":true}]}}