{"id":756258,"date":"2025-08-28T07:02:57","date_gmt":"2025-08-28T04:02:57","guid":{"rendered":"https:\/\/roveyayinevi.com.tr\/index.php\/urun\/minikler-icin-mescitlerimiz\/"},"modified":"2026-01-28T03:45:27","modified_gmt":"2026-01-28T00:45:27","slug":"minikler-icin-mescitlerimiz","status":"publish","type":"product","link":"https:\/\/roveyayinevi.com.tr\/index.php\/urun\/minikler-icin-mescitlerimiz\/","title":{"rendered":"Minikler \u0130\u00e7in Mescitlerimiz"},"content":{"rendered":"<p>Anneler ve babalar, \u00c7ocu\u011funuzun mescitlerini tan\u0131mas\u0131 i\u00e7in b\u00fcy\u00fcmesini beklemeyin! Bu kitapta \u201cMinikler \u0130\u00e7in Mescitlerimiz\u201d diyoruz, beraberce Mescid-i Aksa\u2019ya, Mescid-i Haram\u2019a ve Mescid-i Nebevi\u2019ye gidiyoruz. <\/p>\n","protected":false},"excerpt":{"rendered":"<p>Anneler ve babalar, \u00c7ocu\u011funuzun mescitlerini tan\u0131mas\u0131 i\u00e7in b\u00fcy\u00fcmesini beklemeyin! Bu kitapta \u201cMinikler \u0130\u00e7in Mescitlerimiz\u201d diyoruz, beraberce Mescid-i Aksa\u2019ya, Mescid-i Haram\u2019a ve Mescid-i Nebevi\u2019ye gidiyoruz.<\/p>\n","protected":false},"featured_media":0,"template":"","meta":{"_monsterinsights_skip_tracking":false,"_monsterinsights_sitenote_active":false,"_monsterinsights_sitenote_note":"","_monsterinsights_sitenote_category":0},"product_brand":[],"product_cat":[12274,18802],"product_tag":[],"class_list":{"0":"post-756258","1":"product","2":"type-product","3":"status-publish","5":"product_cat-cocuk-ve-genclik-kitaplari","6":"product_cat-din-egitimi","7":"pa_cilt-ciltsiz","8":"pa_tur-kitap","9":"pa_yayinevi-aile-yayinlari","10":"pa_yazar-hatice-kubra-tongar","12":"first","13":"instock","14":"sale","15":"shipping-taxable","16":"purchasable","17":"product-type-simple"},"_links":{"self":[{"href":"https:\/\/roveyayinevi.com.tr\/index.php\/wp-json\/wp\/v2\/product\/756258","targetHints":{"allow":["GET"]}}],"collection":[{"href":"https:\/\/roveyayinevi.com.tr\/index.php\/wp-json\/wp\/v2\/product"}],"about":[{"href":"https:\/\/roveyayinevi.com.tr\/index.php\/wp-json\/wp\/v2\/types\/product"}],"wp:attachment":[{"href":"https:\/\/roveyayinevi.com.tr\/index.php\/wp-json\/wp\/v2\/media?parent=756258"}],"wp:term":[{"taxonomy":"product_brand","embeddable":true,"href":"https:\/\/roveyayinevi.com.tr\/index.php\/wp-json\/wp\/v2\/product_brand?post=756258"},{"taxonomy":"product_cat","embeddable":true,"href":"https:\/\/roveyayinevi.com.tr\/index.php\/wp-json\/wp\/v2\/product_cat?post=756258"},{"taxonomy":"product_tag","embeddable":true,"href":"https:\/\/roveyayinevi.com.tr\/index.php\/wp-json\/wp\/v2\/product_tag?post=756258"}],"curies":[{"name":"wp","href":"https:\/\/api.w.org\/{rel}","templated":true}]}}