{"id":756257,"date":"2025-08-28T07:02:55","date_gmt":"2025-08-28T04:02:55","guid":{"rendered":"https:\/\/roveyayinevi.com.tr\/index.php\/urun\/ben-kuduste-bir-guzel\/"},"modified":"2026-04-16T03:09:31","modified_gmt":"2026-04-16T00:09:31","slug":"ben-kuduste-bir-guzel","status":"publish","type":"product","link":"https:\/\/roveyayinevi.com.tr\/index.php\/urun\/ben-kuduste-bir-guzel\/","title":{"rendered":"Ben Kud\u00fcs\u2019te Bir G\u00fczel"},"content":{"rendered":"<p>Hey baksana bana! Haydi beraber bir yolculu\u011fa \u00e7\u0131kal\u0131m ad\u0131m ad\u0131m, usulca. Bakanlar hayran kal\u0131rlar ya\u015fad\u0131\u011f\u0131m topraklara. Buran\u0131n insan\u0131 ayr\u0131 g\u00fczel, topra\u011f\u0131 ayr\u0131 g\u00fczel, havas\u0131 ayr\u0131 g\u00fczel&#8230; Hele bir yer var ki burada, her yerden daha g\u00fczel! Ben kim miyim? S\u00f6ylemem! S\u00fcrprizim kitab\u0131n sonunda! Sadece \u015f\u00f6yle diyeyim sana: \u201cBen Kud\u00fcs\u2019te bir g\u00fczel!\u201d Ben Kud\u00fcs\u2019te Bir G\u00fczel\u2026 \u00c7ocuklar\u0131m\u0131z ilk k\u0131blelerini yak\u0131ndan tan\u0131y\u0131p \u00f6\u011frensinler diye&#8230; <\/p>\n","protected":false},"excerpt":{"rendered":"<p>Hey baksana bana! Haydi beraber bir yolculu\u011fa \u00e7\u0131kal\u0131m ad\u0131m ad\u0131m, usulca. Bakanlar hayran kal\u0131rlar ya\u015fad\u0131\u011f\u0131m topraklara. Buran\u0131n insan\u0131 ayr\u0131 g\u00fczel, topra\u011f\u0131 ayr\u0131 g\u00fczel, havas\u0131 ayr\u0131 g\u00fczel&#8230;<span class=\"excerpt-hellip\"> [\u2026]<\/span><\/p>\n","protected":false},"featured_media":0,"template":"","meta":{"_monsterinsights_skip_tracking":false,"_monsterinsights_sitenote_active":false,"_monsterinsights_sitenote_note":"","_monsterinsights_sitenote_category":0},"product_brand":[],"product_cat":[12274,12284],"product_tag":[],"class_list":{"0":"post-756257","1":"product","2":"type-product","3":"status-publish","5":"product_cat-cocuk-ve-genclik-kitaplari","6":"product_cat-hikayeler","7":"pa_cilt-ciltsiz","8":"pa_tur-kitap","9":"pa_yayinevi-aile-yayinlari","10":"pa_yazar-betul-guler-dastan","12":"first","13":"instock","14":"sale","15":"shipping-taxable","16":"purchasable","17":"product-type-simple"},"_links":{"self":[{"href":"https:\/\/roveyayinevi.com.tr\/index.php\/wp-json\/wp\/v2\/product\/756257","targetHints":{"allow":["GET"]}}],"collection":[{"href":"https:\/\/roveyayinevi.com.tr\/index.php\/wp-json\/wp\/v2\/product"}],"about":[{"href":"https:\/\/roveyayinevi.com.tr\/index.php\/wp-json\/wp\/v2\/types\/product"}],"wp:attachment":[{"href":"https:\/\/roveyayinevi.com.tr\/index.php\/wp-json\/wp\/v2\/media?parent=756257"}],"wp:term":[{"taxonomy":"product_brand","embeddable":true,"href":"https:\/\/roveyayinevi.com.tr\/index.php\/wp-json\/wp\/v2\/product_brand?post=756257"},{"taxonomy":"product_cat","embeddable":true,"href":"https:\/\/roveyayinevi.com.tr\/index.php\/wp-json\/wp\/v2\/product_cat?post=756257"},{"taxonomy":"product_tag","embeddable":true,"href":"https:\/\/roveyayinevi.com.tr\/index.php\/wp-json\/wp\/v2\/product_tag?post=756257"}],"curies":[{"name":"wp","href":"https:\/\/api.w.org\/{rel}","templated":true}]}}