{"id":756256,"date":"2025-08-28T07:02:53","date_gmt":"2025-08-28T04:02:53","guid":{"rendered":"https:\/\/roveyayinevi.com.tr\/index.php\/urun\/bir-bayrak-ruzgar-bekliyor-ciltli\/"},"modified":"2026-04-16T03:09:31","modified_gmt":"2026-04-16T00:09:31","slug":"bir-bayrak-ruzgar-bekliyor-ciltli","status":"publish","type":"product","link":"https:\/\/roveyayinevi.com.tr\/index.php\/urun\/bir-bayrak-ruzgar-bekliyor-ciltli\/","title":{"rendered":"Bir Bayrak R\u00fczgar Bekliyor (Ciltli)"},"content":{"rendered":"<p>T\u00fcrk edebiyat\u0131n\u0131n en me\u015fhur \u015fiir verimlerinden Bir Bayrak R\u00fczg\u00e2r Bekliyor&#8217;u, Cumhuriyetimizin 100. y\u0131l\u0131na \u00f6zel bez ciltli, \u015f\u00f6mizli bask\u0131s\u0131yla takdim ediyoruz. 1945&#8217;teki ilk bask\u0131n\u0131n kapak ve i\u00e7 tertibi korunarak O\u011fan Kandemiro\u011flu&#8217;nun<\/p>\n","protected":false},"excerpt":{"rendered":"<p>T\u00fcrk edebiyat\u0131n\u0131n en me\u015fhur \u015fiir verimlerinden Bir Bayrak R\u00fczg\u00e2r Bekliyor&#8217;u, Cumhuriyetimizin 100. y\u0131l\u0131na \u00f6zel bez ciltli, \u015f\u00f6mizli bask\u0131s\u0131yla takdim ediyoruz. 1945&#8217;teki ilk bask\u0131n\u0131n kapak ve i\u00e7<span class=\"excerpt-hellip\"> [\u2026]<\/span><\/p>\n","protected":false},"featured_media":0,"template":"","meta":{"_monsterinsights_skip_tracking":false,"_monsterinsights_sitenote_active":false,"_monsterinsights_sitenote_note":"","_monsterinsights_sitenote_category":0},"product_brand":[],"product_cat":[12291,12509],"product_tag":[],"class_list":{"0":"post-756256","1":"product","2":"type-product","3":"status-publish","5":"product_cat-edebiyat","6":"product_cat-siir","7":"pa_cilt-ciltli","8":"pa_tur-kitap","9":"pa_yayinevi-otuken-nesriyat","10":"pa_yazar-arif-nihat-asya","12":"first","13":"instock","14":"sale","15":"shipping-taxable","16":"purchasable","17":"product-type-simple"},"_links":{"self":[{"href":"https:\/\/roveyayinevi.com.tr\/index.php\/wp-json\/wp\/v2\/product\/756256","targetHints":{"allow":["GET"]}}],"collection":[{"href":"https:\/\/roveyayinevi.com.tr\/index.php\/wp-json\/wp\/v2\/product"}],"about":[{"href":"https:\/\/roveyayinevi.com.tr\/index.php\/wp-json\/wp\/v2\/types\/product"}],"wp:attachment":[{"href":"https:\/\/roveyayinevi.com.tr\/index.php\/wp-json\/wp\/v2\/media?parent=756256"}],"wp:term":[{"taxonomy":"product_brand","embeddable":true,"href":"https:\/\/roveyayinevi.com.tr\/index.php\/wp-json\/wp\/v2\/product_brand?post=756256"},{"taxonomy":"product_cat","embeddable":true,"href":"https:\/\/roveyayinevi.com.tr\/index.php\/wp-json\/wp\/v2\/product_cat?post=756256"},{"taxonomy":"product_tag","embeddable":true,"href":"https:\/\/roveyayinevi.com.tr\/index.php\/wp-json\/wp\/v2\/product_tag?post=756256"}],"curies":[{"name":"wp","href":"https:\/\/api.w.org\/{rel}","templated":true}]}}