{"id":756255,"date":"2025-08-28T07:02:52","date_gmt":"2025-08-28T04:02:52","guid":{"rendered":"https:\/\/roveyayinevi.com.tr\/index.php\/urun\/irade-terbiyesi-ciltli\/"},"modified":"2026-04-16T03:09:31","modified_gmt":"2026-04-16T00:09:31","slug":"irade-terbiyesi-ciltli","status":"publish","type":"product","link":"https:\/\/roveyayinevi.com.tr\/index.php\/urun\/irade-terbiyesi-ciltli\/","title":{"rendered":"\u0130rade Terbiyesi (Ciltli)"},"content":{"rendered":"<p>Kitab\u0131n de\u011ferini anlamak i\u00e7in, hakk\u0131nda s\u00f6ylenenlere bir g\u00f6z atmak k\u00e2fidir. \u201cM\u00f6sy\u00f6 Girard bize bir kitap tavsiye etti ve mutlaka okumam\u0131z\u0131 s\u00f6yledi. Bu, Aix-Marseille \u00dcniversitesi Rekt\u00f6r\u00fc Jules Payot&#8217;nun (1859-1940) \u201cl&#8217;Education de la<\/p>\n","protected":false},"excerpt":{"rendered":"<p>Kitab\u0131n de\u011ferini anlamak i\u00e7in, hakk\u0131nda s\u00f6ylenenlere bir g\u00f6z atmak k\u00e2fidir. \u201cM\u00f6sy\u00f6 Girard bize bir kitap tavsiye etti ve mutlaka okumam\u0131z\u0131 s\u00f6yledi. Bu, Aix-Marseille \u00dcniversitesi Rekt\u00f6r\u00fc Jules<span class=\"excerpt-hellip\"> [\u2026]<\/span><\/p>\n","protected":false},"featured_media":0,"template":"","meta":{"_monsterinsights_skip_tracking":false,"_monsterinsights_sitenote_active":false,"_monsterinsights_sitenote_note":"","_monsterinsights_sitenote_category":0},"product_brand":[],"product_cat":[12389,12388],"product_tag":[],"class_list":{"0":"post-756255","1":"product","2":"type-product","3":"status-publish","5":"product_cat-diger-felsefe","6":"product_cat-felsefe","7":"pa_cilt-ciltli","8":"pa_tur-kitap","9":"pa_yayinevi-otuken-nesriyat","10":"pa_yazar-jules-payot","12":"first","13":"instock","14":"sale","15":"shipping-taxable","16":"purchasable","17":"product-type-simple"},"_links":{"self":[{"href":"https:\/\/roveyayinevi.com.tr\/index.php\/wp-json\/wp\/v2\/product\/756255","targetHints":{"allow":["GET"]}}],"collection":[{"href":"https:\/\/roveyayinevi.com.tr\/index.php\/wp-json\/wp\/v2\/product"}],"about":[{"href":"https:\/\/roveyayinevi.com.tr\/index.php\/wp-json\/wp\/v2\/types\/product"}],"wp:attachment":[{"href":"https:\/\/roveyayinevi.com.tr\/index.php\/wp-json\/wp\/v2\/media?parent=756255"}],"wp:term":[{"taxonomy":"product_brand","embeddable":true,"href":"https:\/\/roveyayinevi.com.tr\/index.php\/wp-json\/wp\/v2\/product_brand?post=756255"},{"taxonomy":"product_cat","embeddable":true,"href":"https:\/\/roveyayinevi.com.tr\/index.php\/wp-json\/wp\/v2\/product_cat?post=756255"},{"taxonomy":"product_tag","embeddable":true,"href":"https:\/\/roveyayinevi.com.tr\/index.php\/wp-json\/wp\/v2\/product_tag?post=756255"}],"curies":[{"name":"wp","href":"https:\/\/api.w.org\/{rel}","templated":true}]}}