{"id":756254,"date":"2025-08-28T07:02:51","date_gmt":"2025-08-28T04:02:51","guid":{"rendered":"https:\/\/roveyayinevi.com.tr\/index.php\/urun\/surdurulebilir-yasam-gunlugu-2024\/"},"modified":"2026-04-16T03:09:31","modified_gmt":"2026-04-16T00:09:31","slug":"surdurulebilir-yasam-gunlugu-2024","status":"publish","type":"product","link":"https:\/\/roveyayinevi.com.tr\/index.php\/urun\/surdurulebilir-yasam-gunlugu-2024\/","title":{"rendered":"S\u00fcrd\u00fcr\u00fclebilir Ya\u015fam G\u00fcnl\u00fc\u011f\u00fc 2024"},"content":{"rendered":"<p>Hadi, hem kendiniz hem de D\u00fcnya\u2019m\u0131z i\u00e7in bir iyilik yap\u0131n. S\u00fcrd\u00fcr\u00fclebilir Ya\u015fam G\u00fcnl\u00fc\u011f\u00fc ile se\u00e7imlerinizi g\u00f6zden ge\u00e7irirken, sadece bireysel sa\u011fl\u0131\u011f\u0131n\u0131z\u0131 de\u011fil, toprak, hava, su ve D\u00fcnya\u2019m\u0131z\u0131n sa\u011fl\u0131\u011f\u0131n\u0131 da d\u00fc\u015f\u00fcn\u00fcn.   Bu proje Birle\u015fmi\u015f Milletler\u2019in S\u00fcrd\u00fcr\u00fclebilir Kalk\u0131nma i\u00e7in belirledi\u011fi K\u00fcresel Ama\u00e7lar\u0131 desteklemektedir. <\/p>\n","protected":false},"excerpt":{"rendered":"<p>Hadi, hem kendiniz hem de D\u00fcnya\u2019m\u0131z i\u00e7in bir iyilik yap\u0131n. S\u00fcrd\u00fcr\u00fclebilir Ya\u015fam G\u00fcnl\u00fc\u011f\u00fc ile se\u00e7imlerinizi g\u00f6zden ge\u00e7irirken, sadece bireysel sa\u011fl\u0131\u011f\u0131n\u0131z\u0131 de\u011fil, toprak, hava, su ve D\u00fcnya\u2019m\u0131z\u0131n<span class=\"excerpt-hellip\"> [\u2026]<\/span><\/p>\n","protected":false},"featured_media":0,"template":"","meta":{"_monsterinsights_skip_tracking":false,"_monsterinsights_sitenote_active":false,"_monsterinsights_sitenote_note":"","_monsterinsights_sitenote_category":0},"product_brand":[],"product_cat":[14787,13488],"product_tag":[],"class_list":{"0":"post-756254","1":"product","2":"type-product","3":"status-publish","5":"product_cat-diger-toplum-ve-insan","6":"product_cat-toplum-ve-insan","7":"pa_cilt-ciltsiz","8":"pa_tur-kitap","9":"pa_yayinevi-alfa-yayinlari-ders-kitaplari","10":"pa_yazar-dilara-kocak","12":"first","13":"instock","14":"sale","15":"shipping-taxable","16":"purchasable","17":"product-type-simple"},"_links":{"self":[{"href":"https:\/\/roveyayinevi.com.tr\/index.php\/wp-json\/wp\/v2\/product\/756254","targetHints":{"allow":["GET"]}}],"collection":[{"href":"https:\/\/roveyayinevi.com.tr\/index.php\/wp-json\/wp\/v2\/product"}],"about":[{"href":"https:\/\/roveyayinevi.com.tr\/index.php\/wp-json\/wp\/v2\/types\/product"}],"wp:attachment":[{"href":"https:\/\/roveyayinevi.com.tr\/index.php\/wp-json\/wp\/v2\/media?parent=756254"}],"wp:term":[{"taxonomy":"product_brand","embeddable":true,"href":"https:\/\/roveyayinevi.com.tr\/index.php\/wp-json\/wp\/v2\/product_brand?post=756254"},{"taxonomy":"product_cat","embeddable":true,"href":"https:\/\/roveyayinevi.com.tr\/index.php\/wp-json\/wp\/v2\/product_cat?post=756254"},{"taxonomy":"product_tag","embeddable":true,"href":"https:\/\/roveyayinevi.com.tr\/index.php\/wp-json\/wp\/v2\/product_tag?post=756254"}],"curies":[{"name":"wp","href":"https:\/\/api.w.org\/{rel}","templated":true}]}}