{"id":756253,"date":"2025-08-28T07:02:50","date_gmt":"2025-08-28T04:02:50","guid":{"rendered":"https:\/\/roveyayinevi.com.tr\/index.php\/urun\/guzelin-patolojisi\/"},"modified":"2026-01-20T03:46:39","modified_gmt":"2026-01-20T00:46:39","slug":"guzelin-patolojisi","status":"publish","type":"product","link":"https:\/\/roveyayinevi.com.tr\/index.php\/urun\/guzelin-patolojisi\/","title":{"rendered":"G\u00fczelin Patolojisi"},"content":{"rendered":"<p>Bu kitap, g\u00fczellik kavram\u0131n\u0131 salt estetik bir problem olarak de\u011fil, ayn\u0131 zamanda toplumsal bir olgu olarak ele almakta ve de\u011fi\u015fim\/d\u00f6n\u00fc\u015f\u00fcm s\u00fcre\u00e7lerinin izle\u011fini anlamaya yarayan hemen her y\u00f6nelim \u00fczerinden g\u00fcncel bir de\u011ferlendirme sunmaktad\u0131r. G\u00fczelli\u011fin, hayat\u0131m\u0131zdaki konumunu ve kad\u0131n cinsine vazge\u00e7ilmez bir bedensel \u00f6znitelik olarak atfedili\u015fini eril tahakk\u00fcm\u00fcn g\u00fczeli ara\u00e7salla\u015ft\u0131rd\u0131\u011f\u0131 senaryo \u00fczerinden tart\u0131\u015farak sistemsel bir okuma alan\u0131na da giri\u015f yapmaktad\u0131r. Bu ba\u011flamda g\u00fcn\u00fcm\u00fcz g\u00fczellik alg\u0131s\u0131n\u0131 irdelemek i\u00e7in sanat\u0131n merkezinden \u00e7\u0131k\u0131p farkl\u0131 disiplinler etraf\u0131nda gezinerek kimi zaman sosyoloji kimi zaman psikoloji kimi zaman da felsefe \u00fczerinden tart\u0131\u015fmalarla g\u00fczelli\u011fin bir sekt\u00f6r olarak i\u015fler hale geli\u015fini sorunsalla\u015ft\u0131rmaktad\u0131r. <\/p>\n","protected":false},"excerpt":{"rendered":"<p>Bu kitap, g\u00fczellik kavram\u0131n\u0131 salt estetik bir problem olarak de\u011fil, ayn\u0131 zamanda toplumsal bir olgu olarak ele almakta ve de\u011fi\u015fim\/d\u00f6n\u00fc\u015f\u00fcm s\u00fcre\u00e7lerinin izle\u011fini anlamaya yarayan hemen her<span class=\"excerpt-hellip\"> [\u2026]<\/span><\/p>\n","protected":false},"featured_media":0,"template":"","meta":{"_monsterinsights_skip_tracking":false,"_monsterinsights_sitenote_active":false,"_monsterinsights_sitenote_note":"","_monsterinsights_sitenote_category":0},"product_brand":[],"product_cat":[44608,12408],"product_tag":[],"class_list":{"0":"post-756253","1":"product","2":"type-product","3":"status-publish","5":"product_cat-diger-sanat","6":"product_cat-sanat","7":"pa_cilt-ciltsiz","8":"pa_tur-kitap","9":"pa_yayinevi-utopya-yayinevi","10":"pa_yazar-ozum-kosar","12":"first","13":"instock","14":"sale","15":"shipping-taxable","16":"purchasable","17":"product-type-simple"},"_links":{"self":[{"href":"https:\/\/roveyayinevi.com.tr\/index.php\/wp-json\/wp\/v2\/product\/756253","targetHints":{"allow":["GET"]}}],"collection":[{"href":"https:\/\/roveyayinevi.com.tr\/index.php\/wp-json\/wp\/v2\/product"}],"about":[{"href":"https:\/\/roveyayinevi.com.tr\/index.php\/wp-json\/wp\/v2\/types\/product"}],"wp:attachment":[{"href":"https:\/\/roveyayinevi.com.tr\/index.php\/wp-json\/wp\/v2\/media?parent=756253"}],"wp:term":[{"taxonomy":"product_brand","embeddable":true,"href":"https:\/\/roveyayinevi.com.tr\/index.php\/wp-json\/wp\/v2\/product_brand?post=756253"},{"taxonomy":"product_cat","embeddable":true,"href":"https:\/\/roveyayinevi.com.tr\/index.php\/wp-json\/wp\/v2\/product_cat?post=756253"},{"taxonomy":"product_tag","embeddable":true,"href":"https:\/\/roveyayinevi.com.tr\/index.php\/wp-json\/wp\/v2\/product_tag?post=756253"}],"curies":[{"name":"wp","href":"https:\/\/api.w.org\/{rel}","templated":true}]}}