{"id":756251,"date":"2025-08-28T07:02:47","date_gmt":"2025-08-28T04:02:47","guid":{"rendered":"https:\/\/roveyayinevi.com.tr\/index.php\/urun\/kara-kita-beyaz-zulum\/"},"modified":"2026-04-16T03:09:31","modified_gmt":"2026-04-16T00:09:31","slug":"kara-kita-beyaz-zulum","status":"publish","type":"product","link":"https:\/\/roveyayinevi.com.tr\/index.php\/urun\/kara-kita-beyaz-zulum\/","title":{"rendered":"Kara K\u0131ta Beyaz Zul\u00fcm"},"content":{"rendered":"<p>Bu kitapta yazar Gazi Ahmedi Mahmut Alkan; Afrika&#8217;y\u0131, Afrikal\u0131lar\u0131 ve k\u00fclt\u00fcrlerini tan\u0131tmay\u0131 ve dahi Bat\u0131\u2019n\u0131n zulm\u00fcn\u00fc anlatmaktad\u0131r. <\/p>\n","protected":false},"excerpt":{"rendered":"<p>Bu kitapta yazar Gazi Ahmedi Mahmut Alkan; Afrika&#8217;y\u0131, Afrikal\u0131lar\u0131 ve k\u00fclt\u00fcrlerini tan\u0131tmay\u0131 ve dahi Bat\u0131\u2019n\u0131n zulm\u00fcn\u00fc anlatmaktad\u0131r.<\/p>\n","protected":false},"featured_media":0,"template":"","meta":{"_monsterinsights_skip_tracking":false,"_monsterinsights_sitenote_active":false,"_monsterinsights_sitenote_note":"","_monsterinsights_sitenote_category":0},"product_brand":[],"product_cat":[12305,12304],"product_tag":[],"class_list":{"0":"post-756251","1":"product","2":"type-product","3":"status-publish","5":"product_cat-dunya-tarihi","6":"product_cat-tarih","7":"pa_cilt-ciltsiz","8":"pa_tur-kitap","9":"pa_yayinevi-zet-yayinlari","10":"pa_yazar-ahmedi-mahmut-alkan","12":"first","13":"instock","14":"sale","15":"shipping-taxable","16":"purchasable","17":"product-type-simple"},"_links":{"self":[{"href":"https:\/\/roveyayinevi.com.tr\/index.php\/wp-json\/wp\/v2\/product\/756251","targetHints":{"allow":["GET"]}}],"collection":[{"href":"https:\/\/roveyayinevi.com.tr\/index.php\/wp-json\/wp\/v2\/product"}],"about":[{"href":"https:\/\/roveyayinevi.com.tr\/index.php\/wp-json\/wp\/v2\/types\/product"}],"wp:attachment":[{"href":"https:\/\/roveyayinevi.com.tr\/index.php\/wp-json\/wp\/v2\/media?parent=756251"}],"wp:term":[{"taxonomy":"product_brand","embeddable":true,"href":"https:\/\/roveyayinevi.com.tr\/index.php\/wp-json\/wp\/v2\/product_brand?post=756251"},{"taxonomy":"product_cat","embeddable":true,"href":"https:\/\/roveyayinevi.com.tr\/index.php\/wp-json\/wp\/v2\/product_cat?post=756251"},{"taxonomy":"product_tag","embeddable":true,"href":"https:\/\/roveyayinevi.com.tr\/index.php\/wp-json\/wp\/v2\/product_tag?post=756251"}],"curies":[{"name":"wp","href":"https:\/\/api.w.org\/{rel}","templated":true}]}}