{"id":756241,"date":"2025-08-28T07:02:30","date_gmt":"2025-08-28T04:02:30","guid":{"rendered":"https:\/\/roveyayinevi.com.tr\/index.php\/urun\/aklimda-bir-yer-var\/"},"modified":"2026-01-28T03:45:26","modified_gmt":"2026-01-28T00:45:26","slug":"aklimda-bir-yer-var","status":"publish","type":"product","link":"https:\/\/roveyayinevi.com.tr\/index.php\/urun\/aklimda-bir-yer-var\/","title":{"rendered":"Akl\u0131mda Bir Yer Var"},"content":{"rendered":"<p>\u015eimdiii, g\u00fczel arkada\u015f\u0131m! Oyunun kurallar\u0131n\u0131 anlat\u0131yorum. Belki de biliyorsun bu oyunu zaten. Bilmiyorsan da \u00e7ok kolay ve zevkli. \u00d6\u011frenirsin hemen. Oyunumuz \u015fu: Ben akl\u0131mdan bir yer tutuyorum. Ve sana soruyorum. \u201cAkl\u0131mda bir yer var?\u201d Sen de ipucu istiyorsun. Diyorsun ki: \u201cNesi var?\u201d Ama \u00f6yle kolay de\u011fil haaa! Bilemeyebilirsin, hemen ilk soruda. Kafana takma! Sormaya devam et bana: \u201cNesi var?\u201d Milyonlarca \u00e7ocu\u011fun ve gencin severek okudu\u011fu kitaplar\u0131n yazar\u0131 Hatice K\u00fcbra Tongar, akl\u0131ndan bir yer tutuyor. Sonra gen\u00e7lere ipu\u00e7lar\u0131 vererek bu yerin tarihini anlat\u0131yor. Tabii yerin ismini s\u00f6ylemeden! O yerin neresi oldu\u011funu bulmak onlara kal\u0131yor. Kitab\u0131n sonunda ise gen\u00e7leri \u00e7ok b\u00fcy\u00fck bir s\u00fcrpriz bekliyor. O zaman soral\u0131m hemen: \u201cNesi var?\u201d <\/p>\n","protected":false},"excerpt":{"rendered":"<p>\u015eimdiii, g\u00fczel arkada\u015f\u0131m! Oyunun kurallar\u0131n\u0131 anlat\u0131yorum. Belki de biliyorsun bu oyunu zaten. Bilmiyorsan da \u00e7ok kolay ve zevkli. \u00d6\u011frenirsin hemen. Oyunumuz \u015fu: Ben akl\u0131mdan bir yer<span class=\"excerpt-hellip\"> [\u2026]<\/span><\/p>\n","protected":false},"featured_media":0,"template":"","meta":{"_monsterinsights_skip_tracking":false,"_monsterinsights_sitenote_active":false,"_monsterinsights_sitenote_note":"","_monsterinsights_sitenote_category":0},"product_brand":[],"product_cat":[18545,12291],"product_tag":[],"class_list":{"0":"post-756241","1":"product","2":"type-product","3":"status-publish","5":"product_cat-anlati","6":"product_cat-edebiyat","7":"pa_cilt-ciltsiz","8":"pa_tur-kitap","9":"pa_yayinevi-aile-yayinlari","10":"pa_yazar-hatice-kubra-tongar","12":"first","13":"instock","14":"sale","15":"shipping-taxable","16":"purchasable","17":"product-type-simple"},"_links":{"self":[{"href":"https:\/\/roveyayinevi.com.tr\/index.php\/wp-json\/wp\/v2\/product\/756241","targetHints":{"allow":["GET"]}}],"collection":[{"href":"https:\/\/roveyayinevi.com.tr\/index.php\/wp-json\/wp\/v2\/product"}],"about":[{"href":"https:\/\/roveyayinevi.com.tr\/index.php\/wp-json\/wp\/v2\/types\/product"}],"wp:attachment":[{"href":"https:\/\/roveyayinevi.com.tr\/index.php\/wp-json\/wp\/v2\/media?parent=756241"}],"wp:term":[{"taxonomy":"product_brand","embeddable":true,"href":"https:\/\/roveyayinevi.com.tr\/index.php\/wp-json\/wp\/v2\/product_brand?post=756241"},{"taxonomy":"product_cat","embeddable":true,"href":"https:\/\/roveyayinevi.com.tr\/index.php\/wp-json\/wp\/v2\/product_cat?post=756241"},{"taxonomy":"product_tag","embeddable":true,"href":"https:\/\/roveyayinevi.com.tr\/index.php\/wp-json\/wp\/v2\/product_tag?post=756241"}],"curies":[{"name":"wp","href":"https:\/\/api.w.org\/{rel}","templated":true}]}}