{"id":756235,"date":"2025-08-28T07:02:20","date_gmt":"2025-08-28T04:02:20","guid":{"rendered":"https:\/\/roveyayinevi.com.tr\/index.php\/urun\/lanetli-kasabadan-kacis\/"},"modified":"2026-04-16T03:09:31","modified_gmt":"2026-04-16T00:09:31","slug":"lanetli-kasabadan-kacis","status":"publish","type":"product","link":"https:\/\/roveyayinevi.com.tr\/index.php\/urun\/lanetli-kasabadan-kacis\/","title":{"rendered":"Lanetli Kasabadan Ka\u00e7\u0131\u015f"},"content":{"rendered":"<p>Gizem ve s\u0131rlarla dolu bir kasaba&#8230; Tuhaf bir sa\u011fanak&#8230; Kara bir ya\u011fmur&#8230; Tam on g\u00fcn boyunca aral\u0131ks\u0131z s\u00fcren lanetli bir ya\u011f\u0131\u015f&#8230; Ak\u0131l almaz ve kan donduran olaylar zinciri&#8230; O g\u00fcn, kasaban\u0131n \u00fczerine kara bulutlar toplan\u0131r ve temas etti\u011fi canl\u0131larda inan\u0131lmaz d\u00f6n\u00fc\u015f\u00fcmlere neden olan zehirli bir ya\u011fmur ba\u015flar. Her taraf\u0131 siyah bir bal\u00e7\u0131\u011fa \u00e7eviren bu ya\u011fmur, ya\u015fananlar\u0131n nedeni olarak g\u00f6r\u00fcl\u00fcr. &#8230; Polat Onat\u2019\u0131n \u00e7\u0131lg\u0131n hayal g\u00fcc\u00fcn\u00fc ku\u015fanm\u0131\u015f s\u0131rad\u0131\u015f\u0131 kalemi yine i\u015f ba\u015f\u0131nda. \u201cLanetli Kasabadan Ka\u00e7\u0131\u015f\u201d ilk sayfas\u0131ndan itibaren sizi yakalayacak ve son sayfas\u0131na kadar soluksuz okunacak bir roman. <\/p>\n","protected":false},"excerpt":{"rendered":"<p>Gizem ve s\u0131rlarla dolu bir kasaba&#8230; Tuhaf bir sa\u011fanak&#8230; Kara bir ya\u011fmur&#8230; Tam on g\u00fcn boyunca aral\u0131ks\u0131z s\u00fcren lanetli bir ya\u011f\u0131\u015f&#8230; Ak\u0131l almaz ve kan donduran<span class=\"excerpt-hellip\"> [\u2026]<\/span><\/p>\n","protected":false},"featured_media":0,"template":"","meta":{"_monsterinsights_skip_tracking":false,"_monsterinsights_sitenote_active":false,"_monsterinsights_sitenote_note":"","_monsterinsights_sitenote_category":0},"product_brand":[],"product_cat":[12291,12711],"product_tag":[],"class_list":{"0":"post-756235","1":"product","2":"type-product","3":"status-publish","5":"product_cat-edebiyat","6":"product_cat-roman-oyku","7":"pa_cilt-ciltsiz","8":"pa_tur-kitap","9":"pa_yayinevi-q-yayinlari","10":"pa_yazar-polat-onat","12":"first","13":"instock","14":"sale","15":"shipping-taxable","16":"purchasable","17":"product-type-simple"},"_links":{"self":[{"href":"https:\/\/roveyayinevi.com.tr\/index.php\/wp-json\/wp\/v2\/product\/756235","targetHints":{"allow":["GET"]}}],"collection":[{"href":"https:\/\/roveyayinevi.com.tr\/index.php\/wp-json\/wp\/v2\/product"}],"about":[{"href":"https:\/\/roveyayinevi.com.tr\/index.php\/wp-json\/wp\/v2\/types\/product"}],"wp:attachment":[{"href":"https:\/\/roveyayinevi.com.tr\/index.php\/wp-json\/wp\/v2\/media?parent=756235"}],"wp:term":[{"taxonomy":"product_brand","embeddable":true,"href":"https:\/\/roveyayinevi.com.tr\/index.php\/wp-json\/wp\/v2\/product_brand?post=756235"},{"taxonomy":"product_cat","embeddable":true,"href":"https:\/\/roveyayinevi.com.tr\/index.php\/wp-json\/wp\/v2\/product_cat?post=756235"},{"taxonomy":"product_tag","embeddable":true,"href":"https:\/\/roveyayinevi.com.tr\/index.php\/wp-json\/wp\/v2\/product_tag?post=756235"}],"curies":[{"name":"wp","href":"https:\/\/api.w.org\/{rel}","templated":true}]}}