{"id":756234,"date":"2025-08-28T07:02:18","date_gmt":"2025-08-28T04:02:18","guid":{"rendered":"https:\/\/roveyayinevi.com.tr\/index.php\/urun\/mashle-1\/"},"modified":"2026-04-16T03:09:31","modified_gmt":"2026-04-16T00:09:31","slug":"mashle-1","status":"publish","type":"product","link":"https:\/\/roveyayinevi.com.tr\/index.php\/urun\/mashle-1\/","title":{"rendered":"Mashle &#8211; 1"},"content":{"rendered":"<p>Herkesin b\u00fcy\u00fc kulland\u0131\u011f\u0131, b\u00fcy\u00fcc\u00fcl\u00fck becerisinin her \u015feyi belirledi\u011fi b\u00fcy\u00fc diyar\u0131. \u00dccra bir orman\u0131n derinliklerinde her g\u00fcn kaslar\u0131n\u0131 \u00e7al\u0131\u015ft\u0131rarak inan\u0131lmaz bir fiziksel g\u00fcce kavu\u015fmu\u015f gen\u00e7 Mash\u2019in b\u00fcy\u00fck s\u0131rr\u0131 ise hi\u00e7 b\u00fcy\u00fc kullanamamas\u0131&#8230; Bu s\u0131r a\u00e7\u0131\u011fa \u00e7\u0131kt\u0131\u011f\u0131nda t\u00fcm hayat\u0131 de\u011fi\u015fecek! Beklenmedik bir geli\u015fme nedeniyle b\u00fcy\u00fcc\u00fcl\u00fck okuluna kaydolmas\u0131 ve en ba\u015far\u0131l\u0131 \u00f6\u011frenci olmas\u0131 gerek! Kaslar ve fiziksel g\u00fcc\u00fcn b\u00fcy\u00fcyle kar\u015f\u0131 kar\u015f\u0131ya geldi\u011fi ola\u011fan\u00fcst\u00fc fantastik b\u00fcy\u00fc hik\u00e2yesi ba\u015fl\u0131yor!<\/p>\n","protected":false},"excerpt":{"rendered":"<p>Herkesin b\u00fcy\u00fc kulland\u0131\u011f\u0131, b\u00fcy\u00fcc\u00fcl\u00fck becerisinin her \u015feyi belirledi\u011fi b\u00fcy\u00fc diyar\u0131. \u00dccra bir orman\u0131n derinliklerinde her g\u00fcn kaslar\u0131n\u0131 \u00e7al\u0131\u015ft\u0131rarak inan\u0131lmaz bir fiziksel g\u00fcce kavu\u015fmu\u015f gen\u00e7 Mash\u2019in b\u00fcy\u00fck<span class=\"excerpt-hellip\"> [\u2026]<\/span><\/p>\n","protected":false},"featured_media":0,"template":"","meta":{"_monsterinsights_skip_tracking":false,"_monsterinsights_sitenote_active":false,"_monsterinsights_sitenote_note":"","_monsterinsights_sitenote_category":0},"product_brand":[],"product_cat":[12416,12291],"product_tag":[],"class_list":{"0":"post-756234","1":"product","2":"type-product","3":"status-publish","5":"product_cat-cizgi-roman","6":"product_cat-edebiyat","7":"pa_cilt-ciltsiz","8":"pa_tur-kitap","9":"pa_yayinevi-akil-celen-kitaplar","10":"pa_yazar-hajime-komoto","12":"first","13":"instock","14":"sale","15":"shipping-taxable","16":"purchasable","17":"product-type-simple"},"_links":{"self":[{"href":"https:\/\/roveyayinevi.com.tr\/index.php\/wp-json\/wp\/v2\/product\/756234","targetHints":{"allow":["GET"]}}],"collection":[{"href":"https:\/\/roveyayinevi.com.tr\/index.php\/wp-json\/wp\/v2\/product"}],"about":[{"href":"https:\/\/roveyayinevi.com.tr\/index.php\/wp-json\/wp\/v2\/types\/product"}],"wp:attachment":[{"href":"https:\/\/roveyayinevi.com.tr\/index.php\/wp-json\/wp\/v2\/media?parent=756234"}],"wp:term":[{"taxonomy":"product_brand","embeddable":true,"href":"https:\/\/roveyayinevi.com.tr\/index.php\/wp-json\/wp\/v2\/product_brand?post=756234"},{"taxonomy":"product_cat","embeddable":true,"href":"https:\/\/roveyayinevi.com.tr\/index.php\/wp-json\/wp\/v2\/product_cat?post=756234"},{"taxonomy":"product_tag","embeddable":true,"href":"https:\/\/roveyayinevi.com.tr\/index.php\/wp-json\/wp\/v2\/product_tag?post=756234"}],"curies":[{"name":"wp","href":"https:\/\/api.w.org\/{rel}","templated":true}]}}