{"id":756232,"date":"2025-08-28T07:02:15","date_gmt":"2025-08-28T04:02:15","guid":{"rendered":"https:\/\/roveyayinevi.com.tr\/index.php\/urun\/ruyalarin-yorumu-2\/"},"modified":"2026-04-16T03:09:30","modified_gmt":"2026-04-16T00:09:30","slug":"ruyalarin-yorumu-2","status":"publish","type":"product","link":"https:\/\/roveyayinevi.com.tr\/index.php\/urun\/ruyalarin-yorumu-2\/","title":{"rendered":"R\u00fcyalar\u0131n Yorumu"},"content":{"rendered":"<p>&#8220;R\u00fcyalar\u0131n Yorumu&#8221; Freud\u2019un en etkili eserlerinden biridir. Bu kitapta Freud, bilin\u00e7d\u0131\u015f\u0131 zihin ve r\u00fcyalar\u0131n gizli arzular\u0131, korkular\u0131 ve \u00e7at\u0131\u015fmalar\u0131 ortaya \u00e7\u0131karmadaki rol\u00fc hakk\u0131ndaki devrim niteli\u011findeki fikirlerini ortaya koymu\u015ftur. Teorisinin temel \u00f6nermesi, r\u00fcyalar\u0131n &#8220;bilin\u00e7d\u0131\u015f\u0131na giden kraliyet yolu&#8221; oldu\u011fudur. Bir r\u00fcyan\u0131n a\u00e7\u0131k i\u00e7eri\u011fi, r\u00fcya g\u00f6ren taraf\u0131ndan hat\u0131rland\u0131\u011f\u0131 \u015fekliyle r\u00fcyan\u0131n y\u00fczeysel i\u00e7eri\u011fini ve hikayesini ifade eder. R\u00fcya g\u00f6renin uyand\u0131\u011f\u0131nda bilin\u00e7li olarak hat\u0131rlad\u0131\u011f\u0131 \u015feydir. Gizli i\u00e7erik ise a\u00e7\u0131k i\u00e7eri\u011fin ard\u0131ndaki gizli ve sembolik anlam\u0131 temsil eder. Freud, r\u00fcyalar\u0131n bilin\u00e7d\u0131\u015f\u0131 istekleri ve bast\u0131r\u0131lm\u0131\u015f d\u00fc\u015f\u00fcnceleri genellikle sembolik veya k\u0131l\u0131k de\u011fi\u015ftirmi\u015f bi\u00e7imlerde ifade etmek i\u00e7in bir k\u0131l\u0131k de\u011fi\u015ftirme i\u015flevi g\u00f6rd\u00fc\u011f\u00fcn\u00fc savunmu\u015ftur. Freud, zihnin bir dizi psikolojik mekanizma arac\u0131l\u0131\u011f\u0131yla gizil i\u00e7eri\u011fi a\u00e7\u0131k i\u00e7eri\u011fe d\u00f6n\u00fc\u015ft\u00fcrd\u00fc\u011f\u00fcn\u00fc \u00f6ne s\u00fcrm\u00fc\u015ft\u00fcr. Bu r\u00fcya \u00e7al\u0131\u015fmas\u0131 s\u00fcre\u00e7leri aras\u0131nda yo\u011funla\u015ft\u0131rma (birden fazla d\u00fc\u015f\u00fcnceyi bir araya getirme), yer de\u011fi\u015ftirme (duygusal \u00f6nemi bir nesneden di\u011ferine kayd\u0131rma), sembolizm ve di\u011fer s\u00fcre\u00e7ler yer al\u0131r. Freud, bir\u00e7ok r\u00fcyan\u0131n dilekleri ger\u00e7ekle\u015ftirdi\u011fine, r\u00fcya g\u00f6renin uyan\u0131k ya\u015famda kabul edilemez veya bast\u0131r\u0131lm\u0131\u015f olabilecek bilin\u00e7d\u0131\u015f\u0131 arzu ve fantezilerini tatmin etmesine olanak sa\u011flad\u0131\u011f\u0131na inanm\u0131\u015ft\u0131r. Bu \u00f6zel eseri sizlerle payla\u015fmaktan mutluluk duyuyoruz. <\/p>\n","protected":false},"excerpt":{"rendered":"<p>&#8220;R\u00fcyalar\u0131n Yorumu&#8221; Freud\u2019un en etkili eserlerinden biridir. Bu kitapta Freud, bilin\u00e7d\u0131\u015f\u0131 zihin ve r\u00fcyalar\u0131n gizli arzular\u0131, korkular\u0131 ve \u00e7at\u0131\u015fmalar\u0131 ortaya \u00e7\u0131karmadaki rol\u00fc hakk\u0131ndaki devrim niteli\u011findeki fikirlerini<span class=\"excerpt-hellip\"> [\u2026]<\/span><\/p>\n","protected":false},"featured_media":0,"template":"","meta":{"_monsterinsights_skip_tracking":false,"_monsterinsights_sitenote_active":false,"_monsterinsights_sitenote_note":"","_monsterinsights_sitenote_category":0},"product_brand":[],"product_cat":[12357],"product_tag":[],"class_list":{"0":"post-756232","1":"product","2":"type-product","3":"status-publish","5":"product_cat-psikoloji","6":"pa_cilt-ciltsiz","7":"pa_tur-kitap","8":"pa_yayinevi-kirmizi-ada-yayinlari","9":"pa_yazar-sigmund-freud","11":"first","12":"instock","13":"sale","14":"shipping-taxable","15":"purchasable","16":"product-type-simple"},"_links":{"self":[{"href":"https:\/\/roveyayinevi.com.tr\/index.php\/wp-json\/wp\/v2\/product\/756232","targetHints":{"allow":["GET"]}}],"collection":[{"href":"https:\/\/roveyayinevi.com.tr\/index.php\/wp-json\/wp\/v2\/product"}],"about":[{"href":"https:\/\/roveyayinevi.com.tr\/index.php\/wp-json\/wp\/v2\/types\/product"}],"wp:attachment":[{"href":"https:\/\/roveyayinevi.com.tr\/index.php\/wp-json\/wp\/v2\/media?parent=756232"}],"wp:term":[{"taxonomy":"product_brand","embeddable":true,"href":"https:\/\/roveyayinevi.com.tr\/index.php\/wp-json\/wp\/v2\/product_brand?post=756232"},{"taxonomy":"product_cat","embeddable":true,"href":"https:\/\/roveyayinevi.com.tr\/index.php\/wp-json\/wp\/v2\/product_cat?post=756232"},{"taxonomy":"product_tag","embeddable":true,"href":"https:\/\/roveyayinevi.com.tr\/index.php\/wp-json\/wp\/v2\/product_tag?post=756232"}],"curies":[{"name":"wp","href":"https:\/\/api.w.org\/{rel}","templated":true}]}}