{"id":756231,"date":"2025-08-28T07:02:13","date_gmt":"2025-08-28T04:02:13","guid":{"rendered":"https:\/\/roveyayinevi.com.tr\/index.php\/urun\/insanlarin-dunyasi-7\/"},"modified":"2026-04-16T03:09:30","modified_gmt":"2026-04-16T00:09:30","slug":"insanlarin-dunyasi-7","status":"publish","type":"product","link":"https:\/\/roveyayinevi.com.tr\/index.php\/urun\/insanlarin-dunyasi-7\/","title":{"rendered":"\u0130nsanlar\u0131n D\u00fcnyas\u0131"},"content":{"rendered":"<p>Antoine de Saint-Exup\u00e9ry\u2019nin unutulmaz eseri &#8220;K\u00fc\u00e7\u00fck Prens&#8221; d\u00fcnya edebiyat\u0131n\u0131n en etkileyici romanlar\u0131ndan biridir. Yetenekli yazar bu eserde de b\u00fcy\u00fcl\u00fc kalemiyle, \u00e7\u00f6l do\u011fas\u0131n\u0131n derinliklerine inerek bamba\u015fka bir d\u00fcnyaya \u0131\u015f\u0131k tutuyor. Exup\u00e9ry, bu eserinde, s\u00f6m\u00fcrge sava\u015flar\u0131n\u0131n ortas\u0131nda bir posta pilotu olarak \u00e7\u00f6lde ya\u015fad\u0131\u011f\u0131 zorluklar\u0131, g\u00f6rd\u00fc\u011f\u00fc seraplar\u0131, \u00f6l\u00fcm\u00fcn k\u0131y\u0131s\u0131nda verdi\u011fi m\u00fccadeleleri, dostlar\u0131n\u0131, kay\u0131plar\u0131n\u0131, kazan\u0131mlar\u0131n\u0131 usta bir dille okuyucuyla bulu\u015fturuyor. Zaman\u0131n \u00f6tesine ge\u00e7en eserde, insano\u011flunun evrensel duygular\u0131na ve d\u00fc\u015f\u00fcncelerine temas ediyor. Yaln\u0131zca ki\u015fisel deneyimleriyle yetinmeyip toplumsal ili\u015fkileri da irdeleyerek insanl\u0131\u011f\u0131n ortak \u00f6yk\u00fcs\u00fcn\u00fc ortaya koyuyor. Bu kitap, Exup\u00e9ry&#8217;nin hem edebi ustal\u0131\u011f\u0131na hayranl\u0131k uyand\u0131ran hem de insan psikolojisinin derinlemesine bir anlay\u0131\u015f\u0131n\u0131 yans\u0131tan nadir eserlerden biridir. Sayfalar aras\u0131nda gezinirken sat\u0131rlarda kendinizi bulacak, insanl\u0131\u011f\u0131n zengin ve karma\u015f\u0131k d\u00fcnyas\u0131na dair ufkunuzu geni\u015fleteceksiniz. <\/p>\n","protected":false},"excerpt":{"rendered":"<p>Antoine de Saint-Exup\u00e9ry\u2019nin unutulmaz eseri &#8220;K\u00fc\u00e7\u00fck Prens&#8221; d\u00fcnya edebiyat\u0131n\u0131n en etkileyici romanlar\u0131ndan biridir. Yetenekli yazar bu eserde de b\u00fcy\u00fcl\u00fc kalemiyle, \u00e7\u00f6l do\u011fas\u0131n\u0131n derinliklerine inerek bamba\u015fka bir<span class=\"excerpt-hellip\"> [\u2026]<\/span><\/p>\n","protected":false},"featured_media":0,"template":"","meta":{"_monsterinsights_skip_tracking":false,"_monsterinsights_sitenote_active":false,"_monsterinsights_sitenote_note":"","_monsterinsights_sitenote_category":0},"product_brand":[],"product_cat":[12291,12711],"product_tag":[],"class_list":{"0":"post-756231","1":"product","2":"type-product","3":"status-publish","5":"product_cat-edebiyat","6":"product_cat-roman-oyku","7":"pa_cilt-ciltsiz","8":"pa_tur-kitap","9":"pa_yayinevi-fark-yayinlari","10":"pa_yazar-antoine-de-saint-exupery","12":"first","13":"instock","14":"sale","15":"shipping-taxable","16":"purchasable","17":"product-type-simple"},"_links":{"self":[{"href":"https:\/\/roveyayinevi.com.tr\/index.php\/wp-json\/wp\/v2\/product\/756231","targetHints":{"allow":["GET"]}}],"collection":[{"href":"https:\/\/roveyayinevi.com.tr\/index.php\/wp-json\/wp\/v2\/product"}],"about":[{"href":"https:\/\/roveyayinevi.com.tr\/index.php\/wp-json\/wp\/v2\/types\/product"}],"wp:attachment":[{"href":"https:\/\/roveyayinevi.com.tr\/index.php\/wp-json\/wp\/v2\/media?parent=756231"}],"wp:term":[{"taxonomy":"product_brand","embeddable":true,"href":"https:\/\/roveyayinevi.com.tr\/index.php\/wp-json\/wp\/v2\/product_brand?post=756231"},{"taxonomy":"product_cat","embeddable":true,"href":"https:\/\/roveyayinevi.com.tr\/index.php\/wp-json\/wp\/v2\/product_cat?post=756231"},{"taxonomy":"product_tag","embeddable":true,"href":"https:\/\/roveyayinevi.com.tr\/index.php\/wp-json\/wp\/v2\/product_tag?post=756231"}],"curies":[{"name":"wp","href":"https:\/\/api.w.org\/{rel}","templated":true}]}}