{"id":756227,"date":"2025-08-28T07:01:58","date_gmt":"2025-08-28T04:01:58","guid":{"rendered":"https:\/\/roveyayinevi.com.tr\/index.php\/urun\/kizil-elma-kutsal-emanet\/"},"modified":"2026-04-16T03:09:30","modified_gmt":"2026-04-16T00:09:30","slug":"kizil-elma-kutsal-emanet","status":"publish","type":"product","link":"https:\/\/roveyayinevi.com.tr\/index.php\/urun\/kizil-elma-kutsal-emanet\/","title":{"rendered":"K\u0131z\u0131l Elma Kutsal Emanet"},"content":{"rendered":"<p>Onlar, \u201ckutlu\u201d \u00e7ocuklar&#8230; Onlar, \u201ckutlu emanetin kutlu talipleri\u201d&#8230; Kendi kutlu, nesli kutlu, adlar\u0131 kutlu \u00e7ocuklar&#8230; Onlar, O\u011fuz\u2019un \u00e7ocuklar\u0131&#8230;   Devrald\u0131klar\u0131 kutsal emaneti ta\u015f\u0131man\u0131n ve koruman\u0131n kolay olmayaca\u011f\u0131n\u0131 en ba\u015ftan biliyorlard\u0131.   Emanet de ta\u015f\u0131naca\u011f\u0131 yol da kutsald\u0131. Emanetin sahibine h\u00fcrmet ettiler, yolu da emaneti de kutsal bildiler.   K\u00e2h O\u011fuz Ka\u011fan oldular k\u00e2h Bilge Ka\u011fan. Yeri geldi Yesevi oldular; ilim al\u0131p ilim verdiler.   Alparslan olup a\u00e7\u0131lmaz kap\u0131lar\u0131 a\u00e7t\u0131lar. Anadolu\u2019yu yurt edindiler, vatan yapt\u0131lar. Fatih oldular, al\u0131nmaz denen \u015fehirleri ald\u0131lar, alman\u0131n \u015ferefine vard\u0131lar, medeniyet in\u015fa ettiler.   Onlar! G\u00f6kt\u00fcrk oldular, Sel\u00e7uklu oldular, Osmanl\u0131 oldular ve emanetin ta\u015f\u0131naca\u011f\u0131 yer bitmedi, bitmeyecekti. G\u00fcn oldu, devran d\u00f6nd\u00fc. Tarihin derinliklerinden gelen kinin sahibi yedi d\u00fcvel, birlik oldu; canla vatan yap\u0131lan topraklara ate\u015f olup ya\u011fd\u0131. Bu kez emanetin sahibi, Samsun\u2019dan g\u00fcne\u015f oldu.   Onlar! T\u00fcrkiye oldular. \u00c7\u00fcnk\u00fc \u201cK\u0131z\u0131lelma\u201d i\u00e7in tekrar dirilme vakti gelmi\u015fti. Selam onlar\u0131n \u00fczerine olsun&#8230;<\/p>\n","protected":false},"excerpt":{"rendered":"<p>Onlar, \u201ckutlu\u201d \u00e7ocuklar&#8230; Onlar, \u201ckutlu emanetin kutlu talipleri\u201d&#8230; Kendi kutlu, nesli kutlu, adlar\u0131 kutlu \u00e7ocuklar&#8230; Onlar, O\u011fuz\u2019un \u00e7ocuklar\u0131&#8230; Devrald\u0131klar\u0131 kutsal emaneti ta\u015f\u0131man\u0131n ve koruman\u0131n kolay olmayaca\u011f\u0131n\u0131<span class=\"excerpt-hellip\"> [\u2026]<\/span><\/p>\n","protected":false},"featured_media":0,"template":"","meta":{"_monsterinsights_skip_tracking":false,"_monsterinsights_sitenote_active":false,"_monsterinsights_sitenote_note":"","_monsterinsights_sitenote_category":0},"product_brand":[],"product_cat":[12291,12745],"product_tag":[],"class_list":{"0":"post-756227","1":"product","2":"type-product","3":"status-publish","5":"product_cat-edebiyat","6":"product_cat-tarihi-roman","7":"pa_cilt-ciltsiz","8":"pa_tur-kitap","9":"pa_yayinevi-pars-yayinlari","10":"pa_yazar-gazi-karabulut","12":"first","13":"instock","14":"sale","15":"shipping-taxable","16":"purchasable","17":"product-type-simple"},"_links":{"self":[{"href":"https:\/\/roveyayinevi.com.tr\/index.php\/wp-json\/wp\/v2\/product\/756227","targetHints":{"allow":["GET"]}}],"collection":[{"href":"https:\/\/roveyayinevi.com.tr\/index.php\/wp-json\/wp\/v2\/product"}],"about":[{"href":"https:\/\/roveyayinevi.com.tr\/index.php\/wp-json\/wp\/v2\/types\/product"}],"wp:attachment":[{"href":"https:\/\/roveyayinevi.com.tr\/index.php\/wp-json\/wp\/v2\/media?parent=756227"}],"wp:term":[{"taxonomy":"product_brand","embeddable":true,"href":"https:\/\/roveyayinevi.com.tr\/index.php\/wp-json\/wp\/v2\/product_brand?post=756227"},{"taxonomy":"product_cat","embeddable":true,"href":"https:\/\/roveyayinevi.com.tr\/index.php\/wp-json\/wp\/v2\/product_cat?post=756227"},{"taxonomy":"product_tag","embeddable":true,"href":"https:\/\/roveyayinevi.com.tr\/index.php\/wp-json\/wp\/v2\/product_tag?post=756227"}],"curies":[{"name":"wp","href":"https:\/\/api.w.org\/{rel}","templated":true}]}}