{"id":756225,"date":"2025-08-28T07:01:56","date_gmt":"2025-08-28T04:01:56","guid":{"rendered":"https:\/\/roveyayinevi.com.tr\/index.php\/urun\/manyetik-yerkuremiz\/"},"modified":"2025-12-30T11:16:58","modified_gmt":"2025-12-30T08:16:58","slug":"manyetik-yerkuremiz","status":"publish","type":"product","link":"https:\/\/roveyayinevi.com.tr\/index.php\/urun\/manyetik-yerkuremiz\/","title":{"rendered":"Manyetik Yerk\u00fcremiz"},"content":{"rendered":"<p>800.000 y\u0131l \u00f6nce pusula ibresi kuzeyi de\u011fil g\u00fcneyi g\u00f6sterecekti. Manyetik kuzey ve g\u00fcney kutup noktalar\u0131 tarih boyunca s\u0131k s\u0131k yer de\u011fi\u015ftirmi\u015ftir. 20. y\u00fczy\u0131lda manyetik alan kuvveti y\u00fczde 6 azalm\u0131\u015f ve kuzey manyetik kutbu neredeyse 10\u00b0 kuzeye kaym\u0131\u015ft\u0131r. Bu de\u011fi\u015fkenli\u011fin sonu\u00e7lar\u0131 nelerdir? Yerk\u00fcrenin manyetik alan\u0131ndaki bu de\u011fi\u015fmeler kimi zaman b\u00fcy\u00fck g\u00fc\u00e7 bo\u015fal\u0131mlar\u0131na neden olan manyetik f\u0131rt\u0131nalarla m\u0131 ili\u015fkilidir? Manyetik alan\u0131 hisseden ve kullanan hayvanlar ciddi sorunlarla kar\u015f\u0131la\u015facaklar m\u0131? Bunlar bilim insanlar\u0131 taraf\u0131ndan sorulan sorular\u0131n sadece birka\u00e7\u0131.                                                                                                                      \u201cBu kitab\u0131 okumak hemen hemen herkes i\u00e7in son derece keyifli bir \u00f6\u011frenme deneyimi olacak!\u201d \u2013Robert Coe, California \u00dcniversitesi \u201cManyetik Yerk\u00fcremiz iklimden uzaydaki hava durumuna, jeolojik zamandan G\u00fcne\u015f\u2019e kadar \u00e7e\u015fitli konular\u0131 manyetizman\u0131n b\u00fcy\u00fck ba\u015fl\u0131\u011f\u0131 alt\u0131nda bir araya getiriyor.\u201d \u2013Bruce Moskowitz, Minnesota \u00dcniversitesi \u201cMerrill anlat\u0131s\u0131n\u0131, bilim felsefesi \u00fczerine s\u00f6ylemlerle ve yarat\u0131l\u0131\u015f\u00e7\u0131lar\u0131n evrime ve D\u00fcnya\u2019n\u0131n ya\u015f\u0131na y\u00f6nelik sald\u0131r\u0131lar\u0131na kar\u015f\u0131 cevaplarla s\u00fcsl\u00fcyor. Bilimin nas\u0131l yap\u0131ld\u0131\u011f\u0131n\u0131 \u00f6\u011frenmek isteyen \u00f6\u011frencilere ve bir pusula i\u011fnesinin kuzeyi g\u00f6stermesinin nedenini merak eden herkese tavsiye ederim.\u201d \u2013Natural History \u201cSon y\u0131llarda jeomanyetizman\u0131n geni\u015f kapsam\u0131n\u0131 bu kitap kadar yetkin ve e\u011flenceli bir \u015fekilde ele alan ba\u015fka bir pop\u00fcler kitap yok.\u201d \u2013Metascience<\/p>\n","protected":false},"excerpt":{"rendered":"<p>800.000 y\u0131l \u00f6nce pusula ibresi kuzeyi de\u011fil g\u00fcneyi g\u00f6sterecekti. Manyetik kuzey ve g\u00fcney kutup noktalar\u0131 tarih boyunca s\u0131k s\u0131k yer de\u011fi\u015ftirmi\u015ftir. 20. y\u00fczy\u0131lda manyetik alan kuvveti<span class=\"excerpt-hellip\"> [\u2026]<\/span><\/p>\n","protected":false},"featured_media":0,"template":"","meta":{"_monsterinsights_skip_tracking":false,"_monsterinsights_sitenote_active":false,"_monsterinsights_sitenote_note":"","_monsterinsights_sitenote_category":0},"product_brand":[],"product_cat":[13005],"product_tag":[],"class_list":{"0":"post-756225","1":"product","2":"type-product","3":"status-publish","5":"product_cat-bilim-muhendislik","6":"pa_cilt-ciltsiz","7":"pa_tur-kitap","8":"pa_yayinevi-alfa-yayinlari","9":"pa_yazar-ronald-t-merrill","11":"first","12":"instock","13":"sale","14":"shipping-taxable","15":"purchasable","16":"product-type-simple"},"_links":{"self":[{"href":"https:\/\/roveyayinevi.com.tr\/index.php\/wp-json\/wp\/v2\/product\/756225","targetHints":{"allow":["GET"]}}],"collection":[{"href":"https:\/\/roveyayinevi.com.tr\/index.php\/wp-json\/wp\/v2\/product"}],"about":[{"href":"https:\/\/roveyayinevi.com.tr\/index.php\/wp-json\/wp\/v2\/types\/product"}],"wp:attachment":[{"href":"https:\/\/roveyayinevi.com.tr\/index.php\/wp-json\/wp\/v2\/media?parent=756225"}],"wp:term":[{"taxonomy":"product_brand","embeddable":true,"href":"https:\/\/roveyayinevi.com.tr\/index.php\/wp-json\/wp\/v2\/product_brand?post=756225"},{"taxonomy":"product_cat","embeddable":true,"href":"https:\/\/roveyayinevi.com.tr\/index.php\/wp-json\/wp\/v2\/product_cat?post=756225"},{"taxonomy":"product_tag","embeddable":true,"href":"https:\/\/roveyayinevi.com.tr\/index.php\/wp-json\/wp\/v2\/product_tag?post=756225"}],"curies":[{"name":"wp","href":"https:\/\/api.w.org\/{rel}","templated":true}]}}