{"id":756224,"date":"2025-08-28T07:01:54","date_gmt":"2025-08-28T04:01:54","guid":{"rendered":"https:\/\/roveyayinevi.com.tr\/index.php\/urun\/bilim-hakkinda-bilmen-gereken-100-sey-fleksi-kapak\/"},"modified":"2026-04-16T03:09:30","modified_gmt":"2026-04-16T00:09:30","slug":"bilim-hakkinda-bilmen-gereken-100-sey-fleksi-kapak","status":"publish","type":"product","link":"https:\/\/roveyayinevi.com.tr\/index.php\/urun\/bilim-hakkinda-bilmen-gereken-100-sey-fleksi-kapak\/","title":{"rendered":"Bilim Hakk\u0131nda Bilmen Gereken 100 \u015eey (Fleksi Kapak)"},"content":{"rendered":"<p>&#8220;Y\u0131ld\u0131r\u0131mlar G\u00fcne\u015f&#8217;ten daha s\u0131cakt\u0131r.&#8221; &#8220;Ahtapotlar\u0131n 3 kalbi vard\u0131r.&#8221; &#8220;Yarasalar karanl\u0131kta avlanmak i\u00e7in yank\u0131lanan sesleri dinlerler.&#8221; &#8220;D\u00fcnyada ki\u015fi ba\u015f\u0131na 200 milyon b\u00f6cek d\u00fc\u015fer.&#8221; Bunun gibi daha bir\u00e7ok ilgin\u00e7 bilgi bu kitapta sizi bekliyor.Renkli, g\u00f6z al\u0131c\u0131 ill\u00fcstrasyonlar\u0131yla Bilim Hakk\u0131nda Bilmen Gereken 100 \u015eey, \u015fa\u015f\u0131rt\u0131c\u0131 ger\u00e7ekler ve e\u011flenceli bilgilerle dolu.<\/p>\n","protected":false},"excerpt":{"rendered":"<p>&#8220;Y\u0131ld\u0131r\u0131mlar G\u00fcne\u015f&#8217;ten daha s\u0131cakt\u0131r.&#8221; &#8220;Ahtapotlar\u0131n 3 kalbi vard\u0131r.&#8221; &#8220;Yarasalar karanl\u0131kta avlanmak i\u00e7in yank\u0131lanan sesleri dinlerler.&#8221; &#8220;D\u00fcnyada ki\u015fi ba\u015f\u0131na 200 milyon b\u00f6cek d\u00fc\u015fer.&#8221; Bunun gibi daha bir\u00e7ok<span class=\"excerpt-hellip\"> [\u2026]<\/span><\/p>\n","protected":false},"featured_media":0,"template":"","meta":{"_monsterinsights_skip_tracking":false,"_monsterinsights_sitenote_active":false,"_monsterinsights_sitenote_note":"","_monsterinsights_sitenote_category":0},"product_brand":[],"product_cat":[13829,12274],"product_tag":[],"class_list":{"0":"post-756224","1":"product","2":"type-product","3":"status-publish","5":"product_cat-bilimsel-kitaplar","6":"product_cat-cocuk-ve-genclik-kitaplari","7":"pa_cilt-ciltsiz","8":"pa_tur-kitap","9":"pa_yayinevi-epsilon-yayinlari","10":"pa_yazar-kolektif","12":"first","13":"instock","14":"sale","15":"shipping-taxable","16":"purchasable","17":"product-type-simple"},"_links":{"self":[{"href":"https:\/\/roveyayinevi.com.tr\/index.php\/wp-json\/wp\/v2\/product\/756224","targetHints":{"allow":["GET"]}}],"collection":[{"href":"https:\/\/roveyayinevi.com.tr\/index.php\/wp-json\/wp\/v2\/product"}],"about":[{"href":"https:\/\/roveyayinevi.com.tr\/index.php\/wp-json\/wp\/v2\/types\/product"}],"wp:attachment":[{"href":"https:\/\/roveyayinevi.com.tr\/index.php\/wp-json\/wp\/v2\/media?parent=756224"}],"wp:term":[{"taxonomy":"product_brand","embeddable":true,"href":"https:\/\/roveyayinevi.com.tr\/index.php\/wp-json\/wp\/v2\/product_brand?post=756224"},{"taxonomy":"product_cat","embeddable":true,"href":"https:\/\/roveyayinevi.com.tr\/index.php\/wp-json\/wp\/v2\/product_cat?post=756224"},{"taxonomy":"product_tag","embeddable":true,"href":"https:\/\/roveyayinevi.com.tr\/index.php\/wp-json\/wp\/v2\/product_tag?post=756224"}],"curies":[{"name":"wp","href":"https:\/\/api.w.org\/{rel}","templated":true}]}}