{"id":756220,"date":"2025-08-28T07:01:48","date_gmt":"2025-08-28T04:01:48","guid":{"rendered":"https:\/\/roveyayinevi.com.tr\/index.php\/urun\/sanati-kesfetmek\/"},"modified":"2026-04-16T03:09:30","modified_gmt":"2026-04-16T00:09:30","slug":"sanati-kesfetmek","status":"publish","type":"product","link":"https:\/\/roveyayinevi.com.tr\/index.php\/urun\/sanati-kesfetmek\/","title":{"rendered":"Sanat\u0131 Ke\u015ffetmek"},"content":{"rendered":"<p>Sanat\u0131n akademik bir tan\u0131m\u0131 var biliyorsunuz, duygu ve d\u00fc\u015f\u00fcnceleri estetik bir dille falan filan ifade etme olay\u0131 deniliyor. Fakat bu tan\u0131m\u0131 ben yetersiz ve isabetsiz buluyorum. \u201cSanat, \u00e7a\u011flar aras\u0131 ileti\u015fim kurabildi\u011fimiz evrensel bir dildir. Sanat\u00e7\u0131 da bu dili konu\u015fabilendir.\u201d Bu tan\u0131m bendenize aittir. Akademi camias\u0131nda reddedilmi\u015ftir, deli sa\u00e7mas\u0131 \u015feklinde yorumlanm\u0131\u015ft\u0131r b\u00f6yle yorumlanmas\u0131 da bana sa\u00e7ma gelmi\u015ftir. \u0130nan\u0131yorum ki bu tan\u0131m\u0131n do\u011frulu\u011funu bir g\u00fcn kabul edecekler. <\/p>\n","protected":false},"excerpt":{"rendered":"<p>Sanat\u0131n akademik bir tan\u0131m\u0131 var biliyorsunuz, duygu ve d\u00fc\u015f\u00fcnceleri estetik bir dille falan filan ifade etme olay\u0131 deniliyor. Fakat bu tan\u0131m\u0131 ben yetersiz ve isabetsiz buluyorum.<span class=\"excerpt-hellip\"> [\u2026]<\/span><\/p>\n","protected":false},"featured_media":0,"template":"","meta":{"_monsterinsights_skip_tracking":false,"_monsterinsights_sitenote_active":false,"_monsterinsights_sitenote_note":"","_monsterinsights_sitenote_category":0},"product_brand":[],"product_cat":[12408],"product_tag":[],"class_list":{"0":"post-756220","1":"product","2":"type-product","3":"status-publish","5":"product_cat-sanat","6":"pa_cilt-ciltsiz","7":"pa_tur-kitap","8":"pa_yayinevi-kuytu-yayinlari","9":"pa_yazar-ebru-figen-meydan","11":"first","12":"instock","13":"sale","14":"shipping-taxable","15":"purchasable","16":"product-type-simple"},"_links":{"self":[{"href":"https:\/\/roveyayinevi.com.tr\/index.php\/wp-json\/wp\/v2\/product\/756220","targetHints":{"allow":["GET"]}}],"collection":[{"href":"https:\/\/roveyayinevi.com.tr\/index.php\/wp-json\/wp\/v2\/product"}],"about":[{"href":"https:\/\/roveyayinevi.com.tr\/index.php\/wp-json\/wp\/v2\/types\/product"}],"wp:attachment":[{"href":"https:\/\/roveyayinevi.com.tr\/index.php\/wp-json\/wp\/v2\/media?parent=756220"}],"wp:term":[{"taxonomy":"product_brand","embeddable":true,"href":"https:\/\/roveyayinevi.com.tr\/index.php\/wp-json\/wp\/v2\/product_brand?post=756220"},{"taxonomy":"product_cat","embeddable":true,"href":"https:\/\/roveyayinevi.com.tr\/index.php\/wp-json\/wp\/v2\/product_cat?post=756220"},{"taxonomy":"product_tag","embeddable":true,"href":"https:\/\/roveyayinevi.com.tr\/index.php\/wp-json\/wp\/v2\/product_tag?post=756220"}],"curies":[{"name":"wp","href":"https:\/\/api.w.org\/{rel}","templated":true}]}}