{"id":756218,"date":"2025-08-28T07:01:45","date_gmt":"2025-08-28T04:01:45","guid":{"rendered":"https:\/\/roveyayinevi.com.tr\/index.php\/urun\/ayicik-hooop-yataga\/"},"modified":"2025-11-06T09:48:16","modified_gmt":"2025-11-06T06:48:16","slug":"ayicik-hooop-yataga","status":"publish","type":"product","link":"https:\/\/roveyayinevi.com.tr\/index.php\/urun\/ayicik-hooop-yataga\/","title":{"rendered":"Ay\u0131c\u0131k Hooop Yata\u011fa"},"content":{"rendered":"<p>O g\u00fcn, L\u00e9on&#8217;un yatmaya hi\u00e7 niyeti yoktu. Babas\u0131 onu uyutmak i\u00e7in odas\u0131na g\u00f6t\u00fcrd\u00fc; uyuyana kadar bekleyecekti yan\u0131nda. \u00c7ok de\u011fil birka\u00e7 dakika sonra ka\u015f\u0131nmaya ba\u015flad\u0131 yavru ay\u0131. K\u0131rt k\u0131rt! Patisini ka\u015f\u0131d\u0131. F\u0131rt f\u0131rt!  Burnunu ka\u015f\u0131d\u0131. L\u00e9on k\u0131p\u0131rdan\u0131p durdu. Ama babas\u0131n\u0131n g\u00f6zleri kapanmaya ba\u015flam\u0131\u015ft\u0131 bile\u2026   Uyku gelmek bilmedi\u011finde\u2026 Bir babayla o\u011flunun tatl\u0131 m\u0131 tatl\u0131 at\u0131\u015fmas\u0131 ba\u015flar.<\/p>\n","protected":false},"excerpt":{"rendered":"<p>O g\u00fcn, L\u00e9on&#8217;un yatmaya hi\u00e7 niyeti yoktu. Babas\u0131 onu uyutmak i\u00e7in odas\u0131na g\u00f6t\u00fcrd\u00fc; uyuyana kadar bekleyecekti yan\u0131nda. \u00c7ok de\u011fil birka\u00e7 dakika sonra ka\u015f\u0131nmaya ba\u015flad\u0131 yavru ay\u0131.<span class=\"excerpt-hellip\"> [\u2026]<\/span><\/p>\n","protected":false},"featured_media":0,"template":"","meta":{"_monsterinsights_skip_tracking":false,"_monsterinsights_sitenote_active":false,"_monsterinsights_sitenote_note":"","_monsterinsights_sitenote_category":0},"product_brand":[],"product_cat":[12274,12284],"product_tag":[],"class_list":{"0":"post-756218","1":"product","2":"type-product","3":"status-publish","5":"product_cat-cocuk-ve-genclik-kitaplari","6":"product_cat-hikayeler","7":"pa_cilt-ciltsiz","8":"pa_tur-kitap","9":"pa_yayinevi-1001-cicek-kitaplar","10":"pa_yazar-armelle-modere","12":"first","13":"instock","14":"sale","15":"shipping-taxable","16":"purchasable","17":"product-type-simple"},"_links":{"self":[{"href":"https:\/\/roveyayinevi.com.tr\/index.php\/wp-json\/wp\/v2\/product\/756218","targetHints":{"allow":["GET"]}}],"collection":[{"href":"https:\/\/roveyayinevi.com.tr\/index.php\/wp-json\/wp\/v2\/product"}],"about":[{"href":"https:\/\/roveyayinevi.com.tr\/index.php\/wp-json\/wp\/v2\/types\/product"}],"wp:attachment":[{"href":"https:\/\/roveyayinevi.com.tr\/index.php\/wp-json\/wp\/v2\/media?parent=756218"}],"wp:term":[{"taxonomy":"product_brand","embeddable":true,"href":"https:\/\/roveyayinevi.com.tr\/index.php\/wp-json\/wp\/v2\/product_brand?post=756218"},{"taxonomy":"product_cat","embeddable":true,"href":"https:\/\/roveyayinevi.com.tr\/index.php\/wp-json\/wp\/v2\/product_cat?post=756218"},{"taxonomy":"product_tag","embeddable":true,"href":"https:\/\/roveyayinevi.com.tr\/index.php\/wp-json\/wp\/v2\/product_tag?post=756218"}],"curies":[{"name":"wp","href":"https:\/\/api.w.org\/{rel}","templated":true}]}}