{"id":756215,"date":"2025-08-28T07:01:39","date_gmt":"2025-08-28T04:01:39","guid":{"rendered":"https:\/\/roveyayinevi.com.tr\/index.php\/urun\/celik-kanatlar-kibris-uzerinde\/"},"modified":"2026-04-16T03:09:30","modified_gmt":"2026-04-16T00:09:30","slug":"celik-kanatlar-kibris-uzerinde","status":"publish","type":"product","link":"https:\/\/roveyayinevi.com.tr\/index.php\/urun\/celik-kanatlar-kibris-uzerinde\/","title":{"rendered":"\u00c7elik Kanatlar K\u0131br\u0131s \u00dczerinde"},"content":{"rendered":"<p>\u00c7EL\u0130K KANATLAR KIBRIS \u00dcZER\u0130NDE Son Tan\u0131klar\u0131n Anlat\u0131mlar\u0131yla K\u0131br\u0131s Bar\u0131\u015f Harek\u00e2t\u0131\u2019n\u0131n Hava Cephesi (Temmuz &#8211; A\u011fustos 1974)   \u00c7elik Kanatlar K\u0131br\u0131s \u00dczerinde, T\u00fcrk havac\u0131l\u0131k tarihi ara\u015ft\u0131rmac\u0131lar\u0131 Levent Ba\u015fara ve Serhat G\u00fcven\u00e7\u2019in av-bombard\u0131man filolar\u0131nda g\u00f6rev alm\u0131\u015f 30\u2019un \u00fczerinde K\u0131br\u0131s gazisiyle yapt\u0131klar\u0131 g\u00f6r\u00fc\u015fmelerden olu\u015fuyor. Serinin ilk \u00e7al\u0131\u015fmas\u0131 olan K\u0131br\u0131s \u0130\u00e7in Havaland\u0131lar \u201cG-G\u00fcn\u00fc\u201d kitab\u0131nda, harek\u00e2t\u0131n ilk g\u00fcn\u00fcndeki hava indirme, u\u00e7arbirlik ve foto-ke\u015fif faaliyetleri anlat\u0131lm\u0131\u015ft\u0131. Bu kitapta ise K\u0131br\u0131s Bar\u0131\u015f Harek\u00e2t\u0131\u2019n\u0131n kazan\u0131lmas\u0131nda en kritik rollerden birini oynayan av-bombard\u0131man filolar\u0131n\u0131n ger\u00e7ekle\u015ftirdi\u011fi hava taarruzlar\u0131 ele al\u0131n\u0131yor.   Kitab\u0131n odak noktas\u0131n\u0131, yak\u0131n hava deste\u011fi g\u00f6revlerini icra eden pilotlar, bombard\u0131man u\u00e7u\u015flar\u0131nda en \u00e7ok kullan\u0131lan F-100 Super Sabre u\u00e7a\u011f\u0131 ve harek\u00e2tta sarf edilen m\u00fchimmat olu\u015fturuyor. T\u00fcrk Hava Kuvvetleri\u2019nin harek\u00e2ttaki u\u00e7ak kay\u0131plar\u0131 ve kay\u0131plar\u0131n nedenleri ilk kez ayr\u0131nt\u0131l\u0131 olarak inceleniyor. Rum mevzilerinin nas\u0131l bombaland\u0131\u011f\u0131, kara birliklerinin bombard\u0131man u\u00e7aklar\u0131 sayesinde nas\u0131l kolayca ilerledi\u011fi, \u00e7\u0131karma plaj\u0131na deste\u011fe gelen Rum ara\u00e7 konvoylar\u0131n\u0131n havadan nas\u0131l tespit edilip imha edildi\u011fi, havadaki u\u00e7aklarla yerde ilerleyen birliklerin nas\u0131l anla\u015ft\u0131\u011f\u0131, bu haberle\u015fmeyi sa\u011flayan \u0130leri Hava Kontrol\u00f6r\u00fc (\u0130HK) subaylar\u0131n\u0131n neler yapt\u0131\u011f\u0131 da okurla ilk defa payla\u015f\u0131l\u0131yor.   Harek\u00e2t\u0131n ilk g\u00fcn\u00fc, hava indirme ve u\u00e7arbirlik harek\u00e2tlar\u0131 daha ba\u015flamadan \u00e7\u0131karma b\u00f6lgesine gelen F-100 pilotlar\u0131 neler ya\u015fad\u0131lar, neden vuracak hedef bulamad\u0131lar? \u00c7\u0131karma kuvvetleri neden ge\u00e7 kald\u0131? Filolar aras\u0131nda havada neden kar\u0131\u015f\u0131kl\u0131k ya\u015fand\u0131? Rumlar T\u00fcrk pilotlar\u0131n\u0131 nas\u0131l aldatmaya \u00e7al\u0131\u015ft\u0131? Rumlar taraf\u0131ndan ka\u00e7 u\u00e7a\u011f\u0131m\u0131z vuruldu, atlamak zorunda kalan pilotlar\u0131m\u0131z nas\u0131l kurtuldu? Hava harek\u00e2t\u0131n\u0131n t\u00fcm y\u00fck\u00fcn\u00fc s\u0131rtlayan F-100 ve F-5 filolar\u0131nda ve \u00fcslendikleri meydanlarda neler oldu? G\u00fcnde \u00fc\u00e7 sorti u\u00e7an F-100 pilotlar\u0131 hangi s\u0131k\u0131nt\u0131lar\u0131 ya\u015fad\u0131? Rum h\u00fccumbotlar\u0131 nas\u0131l bat\u0131r\u0131ld\u0131? Girne\u2019deki T\u00fcrk birlikleri kendi u\u00e7aklar\u0131m\u0131z taraf\u0131ndan az kals\u0131n nas\u0131l vuruluyordu? Yunan u\u00e7aklar\u0131 K\u0131br\u0131s \u00fczerine gelseydi neler olurdu? Lefko\u015fa Havaalan\u0131 neden ve nas\u0131l vuruldu? T\u00fcm bu sorular\u0131n yan\u0131tlar\u0131n\u0131, son tan\u0131klar\u0131n anlat\u0131m\u0131yla, ilk kez okuyacaks\u0131n\u0131z.    \u00c7elik Kanatlar K\u0131br\u0131s \u00dczerinde, karada sava\u015fan birliklere havadan verilen deste\u011fi yeni bilgiler \u0131\u015f\u0131\u011f\u0131nda anlat\u0131yor ve K\u0131br\u0131s Bar\u0131\u015f Harek\u00e2t\u0131 tarihinin daha do\u011fru yaz\u0131lmas\u0131na katk\u0131 sa\u011fl\u0131yor. <\/p>\n","protected":false},"excerpt":{"rendered":"<p>\u00c7EL\u0130K KANATLAR KIBRIS \u00dcZER\u0130NDE Son Tan\u0131klar\u0131n Anlat\u0131mlar\u0131yla K\u0131br\u0131s Bar\u0131\u015f Harek\u00e2t\u0131\u2019n\u0131n Hava Cephesi (Temmuz &#8211; A\u011fustos 1974) \u00c7elik Kanatlar K\u0131br\u0131s \u00dczerinde, T\u00fcrk havac\u0131l\u0131k tarihi ara\u015ft\u0131rmac\u0131lar\u0131 Levent Ba\u015fara<span class=\"excerpt-hellip\"> [\u2026]<\/span><\/p>\n","protected":false},"featured_media":0,"template":"","meta":{"_monsterinsights_skip_tracking":false,"_monsterinsights_sitenote_active":false,"_monsterinsights_sitenote_note":"","_monsterinsights_sitenote_category":0},"product_brand":[],"product_cat":[12304],"product_tag":[],"class_list":{"0":"post-756215","1":"product","2":"type-product","3":"status-publish","5":"product_cat-tarih","6":"pa_cilt-ciltsiz","7":"pa_tur-kitap","8":"pa_yayinevi-kronik-kitap","9":"pa_yazar-levent-basara-serhat-guvenc","11":"first","12":"instock","13":"sale","14":"shipping-taxable","15":"purchasable","16":"product-type-simple"},"_links":{"self":[{"href":"https:\/\/roveyayinevi.com.tr\/index.php\/wp-json\/wp\/v2\/product\/756215","targetHints":{"allow":["GET"]}}],"collection":[{"href":"https:\/\/roveyayinevi.com.tr\/index.php\/wp-json\/wp\/v2\/product"}],"about":[{"href":"https:\/\/roveyayinevi.com.tr\/index.php\/wp-json\/wp\/v2\/types\/product"}],"wp:attachment":[{"href":"https:\/\/roveyayinevi.com.tr\/index.php\/wp-json\/wp\/v2\/media?parent=756215"}],"wp:term":[{"taxonomy":"product_brand","embeddable":true,"href":"https:\/\/roveyayinevi.com.tr\/index.php\/wp-json\/wp\/v2\/product_brand?post=756215"},{"taxonomy":"product_cat","embeddable":true,"href":"https:\/\/roveyayinevi.com.tr\/index.php\/wp-json\/wp\/v2\/product_cat?post=756215"},{"taxonomy":"product_tag","embeddable":true,"href":"https:\/\/roveyayinevi.com.tr\/index.php\/wp-json\/wp\/v2\/product_tag?post=756215"}],"curies":[{"name":"wp","href":"https:\/\/api.w.org\/{rel}","templated":true}]}}