{"id":756213,"date":"2025-08-28T07:01:37","date_gmt":"2025-08-28T04:01:37","guid":{"rendered":"https:\/\/roveyayinevi.com.tr\/index.php\/urun\/mukemmellik-tuzagi\/"},"modified":"2026-04-16T03:09:30","modified_gmt":"2026-04-16T00:09:30","slug":"mukemmellik-tuzagi","status":"publish","type":"product","link":"https:\/\/roveyayinevi.com.tr\/index.php\/urun\/mukemmellik-tuzagi\/","title":{"rendered":"M\u00fckemmellik Tuza\u011f\u0131"},"content":{"rendered":"<p>\u201cM\u00fckemmellik Tuza\u011f\u0131, imk\u00e2ns\u0131z standartlarla dolu bir d\u00fcnyada y\u00f6n\u00fcn\u00fc bulmakta zorlananlara hem bir umut \u0131\u015f\u0131\u011f\u0131 hem de y\u00fcr\u00fcyebilecekleri istikrarl\u0131 bir yol sunuyor.\u201d Daniel H. Pink   \u201cCurran, g\u00fcncel bulgulardan olu\u015fan geni\u015f bir yelpazeye dayal\u0131 olarak, m\u00fckemmeliyet\u00e7ili\u011fin ve onun s\u0131n\u0131rs\u0131z bir b\u00fcy\u00fcme elde etmeye y\u00f6nelik kapitalist \u2018saplant\u0131\u2019s\u0131n\u0131n kitlesel \u00f6l\u00e7ekte bir ho\u015fnutsuzluk ve g\u00fcvencesizli\u011fe nas\u0131l katk\u0131da bulundu\u011funu ger\u00e7ek\u00e7i bir bak\u0131\u015f a\u00e7\u0131s\u0131yla ortaya koyuyor.\u201d Publishers Weekly   G\u00fcn\u00fcm\u00fczde t\u00fckenmi\u015flik ve depresyon; i\u015fyerindeki yo\u011fun rekabetin, kendimizi ba\u015fkalar\u0131yla k\u0131yaslamaya te\u015fvik eden bask\u0131c\u0131 \u00f6l\u00e7\u00fcde yayg\u0131nla\u015fm\u0131\u015f sosyal medyan\u0131n, elit \u00fcniversitelerden diploma edinme aray\u0131\u015f\u0131n\u0131n ve ebeveynler ile akranlar\u0131n etkisiyle rekor d\u00fczeylere ula\u015fm\u0131\u015ft\u0131r. \u0130\u00e7inde ya\u015fad\u0131\u011f\u0131m\u0131z ekonomik sistem m\u00fckemmeliyet\u00e7ili\u011fi besleyici nitelikte bir dizi \u00e7arp\u0131k de\u011fer \u00fcretmeyi s\u00fcrd\u00fcrd\u00fc\u011f\u00fc i\u00e7in, hepimizin ruh haline silinmez \u015fekilde yap\u0131\u015f\u0131p kalm\u0131\u015f bu olumsuz duygular her ge\u00e7en g\u00fcn daha da yo\u011funla\u015fmaktad\u0131r. D\u00fcnyan\u0131n en \u00f6nde gelen m\u00fckemmeliyet\u00e7ilik uzman\u0131 Thomas Curran\u2019\u0131n elinizdeki kitab\u0131, bu olgunun neden y\u00fckseli\u015fte oldu\u011funu, hayatlar\u0131m\u0131z\u0131 nas\u0131l alt \u00fcst etti\u011fini ve onu durdurmak i\u00e7in ne yapabilece\u011fimizi incelikle anlat\u0131yor. M\u00fckemmeliyet\u00e7ili\u011fin hem sizin hayat\u0131n\u0131z hem de toplumun geneli \u00fczerindeki sinsi etkilerini g\u00fcn y\u00fcz\u00fcne \u00e7\u0131karan M\u00fckemmellik Tuza\u011f\u0131, ara\u015ft\u0131rmaya dayal\u0131 i\u00e7eri\u011fiyle bu olgunun sebepleri ve sonu\u00e7lar\u0131n\u0131 g\u00fczel, d\u00fc\u015f\u00fcnd\u00fcr\u00fcc\u00fc ve titiz bir yakla\u015f\u0131mla ke\u015ffederek ilgi \u00e7ekici ve kapsaml\u0131 bir analize tabi tutuyor. M\u00fckemmellik Tuza\u011f\u0131: Her Zaman Daha Fazlas\u0131n\u0131 \u0130steyen Bir D\u00fcnyada Yeterli Olan\u0131n G\u00fcc\u00fc, m\u00fckemmeliyet\u00e7ilik aray\u0131\u015f\u0131n\u0131n t\u00fckenmi\u015fli\u011fi ve depresyonu nas\u0131l beraberinde getirerek bizi hedeflerimize eri\u015fmekten al\u0131koyan tehlikeli bir saplant\u0131ya d\u00f6n\u00fc\u015febilece\u011fine i\u015faret ediyor. Bunun yan\u0131nda ba\u015far\u0131s\u0131zl\u0131ktan korktu\u011funuzda, hatalar\u0131n\u0131za tak\u0131l\u0131p kald\u0131\u011f\u0131n\u0131zda ya da kendinizi yetersiz hissetti\u011finizde hayat\u0131n\u0131z\u0131 tekrardan yoluna koyabilmeniz i\u00e7in vakit kaybetmeksizin uygulayabilece\u011finiz pratik \u00e7\u00f6z\u00fcm yollar\u0131 g\u00f6steriyor.<\/p>\n","protected":false},"excerpt":{"rendered":"<p>\u201cM\u00fckemmellik Tuza\u011f\u0131, imk\u00e2ns\u0131z standartlarla dolu bir d\u00fcnyada y\u00f6n\u00fcn\u00fc bulmakta zorlananlara hem bir umut \u0131\u015f\u0131\u011f\u0131 hem de y\u00fcr\u00fcyebilecekleri istikrarl\u0131 bir yol sunuyor.\u201d Daniel H. Pink \u201cCurran, g\u00fcncel<span class=\"excerpt-hellip\"> [\u2026]<\/span><\/p>\n","protected":false},"featured_media":0,"template":"","meta":{"_monsterinsights_skip_tracking":false,"_monsterinsights_sitenote_active":false,"_monsterinsights_sitenote_note":"","_monsterinsights_sitenote_category":0},"product_brand":[],"product_cat":[12357],"product_tag":[],"class_list":{"0":"post-756213","1":"product","2":"type-product","3":"status-publish","5":"product_cat-psikoloji","6":"pa_cilt-ciltsiz","7":"pa_tur-kitap","8":"pa_yayinevi-kronik-kitap","9":"pa_yazar-thomas-curran","11":"first","12":"instock","13":"sale","14":"shipping-taxable","15":"purchasable","16":"product-type-simple"},"_links":{"self":[{"href":"https:\/\/roveyayinevi.com.tr\/index.php\/wp-json\/wp\/v2\/product\/756213","targetHints":{"allow":["GET"]}}],"collection":[{"href":"https:\/\/roveyayinevi.com.tr\/index.php\/wp-json\/wp\/v2\/product"}],"about":[{"href":"https:\/\/roveyayinevi.com.tr\/index.php\/wp-json\/wp\/v2\/types\/product"}],"wp:attachment":[{"href":"https:\/\/roveyayinevi.com.tr\/index.php\/wp-json\/wp\/v2\/media?parent=756213"}],"wp:term":[{"taxonomy":"product_brand","embeddable":true,"href":"https:\/\/roveyayinevi.com.tr\/index.php\/wp-json\/wp\/v2\/product_brand?post=756213"},{"taxonomy":"product_cat","embeddable":true,"href":"https:\/\/roveyayinevi.com.tr\/index.php\/wp-json\/wp\/v2\/product_cat?post=756213"},{"taxonomy":"product_tag","embeddable":true,"href":"https:\/\/roveyayinevi.com.tr\/index.php\/wp-json\/wp\/v2\/product_tag?post=756213"}],"curies":[{"name":"wp","href":"https:\/\/api.w.org\/{rel}","templated":true}]}}