{"id":756210,"date":"2025-08-28T07:01:33","date_gmt":"2025-08-28T04:01:33","guid":{"rendered":"https:\/\/roveyayinevi.com.tr\/index.php\/urun\/halkla-iliskiler-perspektifinden-kriz-yonetimi\/"},"modified":"2026-04-16T03:09:30","modified_gmt":"2026-04-16T00:09:30","slug":"halkla-iliskiler-perspektifinden-kriz-yonetimi","status":"publish","type":"product","link":"https:\/\/roveyayinevi.com.tr\/index.php\/urun\/halkla-iliskiler-perspektifinden-kriz-yonetimi\/","title":{"rendered":"Halkla \u0130li\u015fkiler Perspektifinden \u201cKriz Y\u00f6netimi\u201d"},"content":{"rendered":"<p>\u0130\u00e7indekiler     G\u0130R\u0130\u015e   B\u00d6L\u00dcM 1: HALKLA \u0130L\u0130\u015eK\u0130LERE GENEL B\u0130R BAKI\u015e   B\u00d6L\u00dcM 2: HALKLA \u0130L\u0130\u015eK\u0130LER PERSPEKT\u0130F\u0130NDEN \u201cKR\u0130Z Y\u00d6NET\u0130M\u0130\u201d   KAYNAK\u00c7A <\/p>\n","protected":false},"excerpt":{"rendered":"<p>\u0130\u00e7indekiler G\u0130R\u0130\u015e B\u00d6L\u00dcM 1: HALKLA \u0130L\u0130\u015eK\u0130LERE GENEL B\u0130R BAKI\u015e B\u00d6L\u00dcM 2: HALKLA \u0130L\u0130\u015eK\u0130LER PERSPEKT\u0130F\u0130NDEN \u201cKR\u0130Z Y\u00d6NET\u0130M\u0130\u201d KAYNAK\u00c7A<\/p>\n","protected":false},"featured_media":0,"template":"","meta":{"_monsterinsights_skip_tracking":false,"_monsterinsights_sitenote_active":false,"_monsterinsights_sitenote_note":"","_monsterinsights_sitenote_category":0},"product_brand":[],"product_cat":[12573,12566],"product_tag":[],"class_list":{"0":"post-756210","1":"product","2":"type-product","3":"status-publish","5":"product_cat-akademik-kitaplar","6":"product_cat-egitim","7":"pa_cilt-ciltsiz","8":"pa_tur-kitap","9":"pa_yayinevi-gazi-kitabevi","10":"pa_yazar-pinar-karacan-dogan-gamze-durmus","12":"first","13":"instock","14":"sale","15":"shipping-taxable","16":"purchasable","17":"product-type-simple"},"_links":{"self":[{"href":"https:\/\/roveyayinevi.com.tr\/index.php\/wp-json\/wp\/v2\/product\/756210","targetHints":{"allow":["GET"]}}],"collection":[{"href":"https:\/\/roveyayinevi.com.tr\/index.php\/wp-json\/wp\/v2\/product"}],"about":[{"href":"https:\/\/roveyayinevi.com.tr\/index.php\/wp-json\/wp\/v2\/types\/product"}],"wp:attachment":[{"href":"https:\/\/roveyayinevi.com.tr\/index.php\/wp-json\/wp\/v2\/media?parent=756210"}],"wp:term":[{"taxonomy":"product_brand","embeddable":true,"href":"https:\/\/roveyayinevi.com.tr\/index.php\/wp-json\/wp\/v2\/product_brand?post=756210"},{"taxonomy":"product_cat","embeddable":true,"href":"https:\/\/roveyayinevi.com.tr\/index.php\/wp-json\/wp\/v2\/product_cat?post=756210"},{"taxonomy":"product_tag","embeddable":true,"href":"https:\/\/roveyayinevi.com.tr\/index.php\/wp-json\/wp\/v2\/product_tag?post=756210"}],"curies":[{"name":"wp","href":"https:\/\/api.w.org\/{rel}","templated":true}]}}