{"id":756209,"date":"2025-08-28T07:01:32","date_gmt":"2025-08-28T04:01:32","guid":{"rendered":"https:\/\/roveyayinevi.com.tr\/index.php\/urun\/turkiyede-reklamcilik-sektorunun-performans-analizi-ve-sektorun-gelecegine-yonelik-genel-bir-bakis\/"},"modified":"2026-04-16T03:09:30","modified_gmt":"2026-04-16T00:09:30","slug":"turkiyede-reklamcilik-sektorunun-performans-analizi-ve-sektorun-gelecegine-yonelik-genel-bir-bakis","status":"publish","type":"product","link":"https:\/\/roveyayinevi.com.tr\/index.php\/urun\/turkiyede-reklamcilik-sektorunun-performans-analizi-ve-sektorun-gelecegine-yonelik-genel-bir-bakis\/","title":{"rendered":"T\u00fcrkiye&#8217;de Reklamc\u0131l\u0131k Sekt\u00f6r\u00fcn\u00fcn Performans Analizi Ve Sekt\u00f6r\u00fcn Gelece\u011fine Y\u00f6nelik Genel Bir Bak\u0131\u015f"},"content":{"rendered":"<p>\u0130\u00e7indekiler       G\u0130R\u0130\u015e   B\u00d6L\u00dcM  1 PAZARLAMA \u0130LET\u0130\u015e\u0130M\u0130 ve REKLAM   B\u00d6L\u00dcM 2 L\u0130TERAT\u00dcR TARAMASI   B\u00d6L\u00dcM 3 T\u00dcRK\u0130YE\u2019DE REKLAMCILIK SEKT\u00d6R\u00dcN\u00dcN PERFORMANSININ DE\u011eERLEND\u0130R\u0130LMES\u0130 \u00dcZER\u0130NE B\u0130R UYGULAMA   SONU\u00c7 VE \u00d6NER\u0130LER   KAYNAK\u00c7A <\/p>\n","protected":false},"excerpt":{"rendered":"<p>\u0130\u00e7indekiler G\u0130R\u0130\u015e B\u00d6L\u00dcM 1 PAZARLAMA \u0130LET\u0130\u015e\u0130M\u0130 ve REKLAM B\u00d6L\u00dcM 2 L\u0130TERAT\u00dcR TARAMASI B\u00d6L\u00dcM 3 T\u00dcRK\u0130YE\u2019DE REKLAMCILIK SEKT\u00d6R\u00dcN\u00dcN PERFORMANSININ DE\u011eERLEND\u0130R\u0130LMES\u0130 \u00dcZER\u0130NE B\u0130R UYGULAMA SONU\u00c7 VE \u00d6NER\u0130LER KAYNAK\u00c7A<\/p>\n","protected":false},"featured_media":0,"template":"","meta":{"_monsterinsights_skip_tracking":false,"_monsterinsights_sitenote_active":false,"_monsterinsights_sitenote_note":"","_monsterinsights_sitenote_category":0},"product_brand":[],"product_cat":[13043,17492],"product_tag":[],"class_list":{"0":"post-756209","1":"product","2":"type-product","3":"status-publish","5":"product_cat-ekonomi","6":"product_cat-pazarlama-satis-reklam","7":"pa_cilt-ciltsiz","8":"pa_tur-kitap","9":"pa_yayinevi-gazi-kitabevi","10":"pa_yazar-derya-altintas","12":"first","13":"instock","14":"sale","15":"shipping-taxable","16":"purchasable","17":"product-type-simple"},"_links":{"self":[{"href":"https:\/\/roveyayinevi.com.tr\/index.php\/wp-json\/wp\/v2\/product\/756209","targetHints":{"allow":["GET"]}}],"collection":[{"href":"https:\/\/roveyayinevi.com.tr\/index.php\/wp-json\/wp\/v2\/product"}],"about":[{"href":"https:\/\/roveyayinevi.com.tr\/index.php\/wp-json\/wp\/v2\/types\/product"}],"wp:attachment":[{"href":"https:\/\/roveyayinevi.com.tr\/index.php\/wp-json\/wp\/v2\/media?parent=756209"}],"wp:term":[{"taxonomy":"product_brand","embeddable":true,"href":"https:\/\/roveyayinevi.com.tr\/index.php\/wp-json\/wp\/v2\/product_brand?post=756209"},{"taxonomy":"product_cat","embeddable":true,"href":"https:\/\/roveyayinevi.com.tr\/index.php\/wp-json\/wp\/v2\/product_cat?post=756209"},{"taxonomy":"product_tag","embeddable":true,"href":"https:\/\/roveyayinevi.com.tr\/index.php\/wp-json\/wp\/v2\/product_tag?post=756209"}],"curies":[{"name":"wp","href":"https:\/\/api.w.org\/{rel}","templated":true}]}}