{"id":756208,"date":"2025-08-28T07:01:30","date_gmt":"2025-08-28T04:01:30","guid":{"rendered":"https:\/\/roveyayinevi.com.tr\/index.php\/urun\/musteri-yasam-boyu-degeri-ve-veri-madenciligi\/"},"modified":"2026-04-16T03:09:30","modified_gmt":"2026-04-16T00:09:30","slug":"musteri-yasam-boyu-degeri-ve-veri-madenciligi","status":"publish","type":"product","link":"https:\/\/roveyayinevi.com.tr\/index.php\/urun\/musteri-yasam-boyu-degeri-ve-veri-madenciligi\/","title":{"rendered":"M\u00fc\u015fteri Ya\u015fam Boyu De\u011feri Ve Veri Madencili\u011fi"},"content":{"rendered":"<p>\u0130\u00e7indekiler       1. M\u00dc\u015eTER\u0130 \u0130L\u0130\u015eK\u0130LER\u0130 Y\u00d6NET\u0130M\u0130 (CRM) ve ANAL\u0130T\u0130K CRM   2. B\u0130LG\u0130 S\u0130STEMLER\u0130 VE VER\u0130 MADENC\u0130L\u0130\u011e\u0130   3. M\u00dc\u015eTER\u0130 YA\u015eAM BOYU DE\u011eER\u0130   4. M\u00dc\u015eTER\u0130 YA\u015eAM BOYU DE\u011eER\u0130N\u0130N BEL\u0130RLENMES\u0130   5. G\u00dcNCELL\u0130K, SIKLIK, PARASAL B\u00dcY\u00dcKL\u00dcK MODEL\u0130   6. LRFM MODEL\u0130NE DAYALI M\u00dc\u015eTER\u0130 YA\u015eAM BOYU DE\u011eER ENDEKS\u0130   7. M\u00dc\u015eTER\u0130 YA\u015eAM BOYU DE\u011eER ENDEKS\u0130NE DAYALI AYKIRILIK ANAL\u0130Z\u0130 <\/p>\n","protected":false},"excerpt":{"rendered":"<p>\u0130\u00e7indekiler 1. M\u00dc\u015eTER\u0130 \u0130L\u0130\u015eK\u0130LER\u0130 Y\u00d6NET\u0130M\u0130 (CRM) ve ANAL\u0130T\u0130K CRM 2. B\u0130LG\u0130 S\u0130STEMLER\u0130 VE VER\u0130 MADENC\u0130L\u0130\u011e\u0130 3. M\u00dc\u015eTER\u0130 YA\u015eAM BOYU DE\u011eER\u0130 4. M\u00dc\u015eTER\u0130 YA\u015eAM BOYU DE\u011eER\u0130N\u0130N BEL\u0130RLENMES\u0130<span class=\"excerpt-hellip\"> [\u2026]<\/span><\/p>\n","protected":false},"featured_media":0,"template":"","meta":{"_monsterinsights_skip_tracking":false,"_monsterinsights_sitenote_active":false,"_monsterinsights_sitenote_note":"","_monsterinsights_sitenote_category":0},"product_brand":[],"product_cat":[13043,14381],"product_tag":[],"class_list":{"0":"post-756208","1":"product","2":"type-product","3":"status-publish","5":"product_cat-ekonomi","6":"product_cat-isletme-muhasebe-maliye","7":"pa_cilt-ciltsiz","8":"pa_tur-kitap","9":"pa_yayinevi-gazi-kitabevi","10":"pa_yazar-inanc-kabasakal-haluk-soyuer","12":"first","13":"instock","14":"sale","15":"shipping-taxable","16":"purchasable","17":"product-type-simple"},"_links":{"self":[{"href":"https:\/\/roveyayinevi.com.tr\/index.php\/wp-json\/wp\/v2\/product\/756208","targetHints":{"allow":["GET"]}}],"collection":[{"href":"https:\/\/roveyayinevi.com.tr\/index.php\/wp-json\/wp\/v2\/product"}],"about":[{"href":"https:\/\/roveyayinevi.com.tr\/index.php\/wp-json\/wp\/v2\/types\/product"}],"wp:attachment":[{"href":"https:\/\/roveyayinevi.com.tr\/index.php\/wp-json\/wp\/v2\/media?parent=756208"}],"wp:term":[{"taxonomy":"product_brand","embeddable":true,"href":"https:\/\/roveyayinevi.com.tr\/index.php\/wp-json\/wp\/v2\/product_brand?post=756208"},{"taxonomy":"product_cat","embeddable":true,"href":"https:\/\/roveyayinevi.com.tr\/index.php\/wp-json\/wp\/v2\/product_cat?post=756208"},{"taxonomy":"product_tag","embeddable":true,"href":"https:\/\/roveyayinevi.com.tr\/index.php\/wp-json\/wp\/v2\/product_tag?post=756208"}],"curies":[{"name":"wp","href":"https:\/\/api.w.org\/{rel}","templated":true}]}}