{"id":756207,"date":"2025-08-28T07:01:29","date_gmt":"2025-08-28T04:01:29","guid":{"rendered":"https:\/\/roveyayinevi.com.tr\/index.php\/urun\/girisim-finansmani\/"},"modified":"2026-04-16T03:09:30","modified_gmt":"2026-04-16T00:09:30","slug":"girisim-finansmani","status":"publish","type":"product","link":"https:\/\/roveyayinevi.com.tr\/index.php\/urun\/girisim-finansmani\/","title":{"rendered":"Giri\u015fim Finansman\u0131"},"content":{"rendered":"<p>\u0130\u00e7indekiler   B\u0130R\u0130NC\u0130 B\u00d6L\u00dcM 1. G\u0130R\u0130\u015e\u0130MC\u0130L\u0130K   \u0130K\u0130NC\u0130 B\u00d6L\u00dcM 2. R\u0130SK SERMAYES\u0130   \u00dc\u00c7\u00dcNC\u00dc B\u00d6L\u00dcM 3. MELEK YATIRIM   D\u00d6RD\u00dcNC\u00dc B\u00d6L\u00dcM 4. M\u0130KROF\u0130NANS   BE\u015e\u0130NC\u0130 B\u00d6L\u00dcM 5. K\u0130TLE FONLAMA   ALTINCI B\u00d6L\u00dcM 6. \u00d6ZEL SERMAYE FONLARI   B\u00d6L\u00dcM 7. YATIRIMDAN \u00c7IKI\u015e   B\u00d6L\u00dcM 8. G\u0130R\u0130\u015e\u0130M SERMAYES\u0130 YATIRIMLARININ MUHASEBE ve VERG\u0130 BOYUTU <\/p>\n","protected":false},"excerpt":{"rendered":"<p>\u0130\u00e7indekiler B\u0130R\u0130NC\u0130 B\u00d6L\u00dcM 1. G\u0130R\u0130\u015e\u0130MC\u0130L\u0130K \u0130K\u0130NC\u0130 B\u00d6L\u00dcM 2. R\u0130SK SERMAYES\u0130 \u00dc\u00c7\u00dcNC\u00dc B\u00d6L\u00dcM 3. MELEK YATIRIM D\u00d6RD\u00dcNC\u00dc B\u00d6L\u00dcM 4. M\u0130KROF\u0130NANS BE\u015e\u0130NC\u0130 B\u00d6L\u00dcM 5. K\u0130TLE FONLAMA ALTINCI B\u00d6L\u00dcM<span class=\"excerpt-hellip\"> [\u2026]<\/span><\/p>\n","protected":false},"featured_media":0,"template":"","meta":{"_monsterinsights_skip_tracking":false,"_monsterinsights_sitenote_active":false,"_monsterinsights_sitenote_note":"","_monsterinsights_sitenote_category":0},"product_brand":[],"product_cat":[13043],"product_tag":[],"class_list":{"0":"post-756207","1":"product","2":"type-product","3":"status-publish","5":"product_cat-ekonomi","6":"pa_cilt-ciltsiz","7":"pa_tur-kitap","8":"pa_yayinevi-gazi-kitabevi","9":"pa_yazar-kolektif","11":"first","12":"instock","13":"sale","14":"shipping-taxable","15":"purchasable","16":"product-type-simple"},"_links":{"self":[{"href":"https:\/\/roveyayinevi.com.tr\/index.php\/wp-json\/wp\/v2\/product\/756207","targetHints":{"allow":["GET"]}}],"collection":[{"href":"https:\/\/roveyayinevi.com.tr\/index.php\/wp-json\/wp\/v2\/product"}],"about":[{"href":"https:\/\/roveyayinevi.com.tr\/index.php\/wp-json\/wp\/v2\/types\/product"}],"wp:attachment":[{"href":"https:\/\/roveyayinevi.com.tr\/index.php\/wp-json\/wp\/v2\/media?parent=756207"}],"wp:term":[{"taxonomy":"product_brand","embeddable":true,"href":"https:\/\/roveyayinevi.com.tr\/index.php\/wp-json\/wp\/v2\/product_brand?post=756207"},{"taxonomy":"product_cat","embeddable":true,"href":"https:\/\/roveyayinevi.com.tr\/index.php\/wp-json\/wp\/v2\/product_cat?post=756207"},{"taxonomy":"product_tag","embeddable":true,"href":"https:\/\/roveyayinevi.com.tr\/index.php\/wp-json\/wp\/v2\/product_tag?post=756207"}],"curies":[{"name":"wp","href":"https:\/\/api.w.org\/{rel}","templated":true}]}}