{"id":756205,"date":"2025-08-28T07:01:27","date_gmt":"2025-08-28T04:01:27","guid":{"rendered":"https:\/\/roveyayinevi.com.tr\/index.php\/urun\/dort-mevsimlik-gunlugum-ciltli\/"},"modified":"2026-04-03T03:11:09","modified_gmt":"2026-04-03T00:11:09","slug":"dort-mevsimlik-gunlugum-ciltli","status":"publish","type":"product","link":"https:\/\/roveyayinevi.com.tr\/index.php\/urun\/dort-mevsimlik-gunlugum-ciltli\/","title":{"rendered":"D\u00f6rt Mevsimlik G\u00fcnl\u00fc\u011f\u00fcm (Ciltli)"},"content":{"rendered":"<p>Ya\u015famda iz b\u0131rakman\u0131n tad\u0131 bu g\u00fcnl\u00fckte&#8230; D\u00f6rt Mevsimlik G\u00fcnl\u00fc\u011f\u00fcm ne tek ba\u015f\u0131na bir ajanda ne sadece bir not defteri ne de yaln\u0131zca tarihsiz bir planlay\u0131c\u0131. D\u00f6rt Mevsimlik G\u00fcnl\u00fc\u011f\u00fcm \u00e7ok daha fazlas\u0131&#8230; Hayallerini, hedeflerini payla\u015fabilece\u011fin, birlikte derin d\u00fc\u015f\u00fcn\u00fcp haftal\u0131k, ayl\u0131k ve mevsimlik planlamalar, de\u011ferlendirmeler yapabilece\u011fin biri olsun diyorsan art\u0131k tam da istedi\u011fin gibi bir yol arkada\u015f\u0131n var. D\u00f6rt mevsim boyunca kendini yenilenmi\u015f, rahatlam\u0131\u015f hissedecek, yazarak ya\u015fam\u0131nda iz b\u0131rakman\u0131n tad\u0131na varacaks\u0131n. \u0130yi ki D\u00f6rt Mevsimlik G\u00fcnl\u00fc\u011f\u00fcm var diyece\u011fin umut, sevgi ve ne\u015fe dolu yeni bir d\u00f6nem seni bekliyor<\/p>\n","protected":false},"excerpt":{"rendered":"<p>Ya\u015famda iz b\u0131rakman\u0131n tad\u0131 bu g\u00fcnl\u00fckte&#8230; D\u00f6rt Mevsimlik G\u00fcnl\u00fc\u011f\u00fcm ne tek ba\u015f\u0131na bir ajanda ne sadece bir not defteri ne de yaln\u0131zca tarihsiz bir planlay\u0131c\u0131. D\u00f6rt<span class=\"excerpt-hellip\"> [\u2026]<\/span><\/p>\n","protected":false},"featured_media":0,"template":"","meta":{"_monsterinsights_skip_tracking":false,"_monsterinsights_sitenote_active":false,"_monsterinsights_sitenote_note":"","_monsterinsights_sitenote_category":0},"product_brand":[],"product_cat":[12364,12376],"product_tag":[],"class_list":{"0":"post-756205","1":"product","2":"type-product","3":"status-publish","5":"product_cat-genel-konular","6":"product_cat-kisisel-gelisim","7":"pa_cilt-ciltli","8":"pa_tur-kitap","9":"pa_yayinevi-remzi-kitabevi","10":"pa_yazar-binhan-dirilgen-ozlem-gocek-feyzan-okmen","12":"first","13":"instock","14":"sale","15":"shipping-taxable","16":"purchasable","17":"product-type-simple"},"_links":{"self":[{"href":"https:\/\/roveyayinevi.com.tr\/index.php\/wp-json\/wp\/v2\/product\/756205","targetHints":{"allow":["GET"]}}],"collection":[{"href":"https:\/\/roveyayinevi.com.tr\/index.php\/wp-json\/wp\/v2\/product"}],"about":[{"href":"https:\/\/roveyayinevi.com.tr\/index.php\/wp-json\/wp\/v2\/types\/product"}],"wp:attachment":[{"href":"https:\/\/roveyayinevi.com.tr\/index.php\/wp-json\/wp\/v2\/media?parent=756205"}],"wp:term":[{"taxonomy":"product_brand","embeddable":true,"href":"https:\/\/roveyayinevi.com.tr\/index.php\/wp-json\/wp\/v2\/product_brand?post=756205"},{"taxonomy":"product_cat","embeddable":true,"href":"https:\/\/roveyayinevi.com.tr\/index.php\/wp-json\/wp\/v2\/product_cat?post=756205"},{"taxonomy":"product_tag","embeddable":true,"href":"https:\/\/roveyayinevi.com.tr\/index.php\/wp-json\/wp\/v2\/product_tag?post=756205"}],"curies":[{"name":"wp","href":"https:\/\/api.w.org\/{rel}","templated":true}]}}