{"id":756203,"date":"2025-08-28T07:01:23","date_gmt":"2025-08-28T04:01:23","guid":{"rendered":"https:\/\/roveyayinevi.com.tr\/index.php\/urun\/alacaliklar\/"},"modified":"2026-04-16T03:09:30","modified_gmt":"2026-04-16T00:09:30","slug":"alacaliklar","status":"publish","type":"product","link":"https:\/\/roveyayinevi.com.tr\/index.php\/urun\/alacaliklar\/","title":{"rendered":"Alacal\u0131klar"},"content":{"rendered":"<p>\u0130sve\u00e7 edebiyat\u0131n\u0131n b\u00fcy\u00fck yazarlar\u0131ndan August Strindberg, altm\u0131\u015f\u0131 a\u015fk\u0131n oyunuyla yaln\u0131zca do\u011fdu\u011fu \u00fclkede de\u011fil Avrupa ve Amerika tiyatrolar\u0131nda da \u00f6nemli izler b\u0131rakt\u0131. Ayn\u0131 zamanda nat\u00fcralist tiyatronun da \u00f6nc\u00fcs\u00fc say\u0131lan Strindberg\u2019\u0131n s\u0131k\u00e7a sahnelenen trajikomedisi Alacakl\u0131lar, yazar\u0131n en \u00e7arp\u0131c\u0131 oyunlar\u0131ndan biri olarak de\u011ferlendirilir.   Bir pansiyon odas\u0131nda, evli bir \u00e7ift ve bir adam\u0131n aras\u0131nda ge\u00e7en oyunda, evlili\u011fe ve kad\u0131n erkek ili\u015fkilerine dair herkesin bildi\u011fi ancak sesli s\u00f6yleyemedi\u011fi \u015feyleri a\u00e7\u0131k eder Strindberg. Yazar Tekla ve ressam kocas\u0131 Adolf\u2019un evlilikleri, yan odadaki tuhaf misafir Gustav\u2019\u0131n sordu\u011fu detayl\u0131 sorularla ciddi bir s\u0131nava tabi tutulur. Alacakl\u0131lar, Strindberg\u2019\u0131n \u201cen olgun \u00e7al\u0131\u015fmam\u201d olarak de\u011ferlendirdi\u011fi, k\u0131sa, ancak uzun s\u00fcre tesiri alt\u0131na alan \u00f6nemli bir eser. <\/p>\n","protected":false},"excerpt":{"rendered":"<p>\u0130sve\u00e7 edebiyat\u0131n\u0131n b\u00fcy\u00fck yazarlar\u0131ndan August Strindberg, altm\u0131\u015f\u0131 a\u015fk\u0131n oyunuyla yaln\u0131zca do\u011fdu\u011fu \u00fclkede de\u011fil Avrupa ve Amerika tiyatrolar\u0131nda da \u00f6nemli izler b\u0131rakt\u0131. Ayn\u0131 zamanda nat\u00fcralist tiyatronun da<span class=\"excerpt-hellip\"> [\u2026]<\/span><\/p>\n","protected":false},"featured_media":0,"template":"","meta":{"_monsterinsights_skip_tracking":false,"_monsterinsights_sitenote_active":false,"_monsterinsights_sitenote_note":"","_monsterinsights_sitenote_category":0},"product_brand":[],"product_cat":[12291,14272],"product_tag":[],"class_list":{"0":"post-756203","1":"product","2":"type-product","3":"status-publish","5":"product_cat-edebiyat","6":"product_cat-tiyatro","7":"pa_cilt-ciltsiz","8":"pa_tur-kitap","9":"pa_yayinevi-can-yayinlari","10":"pa_yazar-august-strindberg","12":"first","13":"instock","14":"sale","15":"shipping-taxable","16":"purchasable","17":"product-type-simple"},"_links":{"self":[{"href":"https:\/\/roveyayinevi.com.tr\/index.php\/wp-json\/wp\/v2\/product\/756203","targetHints":{"allow":["GET"]}}],"collection":[{"href":"https:\/\/roveyayinevi.com.tr\/index.php\/wp-json\/wp\/v2\/product"}],"about":[{"href":"https:\/\/roveyayinevi.com.tr\/index.php\/wp-json\/wp\/v2\/types\/product"}],"wp:attachment":[{"href":"https:\/\/roveyayinevi.com.tr\/index.php\/wp-json\/wp\/v2\/media?parent=756203"}],"wp:term":[{"taxonomy":"product_brand","embeddable":true,"href":"https:\/\/roveyayinevi.com.tr\/index.php\/wp-json\/wp\/v2\/product_brand?post=756203"},{"taxonomy":"product_cat","embeddable":true,"href":"https:\/\/roveyayinevi.com.tr\/index.php\/wp-json\/wp\/v2\/product_cat?post=756203"},{"taxonomy":"product_tag","embeddable":true,"href":"https:\/\/roveyayinevi.com.tr\/index.php\/wp-json\/wp\/v2\/product_tag?post=756203"}],"curies":[{"name":"wp","href":"https:\/\/api.w.org\/{rel}","templated":true}]}}