{"id":756201,"date":"2025-08-28T07:01:18","date_gmt":"2025-08-28T04:01:18","guid":{"rendered":"https:\/\/roveyayinevi.com.tr\/index.php\/urun\/violeta\/"},"modified":"2026-04-16T03:09:30","modified_gmt":"2026-04-16T00:09:30","slug":"violeta","status":"publish","type":"product","link":"https:\/\/roveyayinevi.com.tr\/index.php\/urun\/violeta\/","title":{"rendered":"Violeta"},"content":{"rendered":"<p>Violeta, 1920 y\u0131l\u0131n\u0131n f\u0131rt\u0131nal\u0131 bir g\u00fcn\u00fcnde, be\u015f o\u011flu olan bir ailenin ilk k\u0131z\u0131 olarak d\u00fcnyaya gelir. Daha do\u011fdu\u011fu andan itibaren ola\u011fan\u00fcst\u00fc olaylar hayat\u0131na damga vurur: Birinci D\u00fcnya Sava\u015f\u0131\u2019n\u0131n etkileri h\u00e2l\u00e2 hissedilmektedir, \u0130spanyol gribi G\u00fcney Amerika k\u0131y\u0131lar\u0131na \u00e7oktan ula\u015fm\u0131\u015ft\u0131r. Violeta, sadece Violeta&#8217;n\u0131n y\u0131k\u0131c\u0131 kalp k\u0131r\u0131kl\u0131klar\u0131 ve tutkulu ili\u015fkilerle, yoksulluk ve zenginlikle, korkun\u00e7 kay\u0131plar ve muazzam mutluluklarla dolu y\u00fcz y\u0131ll\u0131k ya\u015fam\u0131n\u0131n de\u011fil; ayn\u0131 zamanda as\u0131rl\u0131k bir tarihe tan\u0131kl\u0131k eden kad\u0131n haklar\u0131 m\u00fccadelesi, zorbalar\u0131n y\u00fckseli\u015fiyle d\u00fc\u015f\u00fc\u015f\u00fc ve sonu\u00e7ta bir de\u011fil iki pandeminin \u015fekillendirdi\u011fi hayat\u0131n\u0131n \u00f6yk\u00fcs\u00fcd\u00fcr. Unutulmaz tutkusu, kararl\u0131l\u0131\u011f\u0131 ve mizah anlay\u0131\u015f\u0131 nedeniyle \u00f6m\u00fcr boyu b\u00fcy\u00fck de\u011fi\u015fimler ya\u015fayan bir kad\u0131n\u0131 anlatan Allende, okurlar\u0131n\u0131 bir kez daha hem b\u00fcy\u00fcleyici hem de dokunakl\u0131 bir destanla ba\u015f ba\u015fa b\u0131rak\u0131yor. <\/p>\n","protected":false},"excerpt":{"rendered":"<p>Violeta, 1920 y\u0131l\u0131n\u0131n f\u0131rt\u0131nal\u0131 bir g\u00fcn\u00fcnde, be\u015f o\u011flu olan bir ailenin ilk k\u0131z\u0131 olarak d\u00fcnyaya gelir. Daha do\u011fdu\u011fu andan itibaren ola\u011fan\u00fcst\u00fc olaylar hayat\u0131na damga vurur: Birinci<span class=\"excerpt-hellip\"> [\u2026]<\/span><\/p>\n","protected":false},"featured_media":0,"template":"","meta":{"_monsterinsights_skip_tracking":false,"_monsterinsights_sitenote_active":false,"_monsterinsights_sitenote_note":"","_monsterinsights_sitenote_category":0},"product_brand":[],"product_cat":[12291,12866],"product_tag":[],"class_list":{"0":"post-756201","1":"product","2":"type-product","3":"status-publish","5":"product_cat-edebiyat","6":"product_cat-ingiliz-edebiyati","7":"pa_cilt-ciltsiz","8":"pa_tur-kitap","9":"pa_yayinevi-can-yayinlari","10":"pa_yazar-isabel-allende","12":"first","13":"instock","14":"sale","15":"shipping-taxable","16":"purchasable","17":"product-type-simple"},"_links":{"self":[{"href":"https:\/\/roveyayinevi.com.tr\/index.php\/wp-json\/wp\/v2\/product\/756201","targetHints":{"allow":["GET"]}}],"collection":[{"href":"https:\/\/roveyayinevi.com.tr\/index.php\/wp-json\/wp\/v2\/product"}],"about":[{"href":"https:\/\/roveyayinevi.com.tr\/index.php\/wp-json\/wp\/v2\/types\/product"}],"wp:attachment":[{"href":"https:\/\/roveyayinevi.com.tr\/index.php\/wp-json\/wp\/v2\/media?parent=756201"}],"wp:term":[{"taxonomy":"product_brand","embeddable":true,"href":"https:\/\/roveyayinevi.com.tr\/index.php\/wp-json\/wp\/v2\/product_brand?post=756201"},{"taxonomy":"product_cat","embeddable":true,"href":"https:\/\/roveyayinevi.com.tr\/index.php\/wp-json\/wp\/v2\/product_cat?post=756201"},{"taxonomy":"product_tag","embeddable":true,"href":"https:\/\/roveyayinevi.com.tr\/index.php\/wp-json\/wp\/v2\/product_tag?post=756201"}],"curies":[{"name":"wp","href":"https:\/\/api.w.org\/{rel}","templated":true}]}}