{"id":756200,"date":"2025-08-28T07:01:17","date_gmt":"2025-08-28T04:01:17","guid":{"rendered":"https:\/\/roveyayinevi.com.tr\/index.php\/urun\/teo-dizisi-9-kitap-takim\/"},"modified":"2026-04-16T03:09:30","modified_gmt":"2026-04-16T00:09:30","slug":"teo-dizisi-9-kitap-takim","status":"publish","type":"product","link":"https:\/\/roveyayinevi.com.tr\/index.php\/urun\/teo-dizisi-9-kitap-takim\/","title":{"rendered":"Teo Dizisi &#8211; 9 Kitap Tak\u0131m"},"content":{"rendered":"<p>Madalyon Psikiyatri Merkezi taraf\u0131ndan onaylanan, uzman psikologlar\u0131n \u00e7ocuk yeti\u015ftiren herkese \u00f6nerdi\u011fi TEO dizisi, \u00e7ocuklar\u0131n ya\u015fad\u0131\u011f\u0131 sorunlarla ilgili alanlarda Ya\u011fmur Artukma\u00e7, P\u0131nar \u00c7ak\u0131r, Ceylannur Akg\u00fcn, \u00d6zlem S\u00fcr\u00fcc\u00fc, Rabia \u00dcnsald\u0131 K\u00f6le, Hande Ayd\u0131n, G\u00fclseren Buday\u0131c\u0131o\u011flu, \u0130pek G\u00f6kozan gibi uzman psikologlar taraf\u0131ndan haz\u0131rlanm\u0131\u015f dokuz kitaptan olu\u015fan bir set. Her kitab\u0131n ilk b\u00f6l\u00fcm\u00fcnde ya\u015fanan sorunun ve \u00e7\u00f6z\u00fcm yolunun \u00e7ocu\u011fun anlayaca\u011f\u0131 \u015fekilde anlat\u0131ld\u0131\u011f\u0131 bir resimli \u00f6yk\u00fc yer al\u0131rken, ikinci b\u00f6l\u00fcm\u00fcnde anne-babalara d\u00f6n\u00fck, uygulanabilir tavsiyeler yer al\u0131yor. Set i\u00e7inde yer alanlar kitaplar \u015funlard\u0131r: \u00b7         Teo&#8217;nun Kaka Kitab\u0131 \u00b7         Teo&#8217;nun T\u0131rnak Yeme Kitab\u0131 \u00b7         Teo&#8217;nun Gece Korkusu Kitab\u0131 \u00b7         Teo&#8217;nun Dalga Ge\u00e7me Kitab\u0131 \u00b7         Teo&#8217;nun Can S\u0131k\u0131nt\u0131s\u0131 Kitab\u0131 \u00b7         Teo&#8217;nun Tablet Kitab\u0131 \u00b7         Teo&#8217;nun &#8220;Ben Nereden Geldim?&#8221; Kitab\u0131 \u00b7         Teo&#8217;nun Zorbal\u0131k Kitab\u0131 \u00b7         Kral Teo Kitab\u0131 <\/p>\n","protected":false},"excerpt":{"rendered":"<p>Madalyon Psikiyatri Merkezi taraf\u0131ndan onaylanan, uzman psikologlar\u0131n \u00e7ocuk yeti\u015ftiren herkese \u00f6nerdi\u011fi TEO dizisi, \u00e7ocuklar\u0131n ya\u015fad\u0131\u011f\u0131 sorunlarla ilgili alanlarda Ya\u011fmur Artukma\u00e7, P\u0131nar \u00c7ak\u0131r, Ceylannur Akg\u00fcn, \u00d6zlem S\u00fcr\u00fcc\u00fc,<span class=\"excerpt-hellip\"> [\u2026]<\/span><\/p>\n","protected":false},"featured_media":0,"template":"","meta":{"_monsterinsights_skip_tracking":false,"_monsterinsights_sitenote_active":false,"_monsterinsights_sitenote_note":"","_monsterinsights_sitenote_category":0},"product_brand":[],"product_cat":[12357],"product_tag":[],"class_list":{"0":"post-756200","1":"product","2":"type-product","3":"status-publish","5":"product_cat-psikoloji","6":"pa_cilt-ciltsiz","7":"pa_tur-kitap","8":"pa_yayinevi-bilgi-yayinevi","9":"pa_yazar-kolektif","11":"first","12":"instock","13":"sale","14":"shipping-taxable","15":"purchasable","16":"product-type-simple"},"_links":{"self":[{"href":"https:\/\/roveyayinevi.com.tr\/index.php\/wp-json\/wp\/v2\/product\/756200","targetHints":{"allow":["GET"]}}],"collection":[{"href":"https:\/\/roveyayinevi.com.tr\/index.php\/wp-json\/wp\/v2\/product"}],"about":[{"href":"https:\/\/roveyayinevi.com.tr\/index.php\/wp-json\/wp\/v2\/types\/product"}],"wp:attachment":[{"href":"https:\/\/roveyayinevi.com.tr\/index.php\/wp-json\/wp\/v2\/media?parent=756200"}],"wp:term":[{"taxonomy":"product_brand","embeddable":true,"href":"https:\/\/roveyayinevi.com.tr\/index.php\/wp-json\/wp\/v2\/product_brand?post=756200"},{"taxonomy":"product_cat","embeddable":true,"href":"https:\/\/roveyayinevi.com.tr\/index.php\/wp-json\/wp\/v2\/product_cat?post=756200"},{"taxonomy":"product_tag","embeddable":true,"href":"https:\/\/roveyayinevi.com.tr\/index.php\/wp-json\/wp\/v2\/product_tag?post=756200"}],"curies":[{"name":"wp","href":"https:\/\/api.w.org\/{rel}","templated":true}]}}