{"id":756199,"date":"2025-08-28T07:01:14","date_gmt":"2025-08-28T04:01:14","guid":{"rendered":"https:\/\/roveyayinevi.com.tr\/index.php\/urun\/zaman-polisi-3-zaman-kazanmak\/"},"modified":"2026-04-16T03:09:30","modified_gmt":"2026-04-16T00:09:30","slug":"zaman-polisi-3-zaman-kazanmak","status":"publish","type":"product","link":"https:\/\/roveyayinevi.com.tr\/index.php\/urun\/zaman-polisi-3-zaman-kazanmak\/","title":{"rendered":"Zaman Polisi 3: Zaman Kazanmak"},"content":{"rendered":"<p>Uluslararas\u0131 \u00c7ok Satan.   \u00c7ok satan St Mary\u2019s G\u00fcnl\u00fckleri yazar\u0131ndan.   Hayat, art\u0131k kahraman ve tam anlam\u0131yla zaman polisi olmay\u0131 ba\u015faran Tuhaf Ekip i\u00e7in iyi gidiyor. Luke silahlanmak i\u00e7in sab\u0131rs\u0131zlan\u0131yor. Jane bir bulu\u015fmaya gidecek. Ve Matthew hala sa\u00e7lar\u0131n\u0131 kestirmedi. Ama Zaman kimseyi beklemez, su\u00e7 dehalar\u0131 da \u00f6yle. Zaman \u00c7izgisi i\u00e7in b\u00fcy\u00fck bir tehlike yakla\u015f\u0131yor, tarihi de\u011fi\u015ftirmek isteyen basit aptallardan \u00e7ok daha \u00f6l\u00fcmc\u00fcl bir \u015fey. Ve tan\u0131d\u0131k bir y\u00fcz \u00d6nemli Bir Lidere d\u00f6n\u00fc\u015ft\u00fc\u011f\u00fcnde, aile ili\u015fkilerini isle kar\u0131\u015ft\u0131rmak Tuhaf Ekip i\u00e7in sorun yaratacak m\u0131?   Biri kay\u0131p. Di\u011feri su\u00e7luluk duygusuyla bo\u011fu\u015fuyor. Ve di\u011feri de Zaman Polisindeki kariyeri daha ba\u015flamadan bitme ihtimaliyle y\u00fczle\u015fiyor. Asl\u0131nda o kadar da iyi de\u011filmi\u015f \u00f6yleyse.   Doctor Who, Thursday Murder Club ve Jasper Fforde hayranlar\u0131 i\u00e7in.   Zaman Polisini seven okuyuculardan yorumlar:   \u201cBe\u015f y\u0131ld\u0131z vermemin sebebi alt\u0131 y\u0131ld\u0131z veremememdir!\u201d   \u201cBir kitab\u0131 okurken bu kadar s\u0131k y\u00fcksek sesle g\u00fcld\u00fc\u011f\u00fcm\u00fc hat\u0131rlam\u0131yorum.\u201d   \u201cJodi Taylor\u2019\u0131n kitaplar\u0131n\u0131 bitirdi\u011fimde, bir sonrakini beklemem gerekti\u011fini bildi\u011fim i\u00e7in her zaman i\u00e7im burkuluyor.\u201d   \u201cNe\u015feli, \u00e7ok h\u0131zl\u0131 maceralar.\u201d   \u201cBu seriyi uzat\u0131n l\u00fctfen.\u201d   \u201cBu kitap M\u00dcKEMMEL.\u201d   \u201cZekice tasarlanm\u0131\u015f ve kusursuzca yaz\u0131lm\u0131\u015f.\u201d <\/p>\n","protected":false},"excerpt":{"rendered":"<p>Uluslararas\u0131 \u00c7ok Satan. \u00c7ok satan St Mary\u2019s G\u00fcnl\u00fckleri yazar\u0131ndan. Hayat, art\u0131k kahraman ve tam anlam\u0131yla zaman polisi olmay\u0131 ba\u015faran Tuhaf Ekip i\u00e7in iyi gidiyor. Luke silahlanmak<span class=\"excerpt-hellip\"> [\u2026]<\/span><\/p>\n","protected":false},"featured_media":0,"template":"","meta":{"_monsterinsights_skip_tracking":false,"_monsterinsights_sitenote_active":false,"_monsterinsights_sitenote_note":"","_monsterinsights_sitenote_category":0},"product_brand":[],"product_cat":[12540,12291],"product_tag":[],"class_list":{"0":"post-756199","1":"product","2":"type-product","3":"status-publish","5":"product_cat-bilim-kurgu","6":"product_cat-edebiyat","7":"pa_cilt-ciltsiz","8":"pa_tur-kitap","9":"pa_yayinevi-theseus-yayinevi","10":"pa_yazar-jodi-taylor","12":"first","13":"instock","14":"sale","15":"shipping-taxable","16":"purchasable","17":"product-type-simple"},"_links":{"self":[{"href":"https:\/\/roveyayinevi.com.tr\/index.php\/wp-json\/wp\/v2\/product\/756199","targetHints":{"allow":["GET"]}}],"collection":[{"href":"https:\/\/roveyayinevi.com.tr\/index.php\/wp-json\/wp\/v2\/product"}],"about":[{"href":"https:\/\/roveyayinevi.com.tr\/index.php\/wp-json\/wp\/v2\/types\/product"}],"wp:attachment":[{"href":"https:\/\/roveyayinevi.com.tr\/index.php\/wp-json\/wp\/v2\/media?parent=756199"}],"wp:term":[{"taxonomy":"product_brand","embeddable":true,"href":"https:\/\/roveyayinevi.com.tr\/index.php\/wp-json\/wp\/v2\/product_brand?post=756199"},{"taxonomy":"product_cat","embeddable":true,"href":"https:\/\/roveyayinevi.com.tr\/index.php\/wp-json\/wp\/v2\/product_cat?post=756199"},{"taxonomy":"product_tag","embeddable":true,"href":"https:\/\/roveyayinevi.com.tr\/index.php\/wp-json\/wp\/v2\/product_tag?post=756199"}],"curies":[{"name":"wp","href":"https:\/\/api.w.org\/{rel}","templated":true}]}}